{"id":249,"date":"2023-01-28T17:33:23","date_gmt":"2023-01-28T17:33:23","guid":{"rendered":"https:\/\/villageviking.com\/?page_id=249"},"modified":"2026-04-17T01:25:22","modified_gmt":"2026-04-17T01:25:22","slug":"ou-nous-trouver","status":"publish","type":"page","link":"https:\/\/villageviking.com\/en\/ou-nous-trouver\/","title":{"rendered":"O\u00f9 nous trouver"},"content":{"rendered":"\n<div class=\"wp-block-cover alignfull is-style-default\" style=\"min-height:500px;aspect-ratio:unset;\"><img loading=\"lazy\" decoding=\"async\" width=\"2560\" height=\"1707\" class=\"wp-block-cover__image-background wp-image-55\" alt=\"\" src=\"http:\/\/villageviking.com\/wp-content\/uploads\/2023\/01\/Preouverture2022-17-scaled.jpg\" style=\"object-position:53% 29%\" data-object-fit=\"cover\" data-object-position=\"53% 29%\" srcset=\"https:\/\/villageviking.com\/wp-content\/uploads\/2023\/01\/Preouverture2022-17-scaled.jpg 2560w, https:\/\/villageviking.com\/wp-content\/uploads\/2023\/01\/Preouverture2022-17-scaled-600x400.jpg 600w, https:\/\/villageviking.com\/wp-content\/uploads\/2023\/01\/Preouverture2022-17-300x200.jpg 300w, https:\/\/villageviking.com\/wp-content\/uploads\/2023\/01\/Preouverture2022-17-1024x683.jpg 1024w, https:\/\/villageviking.com\/wp-content\/uploads\/2023\/01\/Preouverture2022-17-768x512.jpg 768w, https:\/\/villageviking.com\/wp-content\/uploads\/2023\/01\/Preouverture2022-17-1536x1024.jpg 1536w, https:\/\/villageviking.com\/wp-content\/uploads\/2023\/01\/Preouverture2022-17-2048x1365.jpg 2048w, https:\/\/villageviking.com\/wp-content\/uploads\/2023\/01\/Preouverture2022-17-100x67.jpg 100w\" sizes=\"auto, (max-width: 2560px) 100vw, 2560px\" \/><span aria-hidden=\"true\" class=\"wp-block-cover__background has-background-dim-10 has-background-dim\"><\/span><div class=\"wp-block-cover__inner-container is-layout-flow wp-block-cover-is-layout-flow\">\n<h1 class=\"wp-block-heading has-text-align-center has-palette-color-6-color has-text-color has-link-color has-times-new-roman-font-family has-custom-font wp-elements-a7c661205705abec5d2f2f4458af6159\" id=\"Page_Title_White\" style=\"font-size:62px;font-family:Times New Roman\"><em>Un village Viking en plein c\u0153ur de Charlevoix \u00e0 St-Sim\u00e9on<\/em><\/h1>\n\n\n\n<p><\/p>\n<\/div><\/div>\n\n\n\n<h2 class=\"wp-block-heading alignwide has-text-align-center\" style=\"font-size:clamp(27.894px, 1.743rem + ((1vw - 3.2px) * 1.571), 48px);\">Nous avons la chance de vous recevoir dans un d\u00e9cor bucolique dans la r\u00e9gion de Charlevoix<\/h2>\n\n\n\n<div style=\"height:40px\" aria-hidden=\"true\" class=\"wp-block-spacer\"><\/div>\n\n\n\n<div class=\"wp-block-columns alignwide are-vertically-aligned-center is-layout-flex wp-container-core-columns-is-layout-28f84493 wp-block-columns-is-layout-flex\">\n<div class=\"wp-block-column is-vertically-aligned-center is-layout-flow wp-block-column-is-layout-flow\">\n<iframe src=\"https:\/\/www.google.com\/maps\/embed?pb=!1m18!1m12!1m3!1d2538.8523818938825!2d-69.89182442055642!3d47.825487933563224!2m3!1f0!2f0!3f0!3m2!1i1024!2i768!4f13.1!3m3!1m2!1s0x4cbe4d5dc702eeef%3A0xceeb1a670b220765!2sVillage%20Viking%20H%C3%B3p!5e1!3m2!1sfr!2sca!4v1775337948769!5m2!1sfr!2sca\" width=\"600\" height=\"450\" style=\"border:0;\" allowfullscreen=\"\" loading=\"lazy\" referrerpolicy=\"no-referrer-when-downgrade\"><\/iframe>\n<\/div>\n\n\n\n<div class=\"wp-block-column is-vertically-aligned-center is-layout-flow wp-block-column-is-layout-flow\">\n<h3 class=\"wp-block-heading has-text-align-center\">Voici une carte pour vous aider \u00e0 nous trouver!<\/h3>\n\n\n\n<p class=\"has-text-align-center\">870, Rue St-Laurent, Saint-Sim\u00e9on, Qu\u00e9bec, G0T 1X0<\/p>\n\n\n\n<p class=\"has-text-align-center\">T\u00e9l\u00e9phone: 581-446-9286<\/p>\n\n\n\n<p class=\"has-text-align-center\">Courriel: villagevikinghop@gmail.com <\/p>\n<\/div>\n<\/div>\n\n\n\n<h3 class=\"wp-block-heading alignwide has-text-align-center\">Vous serez plong\u00e9 dans une immersion \u00e0 l&#8217;\u00e8re Viking, en passant par la route 138!<\/h3>\n","protected":false},"excerpt":{"rendered":"<p>Nous avons la chance de vous recevoir dans un d\u00e9cor bucolique dans la r\u00e9gion de Charlevoix Voici une carte pour vous aider \u00e0 nous trouver! 870, Rue St-Laurent, Saint-Sim\u00e9on, Qu\u00e9bec, G0T 1X0 T\u00e9l\u00e9phone: 581-446-9286 Courriel: villagevikinghop@gmail.com Vous serez plong\u00e9 dans une immersion \u00e0 l&#8217;\u00e8re Viking, en passant par la route 138!<\/p>\n","protected":false},"author":4,"featured_media":0,"parent":0,"menu_order":0,"comment_status":"closed","ping_status":"closed","template":"","meta":{"_coblocks_attr":"Times New Roman","_coblocks_dimensions":"","_coblocks_responsive_height":"","_coblocks_accordion_ie_support":"","footnotes":""},"class_list":["post-249","page","type-page","status-publish","hentry"],"blocksy_meta":[],"yoast_head":"<!-- This site is optimized with the Yoast SEO plugin v27.5 - https:\/\/yoast.com\/product\/yoast-seo-wordpress\/ -->\n<title>O\u00f9 nous trouver<\/title>\n<meta name=\"robots\" content=\"index, follow, max-snippet:-1, max-image-preview:large, max-video-preview:-1\" \/>\n<link rel=\"canonical\" href=\"https:\/\/villageviking.com\/en\/ou-nous-trouver\/\" \/>\n<meta property=\"og:locale\" content=\"en_US\" \/>\n<meta property=\"og:locale:alternate\" content=\"fr_FR\" \/>\n<meta property=\"og:type\" content=\"article\" \/>\n<meta property=\"og:title\" content=\"O\u00f9 nous trouver\" \/>\n<meta property=\"og:description\" content=\"Nous avons la chance de vous recevoir dans un d\u00e9cor bucolique dans la r\u00e9gion de Charlevoix Voici une carte pour vous aider \u00e0 nous trouver! 870, Rue St-Laurent, Saint-Sim\u00e9on, Qu\u00e9bec, G0T 1X0 T\u00e9l\u00e9phone: 581-446-9286 Courriel: villagevikinghop@gmail.com Vous serez plong\u00e9 dans une immersion \u00e0 l&#8217;\u00e8re Viking, en passant par la route 138!\" \/>\n<meta property=\"og:url\" content=\"https:\/\/villageviking.com\/en\/ou-nous-trouver\/\" \/>\n<meta property=\"og:site_name\" content=\"Village Viking H\u00f3p\" \/>\n<meta property=\"article:publisher\" content=\"https:\/\/www.facebook.com\/profile.php?id=100083109181728\" \/>\n<meta property=\"article:modified_time\" content=\"2026-04-17T01:25:22+00:00\" \/>\n<meta property=\"og:image\" content=\"https:\/\/villageviking.com\/wp-content\/uploads\/2023\/01\/Preouverture2022-17-scaled.jpg\" \/>\n\t<meta property=\"og:image:width\" content=\"2560\" \/>\n\t<meta property=\"og:image:height\" content=\"1707\" \/>\n\t<meta property=\"og:image:type\" content=\"image\/jpeg\" \/>\n<meta name=\"twitter:card\" content=\"summary_large_image\" \/>\n<meta name=\"twitter:label1\" content=\"Est. reading time\" \/>\n\t<meta name=\"twitter:data1\" content=\"1 minute\" \/>\n<script type=\"application\/ld+json\" class=\"yoast-schema-graph\">{\"@context\":\"https:\\\/\\\/schema.org\",\"@graph\":[{\"@type\":\"WebPage\",\"@id\":\"https:\\\/\\\/villageviking.com\\\/ou-nous-trouver\\\/\",\"url\":\"https:\\\/\\\/villageviking.com\\\/ou-nous-trouver\\\/\",\"name\":\"O\u00f9 nous trouver\",\"isPartOf\":{\"@id\":\"https:\\\/\\\/villageviking.com\\\/#website\"},\"primaryImageOfPage\":{\"@id\":\"https:\\\/\\\/villageviking.com\\\/ou-nous-trouver\\\/#primaryimage\"},\"image\":{\"@id\":\"https:\\\/\\\/villageviking.com\\\/ou-nous-trouver\\\/#primaryimage\"},\"thumbnailUrl\":\"http:\\\/\\\/villageviking.com\\\/wp-content\\\/uploads\\\/2023\\\/01\\\/Preouverture2022-17-scaled.jpg\",\"datePublished\":\"2023-01-28T17:33:23+00:00\",\"dateModified\":\"2026-04-17T01:25:22+00:00\",\"breadcrumb\":{\"@id\":\"https:\\\/\\\/villageviking.com\\\/ou-nous-trouver\\\/#breadcrumb\"},\"inLanguage\":\"en-US\",\"potentialAction\":[{\"@type\":\"ReadAction\",\"target\":[\"https:\\\/\\\/villageviking.com\\\/ou-nous-trouver\\\/\"]}]},{\"@type\":\"ImageObject\",\"inLanguage\":\"en-US\",\"@id\":\"https:\\\/\\\/villageviking.com\\\/ou-nous-trouver\\\/#primaryimage\",\"url\":\"http:\\\/\\\/villageviking.com\\\/wp-content\\\/uploads\\\/2023\\\/01\\\/Preouverture2022-17-scaled.jpg\",\"contentUrl\":\"http:\\\/\\\/villageviking.com\\\/wp-content\\\/uploads\\\/2023\\\/01\\\/Preouverture2022-17-scaled.jpg\"},{\"@type\":\"BreadcrumbList\",\"@id\":\"https:\\\/\\\/villageviking.com\\\/ou-nous-trouver\\\/#breadcrumb\",\"itemListElement\":[{\"@type\":\"ListItem\",\"position\":1,\"name\":\"Accueil\",\"item\":\"https:\\\/\\\/villageviking.com\\\/\"},{\"@type\":\"ListItem\",\"position\":2,\"name\":\"O\u00f9 nous trouver\"}]},{\"@type\":\"WebSite\",\"@id\":\"https:\\\/\\\/villageviking.com\\\/#website\",\"url\":\"https:\\\/\\\/villageviking.com\\\/\",\"name\":\"Village Viking H\u00f3p\",\"description\":\"\",\"publisher\":{\"@id\":\"https:\\\/\\\/villageviking.com\\\/#organization\"},\"potentialAction\":[{\"@type\":\"SearchAction\",\"target\":{\"@type\":\"EntryPoint\",\"urlTemplate\":\"https:\\\/\\\/villageviking.com\\\/?s={search_term_string}\"},\"query-input\":{\"@type\":\"PropertyValueSpecification\",\"valueRequired\":true,\"valueName\":\"search_term_string\"}}],\"inLanguage\":\"en-US\"},{\"@type\":\"Organization\",\"@id\":\"https:\\\/\\\/villageviking.com\\\/#organization\",\"name\":\"Village Viking H\u00f3p\",\"alternateName\":\"Village Viking\",\"url\":\"https:\\\/\\\/villageviking.com\\\/\",\"logo\":{\"@type\":\"ImageObject\",\"inLanguage\":\"en-US\",\"@id\":\"https:\\\/\\\/villageviking.com\\\/#\\\/schema\\\/logo\\\/image\\\/\",\"url\":\"https:\\\/\\\/villageviking.com\\\/wp-content\\\/uploads\\\/2023\\\/01\\\/cropped-Logotype_HOP_noir_.png\",\"contentUrl\":\"https:\\\/\\\/villageviking.com\\\/wp-content\\\/uploads\\\/2023\\\/01\\\/cropped-Logotype_HOP_noir_.png\",\"width\":2103,\"height\":1062,\"caption\":\"Village Viking H\u00f3p\"},\"image\":{\"@id\":\"https:\\\/\\\/villageviking.com\\\/#\\\/schema\\\/logo\\\/image\\\/\"},\"sameAs\":[\"https:\\\/\\\/www.facebook.com\\\/profile.php?id=100083109181728\",\"https:\\\/\\\/www.instagram.com\\\/hop_viking_village\\\/\",\"https:\\\/\\\/www.tiktok.com\\\/@villagevikinghop\"]}]}<\/script>\n<!-- \/ Yoast SEO plugin. -->","yoast_head_json":{"title":"O\u00f9 nous trouver","robots":{"index":"index","follow":"follow","max-snippet":"max-snippet:-1","max-image-preview":"max-image-preview:large","max-video-preview":"max-video-preview:-1"},"canonical":"https:\/\/villageviking.com\/en\/ou-nous-trouver\/","og_locale":"en_US","og_type":"article","og_title":"[:fr]O\u00f9 nous trouver[:] - Village Viking H\u00f3p","og_description":"Nous avons la chance de vous recevoir dans un d\u00e9cor bucolique dans la r\u00e9gion de Charlevoix Voici une carte pour vous aider \u00e0 nous trouver! 870, Rue St-Laurent, Saint-Sim\u00e9on, Qu\u00e9bec, G0T 1X0 T\u00e9l\u00e9phone: 581-446-9286 Courriel: villagevikinghop@gmail.com Vous serez plong\u00e9 dans une immersion \u00e0 l&#8217;\u00e8re Viking, en passant par la route 138!","og_url":"https:\/\/villageviking.com\/en\/ou-nous-trouver\/","og_site_name":"Village Viking H\u00f3p","article_publisher":"https:\/\/www.facebook.com\/profile.php?id=100083109181728","article_modified_time":"2026-04-17T01:25:22+00:00","og_image":[{"width":2560,"height":1707,"url":"https:\/\/villageviking.com\/wp-content\/uploads\/2023\/01\/Preouverture2022-17-scaled.jpg","type":"image\/jpeg"}],"twitter_card":"summary_large_image","twitter_misc":{"Est. reading time":"1 minute"},"schema":{"@context":"https:\/\/schema.org","@graph":[{"@type":"WebPage","@id":"https:\/\/villageviking.com\/ou-nous-trouver\/","url":"https:\/\/villageviking.com\/ou-nous-trouver\/","name":"O\u00f9 nous trouver","isPartOf":{"@id":"https:\/\/villageviking.com\/#website"},"primaryImageOfPage":{"@id":"https:\/\/villageviking.com\/ou-nous-trouver\/#primaryimage"},"image":{"@id":"https:\/\/villageviking.com\/ou-nous-trouver\/#primaryimage"},"thumbnailUrl":"http:\/\/villageviking.com\/wp-content\/uploads\/2023\/01\/Preouverture2022-17-scaled.jpg","datePublished":"2023-01-28T17:33:23+00:00","dateModified":"2026-04-17T01:25:22+00:00","breadcrumb":{"@id":"https:\/\/villageviking.com\/ou-nous-trouver\/#breadcrumb"},"inLanguage":"en-US","potentialAction":[{"@type":"ReadAction","target":["https:\/\/villageviking.com\/ou-nous-trouver\/"]}]},{"@type":"ImageObject","inLanguage":"en-US","@id":"https:\/\/villageviking.com\/ou-nous-trouver\/#primaryimage","url":"http:\/\/villageviking.com\/wp-content\/uploads\/2023\/01\/Preouverture2022-17-scaled.jpg","contentUrl":"http:\/\/villageviking.com\/wp-content\/uploads\/2023\/01\/Preouverture2022-17-scaled.jpg"},{"@type":"BreadcrumbList","@id":"https:\/\/villageviking.com\/ou-nous-trouver\/#breadcrumb","itemListElement":[{"@type":"ListItem","position":1,"name":"Accueil","item":"https:\/\/villageviking.com\/"},{"@type":"ListItem","position":2,"name":"O\u00f9 nous trouver"}]},{"@type":"WebSite","@id":"https:\/\/villageviking.com\/#website","url":"https:\/\/villageviking.com\/","name":"Village Viking H\u00f3p","description":"","publisher":{"@id":"https:\/\/villageviking.com\/#organization"},"potentialAction":[{"@type":"SearchAction","target":{"@type":"EntryPoint","urlTemplate":"https:\/\/villageviking.com\/?s={search_term_string}"},"query-input":{"@type":"PropertyValueSpecification","valueRequired":true,"valueName":"search_term_string"}}],"inLanguage":"en-US"},{"@type":"Organization","@id":"https:\/\/villageviking.com\/#organization","name":"Village Viking H\u00f3p","alternateName":"Village Viking","url":"https:\/\/villageviking.com\/","logo":{"@type":"ImageObject","inLanguage":"en-US","@id":"https:\/\/villageviking.com\/#\/schema\/logo\/image\/","url":"https:\/\/villageviking.com\/wp-content\/uploads\/2023\/01\/cropped-Logotype_HOP_noir_.png","contentUrl":"https:\/\/villageviking.com\/wp-content\/uploads\/2023\/01\/cropped-Logotype_HOP_noir_.png","width":2103,"height":1062,"caption":"Village Viking H\u00f3p"},"image":{"@id":"https:\/\/villageviking.com\/#\/schema\/logo\/image\/"},"sameAs":["https:\/\/www.facebook.com\/profile.php?id=100083109181728","https:\/\/www.instagram.com\/hop_viking_village\/","https:\/\/www.tiktok.com\/@villagevikinghop"]}]}},"jetpack_sharing_enabled":true,"_links":{"self":[{"href":"https:\/\/villageviking.com\/en\/wp-json\/wp\/v2\/pages\/249","targetHints":{"allow":["GET"]}}],"collection":[{"href":"https:\/\/villageviking.com\/en\/wp-json\/wp\/v2\/pages"}],"about":[{"href":"https:\/\/villageviking.com\/en\/wp-json\/wp\/v2\/types\/page"}],"author":[{"embeddable":true,"href":"https:\/\/villageviking.com\/en\/wp-json\/wp\/v2\/users\/4"}],"replies":[{"embeddable":true,"href":"https:\/\/villageviking.com\/en\/wp-json\/wp\/v2\/comments?post=249"}],"version-history":[{"count":5,"href":"https:\/\/villageviking.com\/en\/wp-json\/wp\/v2\/pages\/249\/revisions"}],"predecessor-version":[{"id":3926,"href":"https:\/\/villageviking.com\/en\/wp-json\/wp\/v2\/pages\/249\/revisions\/3926"}],"wp:attachment":[{"href":"https:\/\/villageviking.com\/en\/wp-json\/wp\/v2\/media?parent=249"}],"curies":[{"name":"wp","href":"https:\/\/api.w.org\/{rel}","templated":true}]}}