{"id":254,"date":"2023-01-28T17:38:30","date_gmt":"2023-01-28T17:38:30","guid":{"rendered":"https:\/\/villageviking.com\/?page_id=254"},"modified":"2026-04-17T01:27:09","modified_gmt":"2026-04-17T01:27:09","slug":"qui-sommes-nous","status":"publish","type":"page","link":"https:\/\/villageviking.com\/en\/qui-sommes-nous\/","title":{"rendered":"Qui sommes nous"},"content":{"rendered":"\n<div class=\"wp-block-cover alignfull is-style-default\" style=\"min-height:500px;aspect-ratio:unset;\"><img loading=\"lazy\" decoding=\"async\" width=\"2560\" height=\"1707\" class=\"wp-block-cover__image-background wp-image-55\" alt=\"\" src=\"http:\/\/villageviking.com\/wp-content\/uploads\/2023\/01\/Preouverture2022-17-scaled.jpg\" style=\"object-position:53% 29%\" data-object-fit=\"cover\" data-object-position=\"53% 29%\" srcset=\"https:\/\/villageviking.com\/wp-content\/uploads\/2023\/01\/Preouverture2022-17-scaled.jpg 2560w, https:\/\/villageviking.com\/wp-content\/uploads\/2023\/01\/Preouverture2022-17-scaled-600x400.jpg 600w, https:\/\/villageviking.com\/wp-content\/uploads\/2023\/01\/Preouverture2022-17-300x200.jpg 300w, https:\/\/villageviking.com\/wp-content\/uploads\/2023\/01\/Preouverture2022-17-1024x683.jpg 1024w, https:\/\/villageviking.com\/wp-content\/uploads\/2023\/01\/Preouverture2022-17-768x512.jpg 768w, https:\/\/villageviking.com\/wp-content\/uploads\/2023\/01\/Preouverture2022-17-1536x1024.jpg 1536w, https:\/\/villageviking.com\/wp-content\/uploads\/2023\/01\/Preouverture2022-17-2048x1365.jpg 2048w, https:\/\/villageviking.com\/wp-content\/uploads\/2023\/01\/Preouverture2022-17-100x67.jpg 100w\" sizes=\"auto, (max-width: 2560px) 100vw, 2560px\" \/><span aria-hidden=\"true\" class=\"wp-block-cover__background has-background-dim-10 has-background-dim\"><\/span><div class=\"wp-block-cover__inner-container is-layout-flow wp-block-cover-is-layout-flow\">\n<h1 class=\"wp-block-heading has-text-align-center has-palette-color-6-color has-text-color\" id=\"Page_Title_White\" style=\"font-size:clamp(32.518px, 2.032rem + ((1vw - 3.2px) * 1.991), 58px);\">Qui sommes nous? <\/h1>\n\n\n\n<p><\/p>\n<\/div><\/div>\n\n\n\n<div class=\"wp-block-columns alignwide is-layout-flex wp-container-core-columns-is-layout-28f84493 wp-block-columns-is-layout-flex\">\n<div class=\"wp-block-column is-vertically-aligned-center is-layout-flow wp-block-column-is-layout-flow\">\n<figure class=\"wp-block-image size-large\"><img loading=\"lazy\" decoding=\"async\" width=\"1024\" height=\"683\" src=\"https:\/\/villageviking.com\/wp-content\/uploads\/2026\/04\/IMG_7478-1024x683.png\" alt=\"\" class=\"wp-image-3329\" srcset=\"https:\/\/villageviking.com\/wp-content\/uploads\/2026\/04\/IMG_7478-1024x683.png 1024w, https:\/\/villageviking.com\/wp-content\/uploads\/2026\/04\/IMG_7478-600x400.png 600w, https:\/\/villageviking.com\/wp-content\/uploads\/2026\/04\/IMG_7478-300x200.png 300w, https:\/\/villageviking.com\/wp-content\/uploads\/2026\/04\/IMG_7478-768x512.png 768w, https:\/\/villageviking.com\/wp-content\/uploads\/2026\/04\/IMG_7478-100x67.png 100w, https:\/\/villageviking.com\/wp-content\/uploads\/2026\/04\/IMG_7478.png 1248w\" sizes=\"auto, (max-width: 1024px) 100vw, 1024px\" \/><\/figure>\n<\/div>\n\n\n\n<div class=\"wp-block-column is-vertically-aligned-center is-layout-flow wp-block-column-is-layout-flow\">\n<h2 class=\"wp-block-heading\">Bruno Bilodeau<\/h2>\n\n\n\n<p>Bruno est natif de Clermont, \u00e0 Charlevoix, o\u00f9 il demeure \u00e9tabli. Apr\u00e8s un bref s\u00e9jour \u00e0 Qu\u00e9bec, o\u00f9 il a pu d\u00e9buter un cours en lutherie, il s\u2019est r\u00e9orient\u00e9 vers une formation dipl\u00f4mante pour devenir \u00e9lectricien. Aujourd\u2019hui, Bruno travaille toujours dans ce domaine. Depuis son tout jeune \u00e2ge, il est un passionn\u00e9 de l\u2019univers m\u00e9di\u00e9val.  Il s\u2019int\u00e9resse beaucoup \u00e0 l\u2019histoire et aime apprendre les techniques ancestrales pour ensuite cr\u00e9er des objets magnifiques et des r\u00e9pliques historiques bluffantes. Bruno est notre artisan pour la confection d\u2019un bon nombre d&#8217;objets de reconstitution qui seront expos\u00e9s et utilis\u00e9s dans le Village.<\/p>\n<\/div>\n<\/div>\n\n\n\n<div class=\"wp-block-columns alignwide is-layout-flex wp-container-core-columns-is-layout-28f84493 wp-block-columns-is-layout-flex\">\n<div class=\"wp-block-column is-layout-flow wp-block-column-is-layout-flow\"><\/div>\n<\/div>\n\n\n\n<div class=\"wp-block-columns alignwide is-layout-flex wp-container-core-columns-is-layout-28f84493 wp-block-columns-is-layout-flex\">\n<div class=\"wp-block-column is-layout-flow wp-block-column-is-layout-flow\">\n<figure class=\"wp-block-image aligncenter size-large\"><img loading=\"lazy\" decoding=\"async\" width=\"1024\" height=\"768\" src=\"http:\/\/villageviking.com\/wp-content\/uploads\/2025\/05\/E984F134-14CA-4787-A169-6AD4B5DEE28A-1024x768.jpg\" alt=\"\" class=\"wp-image-2041\" srcset=\"https:\/\/villageviking.com\/wp-content\/uploads\/2025\/05\/E984F134-14CA-4787-A169-6AD4B5DEE28A-1024x768.jpg 1024w, https:\/\/villageviking.com\/wp-content\/uploads\/2025\/05\/E984F134-14CA-4787-A169-6AD4B5DEE28A-scaled-600x450.jpg 600w, https:\/\/villageviking.com\/wp-content\/uploads\/2025\/05\/E984F134-14CA-4787-A169-6AD4B5DEE28A-300x225.jpg 300w, https:\/\/villageviking.com\/wp-content\/uploads\/2025\/05\/E984F134-14CA-4787-A169-6AD4B5DEE28A-768x576.jpg 768w, https:\/\/villageviking.com\/wp-content\/uploads\/2025\/05\/E984F134-14CA-4787-A169-6AD4B5DEE28A-1536x1152.jpg 1536w, https:\/\/villageviking.com\/wp-content\/uploads\/2025\/05\/E984F134-14CA-4787-A169-6AD4B5DEE28A-2048x1536.jpg 2048w, https:\/\/villageviking.com\/wp-content\/uploads\/2025\/05\/E984F134-14CA-4787-A169-6AD4B5DEE28A-100x75.jpg 100w\" sizes=\"auto, (max-width: 1024px) 100vw, 1024px\" \/><\/figure>\n<\/div>\n\n\n\n<div class=\"wp-block-column is-vertically-aligned-center is-layout-flow wp-block-column-is-layout-flow\">\n<h2 class=\"wp-block-heading\">Marty Perron <\/h2>\n\n\n\n<p>On dit que dans ses veines coule le sang de Rollon, et que les anciens n\u2019ont jamais quitt\u00e9 son esprit.<\/p>\n\n\n\n<p>Marty est le premier habitant permanent du village. Combattant dans l\u2019\u00e2me, homme de nature, skald et conteur passionn\u00e9, il incarne l\u2019esprit des anciens. Sa personnalit\u00e9 apporte une part de magie \u00e0 tous ceux qui le rencontrent.<\/p>\n\n\n\n<p>\u00c0 la tomb\u00e9e du jour, lorsque l\u2019obscurit\u00e9 s\u2019installe et que le feu magique s\u2019illumine sous le regard des dieux, Marty fait revivre les l\u00e9gendes nordiques. Par ses r\u00e9cits, il transporte ses auditeurs dans un autre temps, laissant derri\u00e8re lui des souvenirs durables et profond\u00e9ment marquants.<\/p>\n<\/div>\n<\/div>\n","protected":false},"excerpt":{"rendered":"<p>Bruno Bilodeau Bruno est natif de Clermont, \u00e0 Charlevoix, o\u00f9 il demeure \u00e9tabli. Apr\u00e8s un bref s\u00e9jour \u00e0 Qu\u00e9bec, o\u00f9 il a pu d\u00e9buter un cours en lutherie, il s\u2019est r\u00e9orient\u00e9 vers une formation dipl\u00f4mante pour devenir \u00e9lectricien. Aujourd\u2019hui, Bruno travaille toujours dans ce domaine. Depuis son tout jeune \u00e2ge, il est un passionn\u00e9 de [&hellip;]<\/p>\n","protected":false},"author":4,"featured_media":0,"parent":0,"menu_order":0,"comment_status":"closed","ping_status":"closed","template":"","meta":{"_coblocks_attr":"","_coblocks_dimensions":"","_coblocks_responsive_height":"","_coblocks_accordion_ie_support":"","footnotes":""},"class_list":["post-254","page","type-page","status-publish","hentry"],"blocksy_meta":[],"yoast_head":"<!-- This site is optimized with the Yoast SEO plugin v27.5 - https:\/\/yoast.com\/product\/yoast-seo-wordpress\/ -->\n<title>Qui sommes nous<\/title>\n<meta name=\"robots\" content=\"index, follow, max-snippet:-1, max-image-preview:large, max-video-preview:-1\" \/>\n<link rel=\"canonical\" href=\"https:\/\/villageviking.com\/en\/qui-sommes-nous\/\" \/>\n<meta property=\"og:locale\" content=\"en_US\" \/>\n<meta property=\"og:locale:alternate\" content=\"fr_FR\" \/>\n<meta property=\"og:type\" content=\"article\" \/>\n<meta property=\"og:title\" content=\"Qui sommes nous\" \/>\n<meta property=\"og:description\" content=\"Bruno Bilodeau Bruno est natif de Clermont, \u00e0 Charlevoix, o\u00f9 il demeure \u00e9tabli. Apr\u00e8s un bref s\u00e9jour \u00e0 Qu\u00e9bec, o\u00f9 il a pu d\u00e9buter un cours en lutherie, il s\u2019est r\u00e9orient\u00e9 vers une formation dipl\u00f4mante pour devenir \u00e9lectricien. Aujourd\u2019hui, Bruno travaille toujours dans ce domaine. Depuis son tout jeune \u00e2ge, il est un passionn\u00e9 de [&hellip;]\" \/>\n<meta property=\"og:url\" content=\"https:\/\/villageviking.com\/en\/qui-sommes-nous\/\" \/>\n<meta property=\"og:site_name\" content=\"Village Viking H\u00f3p\" \/>\n<meta property=\"article:publisher\" content=\"https:\/\/www.facebook.com\/profile.php?id=100083109181728\" \/>\n<meta property=\"article:modified_time\" content=\"2026-04-17T01:27:09+00:00\" \/>\n<meta property=\"og:image\" content=\"https:\/\/villageviking.com\/wp-content\/uploads\/2023\/01\/Preouverture2022-17-scaled.jpg\" \/>\n\t<meta property=\"og:image:width\" content=\"2560\" \/>\n\t<meta property=\"og:image:height\" content=\"1707\" \/>\n\t<meta property=\"og:image:type\" content=\"image\/jpeg\" \/>\n<meta name=\"twitter:card\" content=\"summary_large_image\" \/>\n<meta name=\"twitter:label1\" content=\"Est. reading time\" \/>\n\t<meta name=\"twitter:data1\" content=\"2 minutes\" \/>\n<script type=\"application\/ld+json\" class=\"yoast-schema-graph\">{\"@context\":\"https:\\\/\\\/schema.org\",\"@graph\":[{\"@type\":\"WebPage\",\"@id\":\"https:\\\/\\\/villageviking.com\\\/qui-sommes-nous\\\/\",\"url\":\"https:\\\/\\\/villageviking.com\\\/qui-sommes-nous\\\/\",\"name\":\"Qui sommes nous\",\"isPartOf\":{\"@id\":\"https:\\\/\\\/villageviking.com\\\/#website\"},\"primaryImageOfPage\":{\"@id\":\"https:\\\/\\\/villageviking.com\\\/qui-sommes-nous\\\/#primaryimage\"},\"image\":{\"@id\":\"https:\\\/\\\/villageviking.com\\\/qui-sommes-nous\\\/#primaryimage\"},\"thumbnailUrl\":\"http:\\\/\\\/villageviking.com\\\/wp-content\\\/uploads\\\/2023\\\/01\\\/Preouverture2022-17-scaled.jpg\",\"datePublished\":\"2023-01-28T17:38:30+00:00\",\"dateModified\":\"2026-04-17T01:27:09+00:00\",\"breadcrumb\":{\"@id\":\"https:\\\/\\\/villageviking.com\\\/qui-sommes-nous\\\/#breadcrumb\"},\"inLanguage\":\"en-US\",\"potentialAction\":[{\"@type\":\"ReadAction\",\"target\":[\"https:\\\/\\\/villageviking.com\\\/qui-sommes-nous\\\/\"]}]},{\"@type\":\"ImageObject\",\"inLanguage\":\"en-US\",\"@id\":\"https:\\\/\\\/villageviking.com\\\/qui-sommes-nous\\\/#primaryimage\",\"url\":\"http:\\\/\\\/villageviking.com\\\/wp-content\\\/uploads\\\/2023\\\/01\\\/Preouverture2022-17-scaled.jpg\",\"contentUrl\":\"http:\\\/\\\/villageviking.com\\\/wp-content\\\/uploads\\\/2023\\\/01\\\/Preouverture2022-17-scaled.jpg\"},{\"@type\":\"BreadcrumbList\",\"@id\":\"https:\\\/\\\/villageviking.com\\\/qui-sommes-nous\\\/#breadcrumb\",\"itemListElement\":[{\"@type\":\"ListItem\",\"position\":1,\"name\":\"Accueil\",\"item\":\"https:\\\/\\\/villageviking.com\\\/\"},{\"@type\":\"ListItem\",\"position\":2,\"name\":\"Qui sommes nous\"}]},{\"@type\":\"WebSite\",\"@id\":\"https:\\\/\\\/villageviking.com\\\/#website\",\"url\":\"https:\\\/\\\/villageviking.com\\\/\",\"name\":\"Village Viking H\u00f3p\",\"description\":\"\",\"publisher\":{\"@id\":\"https:\\\/\\\/villageviking.com\\\/#organization\"},\"potentialAction\":[{\"@type\":\"SearchAction\",\"target\":{\"@type\":\"EntryPoint\",\"urlTemplate\":\"https:\\\/\\\/villageviking.com\\\/?s={search_term_string}\"},\"query-input\":{\"@type\":\"PropertyValueSpecification\",\"valueRequired\":true,\"valueName\":\"search_term_string\"}}],\"inLanguage\":\"en-US\"},{\"@type\":\"Organization\",\"@id\":\"https:\\\/\\\/villageviking.com\\\/#organization\",\"name\":\"Village Viking H\u00f3p\",\"alternateName\":\"Village Viking\",\"url\":\"https:\\\/\\\/villageviking.com\\\/\",\"logo\":{\"@type\":\"ImageObject\",\"inLanguage\":\"en-US\",\"@id\":\"https:\\\/\\\/villageviking.com\\\/#\\\/schema\\\/logo\\\/image\\\/\",\"url\":\"https:\\\/\\\/villageviking.com\\\/wp-content\\\/uploads\\\/2023\\\/01\\\/cropped-Logotype_HOP_noir_.png\",\"contentUrl\":\"https:\\\/\\\/villageviking.com\\\/wp-content\\\/uploads\\\/2023\\\/01\\\/cropped-Logotype_HOP_noir_.png\",\"width\":2103,\"height\":1062,\"caption\":\"Village Viking H\u00f3p\"},\"image\":{\"@id\":\"https:\\\/\\\/villageviking.com\\\/#\\\/schema\\\/logo\\\/image\\\/\"},\"sameAs\":[\"https:\\\/\\\/www.facebook.com\\\/profile.php?id=100083109181728\",\"https:\\\/\\\/www.instagram.com\\\/hop_viking_village\\\/\",\"https:\\\/\\\/www.tiktok.com\\\/@villagevikinghop\"]}]}<\/script>\n<!-- \/ Yoast SEO plugin. -->","yoast_head_json":{"title":"Qui sommes nous","robots":{"index":"index","follow":"follow","max-snippet":"max-snippet:-1","max-image-preview":"max-image-preview:large","max-video-preview":"max-video-preview:-1"},"canonical":"https:\/\/villageviking.com\/en\/qui-sommes-nous\/","og_locale":"en_US","og_type":"article","og_title":"[:fr]Qui sommes nous[:] - Village Viking H\u00f3p","og_description":"Bruno Bilodeau Bruno est natif de Clermont, \u00e0 Charlevoix, o\u00f9 il demeure \u00e9tabli. Apr\u00e8s un bref s\u00e9jour \u00e0 Qu\u00e9bec, o\u00f9 il a pu d\u00e9buter un cours en lutherie, il s\u2019est r\u00e9orient\u00e9 vers une formation dipl\u00f4mante pour devenir \u00e9lectricien. Aujourd\u2019hui, Bruno travaille toujours dans ce domaine. Depuis son tout jeune \u00e2ge, il est un passionn\u00e9 de [&hellip;]","og_url":"https:\/\/villageviking.com\/en\/qui-sommes-nous\/","og_site_name":"Village Viking H\u00f3p","article_publisher":"https:\/\/www.facebook.com\/profile.php?id=100083109181728","article_modified_time":"2026-04-17T01:27:09+00:00","og_image":[{"width":2560,"height":1707,"url":"https:\/\/villageviking.com\/wp-content\/uploads\/2023\/01\/Preouverture2022-17-scaled.jpg","type":"image\/jpeg"}],"twitter_card":"summary_large_image","twitter_misc":{"Est. reading time":"2 minutes"},"schema":{"@context":"https:\/\/schema.org","@graph":[{"@type":"WebPage","@id":"https:\/\/villageviking.com\/qui-sommes-nous\/","url":"https:\/\/villageviking.com\/qui-sommes-nous\/","name":"Qui sommes nous","isPartOf":{"@id":"https:\/\/villageviking.com\/#website"},"primaryImageOfPage":{"@id":"https:\/\/villageviking.com\/qui-sommes-nous\/#primaryimage"},"image":{"@id":"https:\/\/villageviking.com\/qui-sommes-nous\/#primaryimage"},"thumbnailUrl":"http:\/\/villageviking.com\/wp-content\/uploads\/2023\/01\/Preouverture2022-17-scaled.jpg","datePublished":"2023-01-28T17:38:30+00:00","dateModified":"2026-04-17T01:27:09+00:00","breadcrumb":{"@id":"https:\/\/villageviking.com\/qui-sommes-nous\/#breadcrumb"},"inLanguage":"en-US","potentialAction":[{"@type":"ReadAction","target":["https:\/\/villageviking.com\/qui-sommes-nous\/"]}]},{"@type":"ImageObject","inLanguage":"en-US","@id":"https:\/\/villageviking.com\/qui-sommes-nous\/#primaryimage","url":"http:\/\/villageviking.com\/wp-content\/uploads\/2023\/01\/Preouverture2022-17-scaled.jpg","contentUrl":"http:\/\/villageviking.com\/wp-content\/uploads\/2023\/01\/Preouverture2022-17-scaled.jpg"},{"@type":"BreadcrumbList","@id":"https:\/\/villageviking.com\/qui-sommes-nous\/#breadcrumb","itemListElement":[{"@type":"ListItem","position":1,"name":"Accueil","item":"https:\/\/villageviking.com\/"},{"@type":"ListItem","position":2,"name":"Qui sommes nous"}]},{"@type":"WebSite","@id":"https:\/\/villageviking.com\/#website","url":"https:\/\/villageviking.com\/","name":"Village Viking H\u00f3p","description":"","publisher":{"@id":"https:\/\/villageviking.com\/#organization"},"potentialAction":[{"@type":"SearchAction","target":{"@type":"EntryPoint","urlTemplate":"https:\/\/villageviking.com\/?s={search_term_string}"},"query-input":{"@type":"PropertyValueSpecification","valueRequired":true,"valueName":"search_term_string"}}],"inLanguage":"en-US"},{"@type":"Organization","@id":"https:\/\/villageviking.com\/#organization","name":"Village Viking H\u00f3p","alternateName":"Village Viking","url":"https:\/\/villageviking.com\/","logo":{"@type":"ImageObject","inLanguage":"en-US","@id":"https:\/\/villageviking.com\/#\/schema\/logo\/image\/","url":"https:\/\/villageviking.com\/wp-content\/uploads\/2023\/01\/cropped-Logotype_HOP_noir_.png","contentUrl":"https:\/\/villageviking.com\/wp-content\/uploads\/2023\/01\/cropped-Logotype_HOP_noir_.png","width":2103,"height":1062,"caption":"Village Viking H\u00f3p"},"image":{"@id":"https:\/\/villageviking.com\/#\/schema\/logo\/image\/"},"sameAs":["https:\/\/www.facebook.com\/profile.php?id=100083109181728","https:\/\/www.instagram.com\/hop_viking_village\/","https:\/\/www.tiktok.com\/@villagevikinghop"]}]}},"jetpack_sharing_enabled":true,"_links":{"self":[{"href":"https:\/\/villageviking.com\/en\/wp-json\/wp\/v2\/pages\/254","targetHints":{"allow":["GET"]}}],"collection":[{"href":"https:\/\/villageviking.com\/en\/wp-json\/wp\/v2\/pages"}],"about":[{"href":"https:\/\/villageviking.com\/en\/wp-json\/wp\/v2\/types\/page"}],"author":[{"embeddable":true,"href":"https:\/\/villageviking.com\/en\/wp-json\/wp\/v2\/users\/4"}],"replies":[{"embeddable":true,"href":"https:\/\/villageviking.com\/en\/wp-json\/wp\/v2\/comments?post=254"}],"version-history":[{"count":10,"href":"https:\/\/villageviking.com\/en\/wp-json\/wp\/v2\/pages\/254\/revisions"}],"predecessor-version":[{"id":3928,"href":"https:\/\/villageviking.com\/en\/wp-json\/wp\/v2\/pages\/254\/revisions\/3928"}],"wp:attachment":[{"href":"https:\/\/villageviking.com\/en\/wp-json\/wp\/v2\/media?parent=254"}],"curies":[{"name":"wp","href":"https:\/\/api.w.org\/{rel}","templated":true}]}}