{"id":2735,"date":"2026-04-04T21:09:06","date_gmt":"2026-04-04T21:09:06","guid":{"rendered":"https:\/\/villageviking.com\/?page_id=2735"},"modified":"2026-04-17T00:55:13","modified_gmt":"2026-04-17T00:55:13","slug":"lancer-de-hache-2","status":"publish","type":"page","link":"https:\/\/villageviking.com\/en\/lancer-de-hache-2\/","title":{"rendered":"Village viking Lancer de hache"},"content":{"rendered":"\n<div class=\"wp-block-cover alignfull  is-cropping\"><img loading=\"lazy\" decoding=\"async\" width=\"1024\" height=\"566\" class=\"wp-block-cover__image-background wp-image-2932 size-large\" alt=\"\" src=\"https:\/\/villageviking.com\/wp-content\/uploads\/2026\/03\/hache-4-1024x566.png\" style=\"object-position:62% 50%\" data-object-fit=\"cover\" data-object-position=\"62% 50%\" srcset=\"https:\/\/villageviking.com\/wp-content\/uploads\/2026\/03\/hache-4-1024x566.png 1024w, https:\/\/villageviking.com\/wp-content\/uploads\/2026\/03\/hache-4-600x332.png 600w, https:\/\/villageviking.com\/wp-content\/uploads\/2026\/03\/hache-4-300x166.png 300w, https:\/\/villageviking.com\/wp-content\/uploads\/2026\/03\/hache-4-768x425.png 768w, https:\/\/villageviking.com\/wp-content\/uploads\/2026\/03\/hache-4-100x55.png 100w, https:\/\/villageviking.com\/wp-content\/uploads\/2026\/03\/hache-4.png 1450w\" sizes=\"auto, (max-width: 1024px) 100vw, 1024px\" \/><span aria-hidden=\"true\" class=\"wp-block-cover__background has-background-dim\" style=\"background-color:#7d543e\"><\/span><div class=\"wp-block-cover__inner-container is-layout-constrained wp-block-cover-is-layout-constrained\">\n<p class=\"has-text-align-center has-large-font-size\"><\/p>\n<\/div><\/div>\n\n\n\n<h2 class=\"wp-block-heading alignfull has-text-align-center\" style=\"font-size:40px;font-style:italic;font-weight:800\">Testez votre pr\u00e9cision et lib\u00e9rez le guerrier nordique en vous avec notre exp\u00e9rience de lancer de hache.<\/h2>\n\n\n\n<div class=\"wp-block-columns is-layout-flex wp-container-core-columns-is-layout-28f84493 wp-block-columns-is-layout-flex\">\n<div class=\"wp-block-column is-layout-flow wp-block-column-is-layout-flow\"><\/div>\n<\/div>\n\n\n\n<div aria-label=\"Collage Gallery\" class=\"wp-block-coblocks-gallery-collage alignwide is-style-tiled has-small-gutter\"><ul><li class=\"wp-block-coblocks-gallery-collage__item item-1\"><figure class=\"wp-block-coblocks-gallery-collage__figure\"><img loading=\"lazy\" decoding=\"async\" width=\"907\" height=\"1021\" alt=\"Gallery Image\" class=\"wp-image-2678\" data-id=\"2678\" data-imglink=\"\" data-index=\"0\" data-link=\"https:\/\/villageviking.com\/?attachment_id=2678\" src=\"http:\/\/villageviking.com\/wp-content\/uploads\/2026\/03\/lancer-de-hache.jpg\" srcset=\"https:\/\/villageviking.com\/wp-content\/uploads\/2026\/03\/lancer-de-hache.jpg 907w, https:\/\/villageviking.com\/wp-content\/uploads\/2026\/03\/lancer-de-hache-600x675.jpg 600w, https:\/\/villageviking.com\/wp-content\/uploads\/2026\/03\/lancer-de-hache-267x300.jpg 267w, https:\/\/villageviking.com\/wp-content\/uploads\/2026\/03\/lancer-de-hache-768x865.jpg 768w, https:\/\/villageviking.com\/wp-content\/uploads\/2026\/03\/lancer-de-hache-100x113.jpg 100w\" sizes=\"auto, (max-width: 907px) 100vw, 907px\" \/><\/figure><\/li><li class=\"wp-block-coblocks-gallery-collage__item item-2\"><figure class=\"wp-block-coblocks-gallery-collage__figure\"><img loading=\"lazy\" decoding=\"async\" width=\"450\" height=\"270\" alt=\"Gallery Image\" class=\"wp-image-2065\" data-id=\"2065\" data-imglink=\"\" data-index=\"1\" data-link=\"https:\/\/villageviking.com\/hache\/\" src=\"http:\/\/villageviking.com\/wp-content\/uploads\/2025\/06\/hache.jpg\" srcset=\"https:\/\/villageviking.com\/wp-content\/uploads\/2025\/06\/hache.jpg 450w, https:\/\/villageviking.com\/wp-content\/uploads\/2025\/06\/hache-300x180.jpg 300w, https:\/\/villageviking.com\/wp-content\/uploads\/2025\/06\/hache-100x60.jpg 100w\" sizes=\"auto, (max-width: 450px) 100vw, 450px\" \/><\/figure><\/li><li class=\"wp-block-coblocks-gallery-collage__item item-3\"><figure class=\"wp-block-coblocks-gallery-collage__figure\"><img loading=\"lazy\" decoding=\"async\" width=\"685\" height=\"1024\" alt=\"Gallery Image\" class=\"wp-image-2801\" data-id=\"2801\" data-imglink=\"\" data-index=\"2\" data-link=\"https:\/\/villageviking.com\/?attachment_id=2801\" src=\"https:\/\/villageviking.com\/wp-content\/uploads\/2026\/03\/DSC_01562-Credit-Photo-William-Constantin-685x1024.jpg\" srcset=\"https:\/\/villageviking.com\/wp-content\/uploads\/2026\/03\/DSC_01562-Credit-Photo-William-Constantin-685x1024.jpg 685w, https:\/\/villageviking.com\/wp-content\/uploads\/2026\/03\/DSC_01562-Credit-Photo-William-Constantin-scaled-600x896.jpg 600w, https:\/\/villageviking.com\/wp-content\/uploads\/2026\/03\/DSC_01562-Credit-Photo-William-Constantin-201x300.jpg 201w, https:\/\/villageviking.com\/wp-content\/uploads\/2026\/03\/DSC_01562-Credit-Photo-William-Constantin-768x1147.jpg 768w, https:\/\/villageviking.com\/wp-content\/uploads\/2026\/03\/DSC_01562-Credit-Photo-William-Constantin-1028x1536.jpg 1028w, https:\/\/villageviking.com\/wp-content\/uploads\/2026\/03\/DSC_01562-Credit-Photo-William-Constantin-1371x2048.jpg 1371w, https:\/\/villageviking.com\/wp-content\/uploads\/2026\/03\/DSC_01562-Credit-Photo-William-Constantin-100x149.jpg 100w, https:\/\/villageviking.com\/wp-content\/uploads\/2026\/03\/DSC_01562-Credit-Photo-William-Constantin-scaled.jpg 1714w\" sizes=\"auto, (max-width: 685px) 100vw, 685px\" \/><\/figure><\/li><li class=\"wp-block-coblocks-gallery-collage__item item-4\"><figure class=\"wp-block-coblocks-gallery-collage__figure\"><img loading=\"lazy\" decoding=\"async\" width=\"1024\" height=\"685\" alt=\"Gallery Image\" class=\"wp-image-2694\" data-id=\"2694\" data-imglink=\"\" data-index=\"3\" data-link=\"https:\/\/villageviking.com\/?attachment_id=2694\" src=\"http:\/\/villageviking.com\/wp-content\/uploads\/2026\/03\/DSC_0132-Credit-Photo-William-Constantin-1024x685.jpg\" srcset=\"https:\/\/villageviking.com\/wp-content\/uploads\/2026\/03\/DSC_0132-Credit-Photo-William-Constantin-1024x685.jpg 1024w, https:\/\/villageviking.com\/wp-content\/uploads\/2026\/03\/DSC_0132-Credit-Photo-William-Constantin-scaled-600x402.jpg 600w, https:\/\/villageviking.com\/wp-content\/uploads\/2026\/03\/DSC_0132-Credit-Photo-William-Constantin-300x201.jpg 300w, https:\/\/villageviking.com\/wp-content\/uploads\/2026\/03\/DSC_0132-Credit-Photo-William-Constantin-768x514.jpg 768w, https:\/\/villageviking.com\/wp-content\/uploads\/2026\/03\/DSC_0132-Credit-Photo-William-Constantin-1536x1028.jpg 1536w, https:\/\/villageviking.com\/wp-content\/uploads\/2026\/03\/DSC_0132-Credit-Photo-William-Constantin-2048x1371.jpg 2048w, https:\/\/villageviking.com\/wp-content\/uploads\/2026\/03\/DSC_0132-Credit-Photo-William-Constantin-100x67.jpg 100w\" sizes=\"auto, (max-width: 1024px) 100vw, 1024px\" \/><\/figure><\/li><\/ul><\/div>\n\n\n\n<h2 class=\"wp-block-heading alignfull has-text-align-center\" style=\"font-style:italic;font-weight:900\">Pr\u00eat \u00e0 lancer ? R\u00e9servez votre s\u00e9ance d\u00e8s maintenant.<\/h2>\n\n\n\n<div class=\"wp-block-buttons is-content-justification-center is-layout-flex wp-container-core-buttons-is-layout-a89b3969 wp-block-buttons-is-layout-flex\">\n<div class=\"wp-block-button\"><a class=\"wp-block-button__link has-text-align-center wp-element-button\" href=\"https:\/\/villageviking.com\/product\/lancer-de-hache\/\">R\u00e9servez votre all\u00e9e<\/a><\/div>\n<\/div>\n\n\n\n<p><\/p>\n","protected":false},"excerpt":{"rendered":"<p>Testez votre pr\u00e9cision et lib\u00e9rez le guerrier nordique en vous avec notre exp\u00e9rience de lancer de hache. Pr\u00eat \u00e0 lancer ? R\u00e9servez votre s\u00e9ance d\u00e8s maintenant.<\/p>\n","protected":false},"author":4,"featured_media":0,"parent":0,"menu_order":0,"comment_status":"closed","ping_status":"closed","template":"","meta":{"_coblocks_attr":"","_coblocks_dimensions":"","_coblocks_responsive_height":"","_coblocks_accordion_ie_support":"","footnotes":""},"class_list":["post-2735","page","type-page","status-publish","hentry"],"blocksy_meta":[],"yoast_head":"<!-- This site is optimized with the Yoast SEO plugin v27.5 - https:\/\/yoast.com\/product\/yoast-seo-wordpress\/ -->\n<title>Village viking Lancer de hache<\/title>\n<meta name=\"description\" content=\"Pr\u00eat \u00e0 lancer ? D\u00e9couvrez le lancer de hache dans notre village viking \u00e0 Saint-Sim\u00e9on, une activit\u00e9 nordique unique en Charlevoix.\" \/>\n<meta name=\"robots\" content=\"index, follow, max-snippet:-1, max-image-preview:large, max-video-preview:-1\" \/>\n<link rel=\"canonical\" href=\"https:\/\/villageviking.com\/en\/lancer-de-hache-2\/\" \/>\n<meta property=\"og:locale\" content=\"en_US\" \/>\n<meta property=\"og:locale:alternate\" content=\"fr_FR\" \/>\n<meta property=\"og:type\" content=\"article\" \/>\n<meta property=\"og:title\" content=\"Village viking Lancer de hache\" \/>\n<meta property=\"og:description\" content=\"Pr\u00eat \u00e0 lancer ? D\u00e9couvrez le lancer de hache dans notre village viking \u00e0 Saint-Sim\u00e9on, une activit\u00e9 nordique unique en Charlevoix.\" \/>\n<meta property=\"og:url\" content=\"https:\/\/villageviking.com\/en\/lancer-de-hache-2\/\" \/>\n<meta property=\"og:site_name\" content=\"Village Viking H\u00f3p\" \/>\n<meta property=\"article:publisher\" content=\"https:\/\/www.facebook.com\/profile.php?id=100083109181728\" \/>\n<meta property=\"article:modified_time\" content=\"2026-04-17T00:55:13+00:00\" \/>\n<meta property=\"og:image\" content=\"https:\/\/villageviking.com\/wp-content\/uploads\/2026\/03\/hache-4-1024x566.png\" \/>\n\t<meta property=\"og:image:width\" content=\"1024\" \/>\n\t<meta property=\"og:image:height\" content=\"566\" \/>\n\t<meta property=\"og:image:type\" content=\"image\/png\" \/>\n<meta name=\"twitter:card\" content=\"summary_large_image\" \/>\n<meta name=\"twitter:label1\" content=\"Est. reading time\" \/>\n\t<meta name=\"twitter:data1\" content=\"2 minutes\" \/>\n<script type=\"application\/ld+json\" class=\"yoast-schema-graph\">{\"@context\":\"https:\\\/\\\/schema.org\",\"@graph\":[{\"@type\":\"WebPage\",\"@id\":\"https:\\\/\\\/villageviking.com\\\/lancer-de-hache-2\\\/\",\"url\":\"https:\\\/\\\/villageviking.com\\\/lancer-de-hache-2\\\/\",\"name\":\"Village viking Lancer de hache\",\"isPartOf\":{\"@id\":\"https:\\\/\\\/villageviking.com\\\/#website\"},\"primaryImageOfPage\":{\"@id\":\"https:\\\/\\\/villageviking.com\\\/lancer-de-hache-2\\\/#primaryimage\"},\"image\":{\"@id\":\"https:\\\/\\\/villageviking.com\\\/lancer-de-hache-2\\\/#primaryimage\"},\"thumbnailUrl\":\"https:\\\/\\\/villageviking.com\\\/wp-content\\\/uploads\\\/2026\\\/03\\\/hache-4-1024x566.png\",\"datePublished\":\"2026-04-04T21:09:06+00:00\",\"dateModified\":\"2026-04-17T00:55:13+00:00\",\"description\":\"Pr\u00eat \u00e0 lancer ? D\u00e9couvrez le lancer de hache dans notre village viking \u00e0 Saint-Sim\u00e9on, une activit\u00e9 nordique unique en Charlevoix.\",\"breadcrumb\":{\"@id\":\"https:\\\/\\\/villageviking.com\\\/lancer-de-hache-2\\\/#breadcrumb\"},\"inLanguage\":\"en-US\",\"potentialAction\":[{\"@type\":\"ReadAction\",\"target\":[\"https:\\\/\\\/villageviking.com\\\/lancer-de-hache-2\\\/\"]}]},{\"@type\":\"ImageObject\",\"inLanguage\":\"en-US\",\"@id\":\"https:\\\/\\\/villageviking.com\\\/lancer-de-hache-2\\\/#primaryimage\",\"url\":\"https:\\\/\\\/villageviking.com\\\/wp-content\\\/uploads\\\/2026\\\/03\\\/hache-4-1024x566.png\",\"contentUrl\":\"https:\\\/\\\/villageviking.com\\\/wp-content\\\/uploads\\\/2026\\\/03\\\/hache-4-1024x566.png\"},{\"@type\":\"BreadcrumbList\",\"@id\":\"https:\\\/\\\/villageviking.com\\\/lancer-de-hache-2\\\/#breadcrumb\",\"itemListElement\":[{\"@type\":\"ListItem\",\"position\":1,\"name\":\"Accueil\",\"item\":\"https:\\\/\\\/villageviking.com\\\/\"},{\"@type\":\"ListItem\",\"position\":2,\"name\":\"Village viking Lancer de hache\"}]},{\"@type\":\"WebSite\",\"@id\":\"https:\\\/\\\/villageviking.com\\\/#website\",\"url\":\"https:\\\/\\\/villageviking.com\\\/\",\"name\":\"Village Viking H\u00f3p\",\"description\":\"\",\"publisher\":{\"@id\":\"https:\\\/\\\/villageviking.com\\\/#organization\"},\"potentialAction\":[{\"@type\":\"SearchAction\",\"target\":{\"@type\":\"EntryPoint\",\"urlTemplate\":\"https:\\\/\\\/villageviking.com\\\/?s={search_term_string}\"},\"query-input\":{\"@type\":\"PropertyValueSpecification\",\"valueRequired\":true,\"valueName\":\"search_term_string\"}}],\"inLanguage\":\"en-US\"},{\"@type\":\"Organization\",\"@id\":\"https:\\\/\\\/villageviking.com\\\/#organization\",\"name\":\"Village Viking H\u00f3p\",\"alternateName\":\"Village Viking\",\"url\":\"https:\\\/\\\/villageviking.com\\\/\",\"logo\":{\"@type\":\"ImageObject\",\"inLanguage\":\"en-US\",\"@id\":\"https:\\\/\\\/villageviking.com\\\/#\\\/schema\\\/logo\\\/image\\\/\",\"url\":\"https:\\\/\\\/villageviking.com\\\/wp-content\\\/uploads\\\/2023\\\/01\\\/cropped-Logotype_HOP_noir_.png\",\"contentUrl\":\"https:\\\/\\\/villageviking.com\\\/wp-content\\\/uploads\\\/2023\\\/01\\\/cropped-Logotype_HOP_noir_.png\",\"width\":2103,\"height\":1062,\"caption\":\"Village Viking H\u00f3p\"},\"image\":{\"@id\":\"https:\\\/\\\/villageviking.com\\\/#\\\/schema\\\/logo\\\/image\\\/\"},\"sameAs\":[\"https:\\\/\\\/www.facebook.com\\\/profile.php?id=100083109181728\",\"https:\\\/\\\/www.instagram.com\\\/hop_viking_village\\\/\",\"https:\\\/\\\/www.tiktok.com\\\/@villagevikinghop\"]}]}<\/script>\n<!-- \/ Yoast SEO plugin. -->","yoast_head_json":{"title":"Village viking Lancer de hache","description":"Pr\u00eat \u00e0 lancer ? D\u00e9couvrez le lancer de hache dans notre village viking \u00e0 Saint-Sim\u00e9on, une activit\u00e9 nordique unique en Charlevoix.","robots":{"index":"index","follow":"follow","max-snippet":"max-snippet:-1","max-image-preview":"max-image-preview:large","max-video-preview":"max-video-preview:-1"},"canonical":"https:\/\/villageviking.com\/en\/lancer-de-hache-2\/","og_locale":"en_US","og_type":"article","og_title":"[:fr]Village viking Lancer de hache[:] - Village Viking H\u00f3p","og_description":"[:fr]Pr\u00eat \u00e0 lancer ? D\u00e9couvrez le lancer de hache dans notre village viking \u00e0 Saint-Sim\u00e9on, une activit\u00e9 nordique unique en Charlevoix.[:]","og_url":"https:\/\/villageviking.com\/en\/lancer-de-hache-2\/","og_site_name":"Village Viking H\u00f3p","article_publisher":"https:\/\/www.facebook.com\/profile.php?id=100083109181728","article_modified_time":"2026-04-17T00:55:13+00:00","og_image":[{"width":1024,"height":566,"url":"https:\/\/villageviking.com\/wp-content\/uploads\/2026\/03\/hache-4-1024x566.png","type":"image\/png"}],"twitter_card":"summary_large_image","twitter_misc":{"Est. reading time":"2 minutes"},"schema":{"@context":"https:\/\/schema.org","@graph":[{"@type":"WebPage","@id":"https:\/\/villageviking.com\/lancer-de-hache-2\/","url":"https:\/\/villageviking.com\/lancer-de-hache-2\/","name":"Village viking Lancer de hache","isPartOf":{"@id":"https:\/\/villageviking.com\/#website"},"primaryImageOfPage":{"@id":"https:\/\/villageviking.com\/lancer-de-hache-2\/#primaryimage"},"image":{"@id":"https:\/\/villageviking.com\/lancer-de-hache-2\/#primaryimage"},"thumbnailUrl":"https:\/\/villageviking.com\/wp-content\/uploads\/2026\/03\/hache-4-1024x566.png","datePublished":"2026-04-04T21:09:06+00:00","dateModified":"2026-04-17T00:55:13+00:00","description":"Pr\u00eat \u00e0 lancer ? D\u00e9couvrez le lancer de hache dans notre village viking \u00e0 Saint-Sim\u00e9on, une activit\u00e9 nordique unique en Charlevoix.","breadcrumb":{"@id":"https:\/\/villageviking.com\/lancer-de-hache-2\/#breadcrumb"},"inLanguage":"en-US","potentialAction":[{"@type":"ReadAction","target":["https:\/\/villageviking.com\/lancer-de-hache-2\/"]}]},{"@type":"ImageObject","inLanguage":"en-US","@id":"https:\/\/villageviking.com\/lancer-de-hache-2\/#primaryimage","url":"https:\/\/villageviking.com\/wp-content\/uploads\/2026\/03\/hache-4-1024x566.png","contentUrl":"https:\/\/villageviking.com\/wp-content\/uploads\/2026\/03\/hache-4-1024x566.png"},{"@type":"BreadcrumbList","@id":"https:\/\/villageviking.com\/lancer-de-hache-2\/#breadcrumb","itemListElement":[{"@type":"ListItem","position":1,"name":"Accueil","item":"https:\/\/villageviking.com\/"},{"@type":"ListItem","position":2,"name":"Village viking Lancer de hache"}]},{"@type":"WebSite","@id":"https:\/\/villageviking.com\/#website","url":"https:\/\/villageviking.com\/","name":"Village Viking H\u00f3p","description":"","publisher":{"@id":"https:\/\/villageviking.com\/#organization"},"potentialAction":[{"@type":"SearchAction","target":{"@type":"EntryPoint","urlTemplate":"https:\/\/villageviking.com\/?s={search_term_string}"},"query-input":{"@type":"PropertyValueSpecification","valueRequired":true,"valueName":"search_term_string"}}],"inLanguage":"en-US"},{"@type":"Organization","@id":"https:\/\/villageviking.com\/#organization","name":"Village Viking H\u00f3p","alternateName":"Village Viking","url":"https:\/\/villageviking.com\/","logo":{"@type":"ImageObject","inLanguage":"en-US","@id":"https:\/\/villageviking.com\/#\/schema\/logo\/image\/","url":"https:\/\/villageviking.com\/wp-content\/uploads\/2023\/01\/cropped-Logotype_HOP_noir_.png","contentUrl":"https:\/\/villageviking.com\/wp-content\/uploads\/2023\/01\/cropped-Logotype_HOP_noir_.png","width":2103,"height":1062,"caption":"Village Viking H\u00f3p"},"image":{"@id":"https:\/\/villageviking.com\/#\/schema\/logo\/image\/"},"sameAs":["https:\/\/www.facebook.com\/profile.php?id=100083109181728","https:\/\/www.instagram.com\/hop_viking_village\/","https:\/\/www.tiktok.com\/@villagevikinghop"]}]}},"jetpack_sharing_enabled":true,"_links":{"self":[{"href":"https:\/\/villageviking.com\/en\/wp-json\/wp\/v2\/pages\/2735","targetHints":{"allow":["GET"]}}],"collection":[{"href":"https:\/\/villageviking.com\/en\/wp-json\/wp\/v2\/pages"}],"about":[{"href":"https:\/\/villageviking.com\/en\/wp-json\/wp\/v2\/types\/page"}],"author":[{"embeddable":true,"href":"https:\/\/villageviking.com\/en\/wp-json\/wp\/v2\/users\/4"}],"replies":[{"embeddable":true,"href":"https:\/\/villageviking.com\/en\/wp-json\/wp\/v2\/comments?post=2735"}],"version-history":[{"count":14,"href":"https:\/\/villageviking.com\/en\/wp-json\/wp\/v2\/pages\/2735\/revisions"}],"predecessor-version":[{"id":3917,"href":"https:\/\/villageviking.com\/en\/wp-json\/wp\/v2\/pages\/2735\/revisions\/3917"}],"wp:attachment":[{"href":"https:\/\/villageviking.com\/en\/wp-json\/wp\/v2\/media?parent=2735"}],"curies":[{"name":"wp","href":"https:\/\/api.w.org\/{rel}","templated":true}]}}