{"id":2740,"date":"2026-03-14T21:52:41","date_gmt":"2026-03-14T21:52:41","guid":{"rendered":"https:\/\/villageviking.com\/?page_id=2740"},"modified":"2026-04-23T00:57:06","modified_gmt":"2026-04-23T00:57:06","slug":"foire-aux-questions","status":"publish","type":"page","link":"https:\/\/villageviking.com\/en\/foire-aux-questions\/","title":{"rendered":"Foire aux questions!"},"content":{"rendered":"\n<p><\/p>\n\n\n\n<h5 class=\"wp-block-heading\"><br><\/h5>\n\n\n\n<div class=\"wp-block-coblocks-accordion\">\n<div class=\"wp-block-coblocks-accordion-item\"><details><summary class=\"wp-block-coblocks-accordion-item__title\">Qu&#8217;est-ce qu&#8217;un &#8220;Glamping&#8221;?<\/summary><div class=\"wp-block-coblocks-accordion-item__content\">\n<p>&#8221; Camping et Glamour&#8221; <\/p>\n\n\n\n<p>Un camping o\u00f9 l&#8217;accent est mis sur le confort comme avec la pr\u00e9sence de vrais lits, sur des plateformes, avec l&#8217;acc\u00e8s aux commodit\u00e9s, etc.<\/p>\n<\/div><\/details><\/div>\n\n\n\n<div class=\"wp-block-coblocks-accordion-item\"><details><summary class=\"wp-block-coblocks-accordion-item__title\">Qu&#8217;est-ce qu&#8217;un camping insolite?<\/summary><div class=\"wp-block-coblocks-accordion-item__content\">\n<p>Un camping insolite est en fait un type d&#8217;h\u00e9bergement o\u00f9 les caract\u00e9ristiques sont diff\u00e9rentes des campings habituels. Que ce soit par l&#8217;architecture ou la th\u00e9matique, entre autre.<\/p>\n<\/div><\/details><\/div>\n\n\n\n<div class=\"wp-block-coblocks-accordion-item\"><details><summary class=\"wp-block-coblocks-accordion-item__title\">Comment fonctionne un pr\u00eat-\u00e0-camper?<\/summary><div class=\"wp-block-coblocks-accordion-item__content\">\n<p>Formule parfaite pour s&#8217;initier au camping ou encore pour \u00e9viter de tout transporter lors du s\u00e9jour. Lors de votre s\u00e9jour, eau potable, un lit avec matelas, le n\u00e9cessaire de cuisson sur feu de bois, tables, bancs, feu individuel et commun, cuisine viking, espace commun couvert, toilettes, espace douche ext\u00e9rieur est disponible pour vous. Il ne reste que votre literie ou sac de couchage, nourriture, effets personnels et votre vaisselle \u00e0 apporter. Pr\u00e9voyez vos divers \u00e9quipements si vous voulez profiter des activit\u00e9s que Charlevoix peut vous offrir.<\/p>\n<\/div><\/details><\/div>\n\n\n\n<div class=\"wp-block-coblocks-accordion-item\"><details><summary class=\"wp-block-coblocks-accordion-item__title\">Doit-on \u00eatre habill\u00e9 en viking au camping?<\/summary><div class=\"wp-block-coblocks-accordion-item__content\">\n<p>Il n&#8217;est pas n\u00e9cessaire de vous habiller avec des v\u00eatements viking lors de votre s\u00e9jour au camping.<\/p>\n<\/div><\/details><\/div>\n\n\n\n<div class=\"wp-block-coblocks-accordion-item\"><details><summary class=\"wp-block-coblocks-accordion-item__title\">Que pouvons-nous faire sur le site?<\/summary><div class=\"wp-block-coblocks-accordion-item__content\">\n<p>Mis \u00e0 part profiter de la nature au quotidien, le terrain de 80 acres vous permet de marcher en for\u00eat, parcourir le sentier mythologique, jouer \u00e0 diff\u00e9rents jeux \u00e0 th\u00e9matique viking (Kubb, Hnefatafl), nos all\u00e9es de lancer de la hache sont aussi disponibles pour r\u00e9servation. \u00c0 la nuit tomb\u00e9e, profitez des \u00e9toiles, visibles du site puisque nous sommes loin des sources de lumi\u00e8re de la ville. Se rassembler autour du feu et laissez libre cours \u00e0 votre imagination!<\/p>\n<\/div><\/details><\/div>\n\n\n\n<div class=\"wp-block-coblocks-accordion-item\"><details><summary class=\"wp-block-coblocks-accordion-item__title\">Quels sont les activit\u00e9s \u00e0 proximit\u00e9?<\/summary><div class=\"wp-block-coblocks-accordion-item__content\">\n<p>Visiter notre page &#8220;Quoi faire dans Charlevoix&#8221;<\/p>\n<\/div><\/details><\/div>\n\n\n\n<div class=\"wp-block-coblocks-accordion-item\"><details><summary class=\"wp-block-coblocks-accordion-item__title\">Est-ce qu&#8217;il y aura des douches?<\/summary><div class=\"wp-block-coblocks-accordion-item__content\">\n<p>Lors de votre s\u00e9jour, vous aurez acc\u00e8s \u00e0 un espace douche ext\u00e9rieur (avec intimit\u00e9 bien entendu!). *Eau chauff\u00e9e au propane \u00e0 basse pression. <\/p>\n\n\n\n<p>Vous ne vous sentirez pas comme dans un spa d\u00e9tente mais vous serez propre ;). <\/p>\n\n\n\n<p>N&#8217;oubliez pas votre serviette et votre savon biod\u00e9gradable!<\/p>\n<\/div><\/details><\/div>\n\n\n\n<div class=\"wp-block-coblocks-accordion-item\"><details><summary class=\"wp-block-coblocks-accordion-item__title\">Doit-on apporter notre eau potable?<\/summary><div class=\"wp-block-coblocks-accordion-item__content\">\n<p>De l&#8217;eau potable sera mis \u00e0 votre disposition sous les auvents communs. Si vous pr\u00e9f\u00e9rez avoir un 18L d&#8217;eau directement \u00e0 votre tente, c&#8217;est possible!<\/p>\n\n\n\n<p>*18 litres d&#8217;eau avec une pompe : 10$ \u00e0 ajouter \u00e0 votre facture lors de votre location sur le site web.<\/p>\n<\/div><\/details><\/div>\n\n\n\n<div class=\"wp-block-coblocks-accordion-item\"><details><summary class=\"wp-block-coblocks-accordion-item__title\">Est-ce qu&#8217;on peut apporter des commodit\u00e9s de camping moderne tel qu&#8217;un petit po\u00eale au propane?<\/summary><div class=\"wp-block-coblocks-accordion-item__content\">\n<p>Oui, vous pouvez apporter toutes les commodit\u00e9s que vous d\u00e9sirez. Nous vous sugg\u00e9rons tout de m\u00eame de vivre l&#8217;exp\u00e9rience \u00e0 fond en utilisant votre feu de bois et les installations mises \u00e0 votre disposition.<\/p>\n\n\n\n<p>Un petit retour au source! <\/p>\n\n\n\n<p>Profitez-en pour cuisiner en famille et vivre le moment pr\u00e9sent.<\/p>\n<\/div><\/details><\/div>\n\n\n\n<div class=\"wp-block-coblocks-accordion-item\"><details><summary class=\"wp-block-coblocks-accordion-item__title\">Est-ce compliqu\u00e9 de cuire sur un feu de bois?<\/summary><div class=\"wp-block-coblocks-accordion-item__content\">\n<p>Si vous n&#8217;avez pas votre silex, apportez-vous des allumettes ou un briquet ;).<\/p>\n\n\n\n<p>C&#8217;est plus facile qu&#8217;on pourrait le croire. Vous aurez \u00e0 votre tente des chaudrons et po\u00eales en fonte pour faciliter votre quotidien. Une personne sera sur place pour vous guider au besoin. <\/p>\n\n\n\n<p>Ne pas oublier d&#8217;inclure du bois lors de votre location: 7$ par brass\u00e9e.<\/p>\n<\/div><\/details><\/div>\n\n\n\n<div class=\"wp-block-coblocks-accordion-item\"><details><summary class=\"wp-block-coblocks-accordion-item__title\">Quel est l&#8217;heure d&#8217;arriv\u00e9e et de d\u00e9part lors de notre s\u00e9jour?<\/summary><div class=\"wp-block-coblocks-accordion-item__content\">\n<p>Arriv\u00e9e entre 16h30 et 21h00.<\/p>\n\n\n\n<p>D\u00e9part \u00e0 11h00.<\/p>\n<\/div><\/details><\/div>\n<\/div>\n","protected":false},"excerpt":{"rendered":"","protected":false},"author":4,"featured_media":0,"parent":0,"menu_order":0,"comment_status":"closed","ping_status":"closed","template":"","meta":{"_coblocks_attr":"","_coblocks_dimensions":"","_coblocks_responsive_height":"","_coblocks_accordion_ie_support":"","footnotes":""},"class_list":["post-2740","page","type-page","status-publish","hentry"],"blocksy_meta":[],"yoast_head":"<!-- This site is optimized with the Yoast SEO plugin v27.5 - https:\/\/yoast.com\/product\/yoast-seo-wordpress\/ -->\n<title>Foire aux questions!<\/title>\n<meta name=\"robots\" content=\"index, follow, max-snippet:-1, max-image-preview:large, max-video-preview:-1\" \/>\n<link rel=\"canonical\" href=\"https:\/\/villageviking.com\/en\/foire-aux-questions\/\" \/>\n<meta property=\"og:locale\" content=\"en_US\" \/>\n<meta property=\"og:locale:alternate\" content=\"fr_FR\" \/>\n<meta property=\"og:type\" content=\"article\" \/>\n<meta property=\"og:title\" content=\"Foire aux questions!\" \/>\n<meta property=\"og:url\" content=\"https:\/\/villageviking.com\/en\/foire-aux-questions\/\" \/>\n<meta property=\"og:site_name\" content=\"Village Viking H\u00f3p\" \/>\n<meta property=\"article:publisher\" content=\"https:\/\/www.facebook.com\/profile.php?id=100083109181728\" \/>\n<meta property=\"article:modified_time\" content=\"2026-04-23T00:57:06+00:00\" \/>\n<meta name=\"twitter:card\" content=\"summary_large_image\" \/>\n<meta name=\"twitter:label1\" content=\"Est. reading time\" \/>\n\t<meta name=\"twitter:data1\" content=\"3 minutes\" \/>\n<script type=\"application\/ld+json\" class=\"yoast-schema-graph\">{\"@context\":\"https:\\\/\\\/schema.org\",\"@graph\":[{\"@type\":\"WebPage\",\"@id\":\"https:\\\/\\\/villageviking.com\\\/foire-aux-questions\\\/\",\"url\":\"https:\\\/\\\/villageviking.com\\\/foire-aux-questions\\\/\",\"name\":\"Foire aux questions!\",\"isPartOf\":{\"@id\":\"https:\\\/\\\/villageviking.com\\\/#website\"},\"datePublished\":\"2026-03-14T21:52:41+00:00\",\"dateModified\":\"2026-04-23T00:57:06+00:00\",\"breadcrumb\":{\"@id\":\"https:\\\/\\\/villageviking.com\\\/foire-aux-questions\\\/#breadcrumb\"},\"inLanguage\":\"en-US\",\"potentialAction\":[{\"@type\":\"ReadAction\",\"target\":[\"https:\\\/\\\/villageviking.com\\\/foire-aux-questions\\\/\"]}]},{\"@type\":\"BreadcrumbList\",\"@id\":\"https:\\\/\\\/villageviking.com\\\/foire-aux-questions\\\/#breadcrumb\",\"itemListElement\":[{\"@type\":\"ListItem\",\"position\":1,\"name\":\"Accueil\",\"item\":\"https:\\\/\\\/villageviking.com\\\/\"},{\"@type\":\"ListItem\",\"position\":2,\"name\":\"Foire aux questions!\"}]},{\"@type\":\"WebSite\",\"@id\":\"https:\\\/\\\/villageviking.com\\\/#website\",\"url\":\"https:\\\/\\\/villageviking.com\\\/\",\"name\":\"Village Viking H\u00f3p\",\"description\":\"\",\"publisher\":{\"@id\":\"https:\\\/\\\/villageviking.com\\\/#organization\"},\"potentialAction\":[{\"@type\":\"SearchAction\",\"target\":{\"@type\":\"EntryPoint\",\"urlTemplate\":\"https:\\\/\\\/villageviking.com\\\/?s={search_term_string}\"},\"query-input\":{\"@type\":\"PropertyValueSpecification\",\"valueRequired\":true,\"valueName\":\"search_term_string\"}}],\"inLanguage\":\"en-US\"},{\"@type\":\"Organization\",\"@id\":\"https:\\\/\\\/villageviking.com\\\/#organization\",\"name\":\"Village Viking H\u00f3p\",\"alternateName\":\"Village Viking\",\"url\":\"https:\\\/\\\/villageviking.com\\\/\",\"logo\":{\"@type\":\"ImageObject\",\"inLanguage\":\"en-US\",\"@id\":\"https:\\\/\\\/villageviking.com\\\/#\\\/schema\\\/logo\\\/image\\\/\",\"url\":\"https:\\\/\\\/villageviking.com\\\/wp-content\\\/uploads\\\/2023\\\/01\\\/cropped-Logotype_HOP_noir_.png\",\"contentUrl\":\"https:\\\/\\\/villageviking.com\\\/wp-content\\\/uploads\\\/2023\\\/01\\\/cropped-Logotype_HOP_noir_.png\",\"width\":2103,\"height\":1062,\"caption\":\"Village Viking H\u00f3p\"},\"image\":{\"@id\":\"https:\\\/\\\/villageviking.com\\\/#\\\/schema\\\/logo\\\/image\\\/\"},\"sameAs\":[\"https:\\\/\\\/www.facebook.com\\\/profile.php?id=100083109181728\",\"https:\\\/\\\/www.instagram.com\\\/hop_viking_village\\\/\",\"https:\\\/\\\/www.tiktok.com\\\/@villagevikinghop\"]}]}<\/script>\n<!-- \/ Yoast SEO plugin. -->","yoast_head_json":{"title":"Foire aux questions!","robots":{"index":"index","follow":"follow","max-snippet":"max-snippet:-1","max-image-preview":"max-image-preview:large","max-video-preview":"max-video-preview:-1"},"canonical":"https:\/\/villageviking.com\/en\/foire-aux-questions\/","og_locale":"en_US","og_type":"article","og_title":"[:fr]Foire aux questions![:] - Village Viking H\u00f3p","og_url":"https:\/\/villageviking.com\/en\/foire-aux-questions\/","og_site_name":"Village Viking H\u00f3p","article_publisher":"https:\/\/www.facebook.com\/profile.php?id=100083109181728","article_modified_time":"2026-04-23T00:57:06+00:00","twitter_card":"summary_large_image","twitter_misc":{"Est. reading time":"3 minutes"},"schema":{"@context":"https:\/\/schema.org","@graph":[{"@type":"WebPage","@id":"https:\/\/villageviking.com\/foire-aux-questions\/","url":"https:\/\/villageviking.com\/foire-aux-questions\/","name":"Foire aux questions!","isPartOf":{"@id":"https:\/\/villageviking.com\/#website"},"datePublished":"2026-03-14T21:52:41+00:00","dateModified":"2026-04-23T00:57:06+00:00","breadcrumb":{"@id":"https:\/\/villageviking.com\/foire-aux-questions\/#breadcrumb"},"inLanguage":"en-US","potentialAction":[{"@type":"ReadAction","target":["https:\/\/villageviking.com\/foire-aux-questions\/"]}]},{"@type":"BreadcrumbList","@id":"https:\/\/villageviking.com\/foire-aux-questions\/#breadcrumb","itemListElement":[{"@type":"ListItem","position":1,"name":"Accueil","item":"https:\/\/villageviking.com\/"},{"@type":"ListItem","position":2,"name":"Foire aux questions!"}]},{"@type":"WebSite","@id":"https:\/\/villageviking.com\/#website","url":"https:\/\/villageviking.com\/","name":"Village Viking H\u00f3p","description":"","publisher":{"@id":"https:\/\/villageviking.com\/#organization"},"potentialAction":[{"@type":"SearchAction","target":{"@type":"EntryPoint","urlTemplate":"https:\/\/villageviking.com\/?s={search_term_string}"},"query-input":{"@type":"PropertyValueSpecification","valueRequired":true,"valueName":"search_term_string"}}],"inLanguage":"en-US"},{"@type":"Organization","@id":"https:\/\/villageviking.com\/#organization","name":"Village Viking H\u00f3p","alternateName":"Village Viking","url":"https:\/\/villageviking.com\/","logo":{"@type":"ImageObject","inLanguage":"en-US","@id":"https:\/\/villageviking.com\/#\/schema\/logo\/image\/","url":"https:\/\/villageviking.com\/wp-content\/uploads\/2023\/01\/cropped-Logotype_HOP_noir_.png","contentUrl":"https:\/\/villageviking.com\/wp-content\/uploads\/2023\/01\/cropped-Logotype_HOP_noir_.png","width":2103,"height":1062,"caption":"Village Viking H\u00f3p"},"image":{"@id":"https:\/\/villageviking.com\/#\/schema\/logo\/image\/"},"sameAs":["https:\/\/www.facebook.com\/profile.php?id=100083109181728","https:\/\/www.instagram.com\/hop_viking_village\/","https:\/\/www.tiktok.com\/@villagevikinghop"]}]}},"jetpack_sharing_enabled":true,"_links":{"self":[{"href":"https:\/\/villageviking.com\/en\/wp-json\/wp\/v2\/pages\/2740","targetHints":{"allow":["GET"]}}],"collection":[{"href":"https:\/\/villageviking.com\/en\/wp-json\/wp\/v2\/pages"}],"about":[{"href":"https:\/\/villageviking.com\/en\/wp-json\/wp\/v2\/types\/page"}],"author":[{"embeddable":true,"href":"https:\/\/villageviking.com\/en\/wp-json\/wp\/v2\/users\/4"}],"replies":[{"embeddable":true,"href":"https:\/\/villageviking.com\/en\/wp-json\/wp\/v2\/comments?post=2740"}],"version-history":[{"count":2,"href":"https:\/\/villageviking.com\/en\/wp-json\/wp\/v2\/pages\/2740\/revisions"}],"predecessor-version":[{"id":3999,"href":"https:\/\/villageviking.com\/en\/wp-json\/wp\/v2\/pages\/2740\/revisions\/3999"}],"wp:attachment":[{"href":"https:\/\/villageviking.com\/en\/wp-json\/wp\/v2\/media?parent=2740"}],"curies":[{"name":"wp","href":"https:\/\/api.w.org\/{rel}","templated":true}]}}