{"id":3321,"date":"2026-04-04T22:15:56","date_gmt":"2026-04-04T22:15:56","guid":{"rendered":"https:\/\/villageviking.com\/?page_id=3321"},"modified":"2026-04-17T01:32:39","modified_gmt":"2026-04-17T01:32:39","slug":"village-viking-contact","status":"publish","type":"page","link":"https:\/\/villageviking.com\/en\/village-viking-contact\/","title":{"rendered":"Village viking Contact"},"content":{"rendered":"\n<div class=\"wp-block-cover alignfull is-light\"><img loading=\"lazy\" decoding=\"async\" width=\"1024\" height=\"337\" class=\"wp-block-cover__image-background wp-image-2936 size-large\" alt=\"\" src=\"http:\/\/villageviking.com\/wp-content\/uploads\/2026\/03\/contact-1024x337.png\" data-object-fit=\"cover\" srcset=\"https:\/\/villageviking.com\/wp-content\/uploads\/2026\/03\/contact-1024x337.png 1024w, https:\/\/villageviking.com\/wp-content\/uploads\/2026\/03\/contact-600x198.png 600w, https:\/\/villageviking.com\/wp-content\/uploads\/2026\/03\/contact-300x99.png 300w, https:\/\/villageviking.com\/wp-content\/uploads\/2026\/03\/contact-768x253.png 768w, https:\/\/villageviking.com\/wp-content\/uploads\/2026\/03\/contact-1536x506.png 1536w, https:\/\/villageviking.com\/wp-content\/uploads\/2026\/03\/contact-100x33.png 100w, https:\/\/villageviking.com\/wp-content\/uploads\/2026\/03\/contact.png 1695w\" sizes=\"auto, (max-width: 1024px) 100vw, 1024px\" \/><span aria-hidden=\"true\" class=\"wp-block-cover__background has-background-dim-20 has-background-dim\" style=\"background-color:#c8d2d4\"><\/span><div class=\"wp-block-cover__inner-container is-layout-constrained wp-block-cover-is-layout-constrained\">\n<h1 class=\"wp-block-heading has-text-align-center has-times-new-roman-font-family has-custom-font\" style=\"font-family:Times New Roman;font-size:100px\">Contact<\/h1>\n<\/div><\/div>\n\n\n\n<div class=\"wp-block-group is-vertical is-content-justification-center is-layout-flex wp-container-core-group-is-layout-ce155fab wp-block-group-is-layout-flex\" style=\"font-size:clamp(14px, 0.875rem + ((1vw - 3.2px) * 0.469), 20px);\">\n<p class=\"has-text-align-center\"><strong>Plongez dans l\u2019univers du Village Viking H\u00f3p et vivez l\u2019\u00e9poque Viking de pr\u00e8s !<\/strong><\/p>\n\n\n\n<p class=\"has-text-align-center\"><strong>Notre mission : rendre cette exp\u00e9rience unique accessible \u00e0 tous, et partager avec vous l\u2019esprit des communaut\u00e9s nordiques d\u2019antan. En d\u00e9couvrant notre projet, vous explorez l\u2019histoire, les traditions et la vie simple mais riche de nos anc\u00eatres.<\/strong><\/p>\n\n\n\n<p class=\"has-text-align-center\"><strong>Pour toutes vos questions ou pour en savoir plus:<\/strong><\/p>\n<\/div>\n\n\n\n<div class=\"wp-block-columns alignfull is-layout-flex wp-container-core-columns-is-layout-28f84493 wp-block-columns-is-layout-flex\">\n<div class=\"wp-block-column is-layout-flow wp-block-column-is-layout-flow\">\n<div class=\"wp-block-cover\" style=\"min-height:253px;aspect-ratio:unset;\"><img loading=\"lazy\" decoding=\"async\" width=\"960\" height=\"640\" class=\"wp-block-cover__image-background wp-image-3035 size-full\" alt=\"\" src=\"http:\/\/villageviking.com\/wp-content\/uploads\/2023\/01\/crop-0-0-960-640-0-Preouverture2022-17-scaled.jpg\" style=\"object-position:45% 33%\" data-object-fit=\"cover\" data-object-position=\"45% 33%\" srcset=\"https:\/\/villageviking.com\/wp-content\/uploads\/2023\/01\/crop-0-0-960-640-0-Preouverture2022-17-scaled.jpg 960w, https:\/\/villageviking.com\/wp-content\/uploads\/2023\/01\/crop-0-0-960-640-0-Preouverture2022-17-scaled-600x400.jpg 600w, https:\/\/villageviking.com\/wp-content\/uploads\/2023\/01\/crop-0-0-960-640-0-Preouverture2022-17-scaled-300x200.jpg 300w, https:\/\/villageviking.com\/wp-content\/uploads\/2023\/01\/crop-0-0-960-640-0-Preouverture2022-17-scaled-768x512.jpg 768w, https:\/\/villageviking.com\/wp-content\/uploads\/2023\/01\/crop-0-0-960-640-0-Preouverture2022-17-scaled-100x67.jpg 100w\" sizes=\"auto, (max-width: 960px) 100vw, 960px\" \/><span aria-hidden=\"true\" class=\"wp-block-cover__background has-background-dim-30 has-background-dim\" style=\"background-color:#4a463d\"><\/span><div class=\"wp-block-cover__inner-container is-layout-constrained wp-block-cover-is-layout-constrained\">\n<h2 class=\"wp-block-heading has-text-align-center has-palette-color-6-color has-text-color has-link-color wp-elements-b28def8126420fae5d7932054d1e8295\">T\u00e9l\u00e9phone<\/h2>\n\n\n\n<p class=\"has-text-align-center has-quaternary-color has-text-color has-link-color wp-elements-3989a158974e0b90c48e7cb3079c2684\" style=\"font-size:31px\">(581) 446\u20119286<\/p>\n<\/div><\/div>\n<\/div>\n\n\n\n<div class=\"wp-block-column is-layout-flow wp-block-column-is-layout-flow\">\n<div class=\"wp-block-cover\" style=\"min-height:255px;aspect-ratio:unset;\"><img loading=\"lazy\" decoding=\"async\" width=\"1536\" height=\"1024\" class=\"wp-block-cover__image-background wp-image-3044 size-full\" alt=\"\" src=\"http:\/\/villageviking.com\/wp-content\/uploads\/2023\/01\/crop-481-280-1536-1024-0-Preouverture2022-25-scaled.jpg\" style=\"object-position:54% 50%\" data-object-fit=\"cover\" data-object-position=\"54% 50%\" srcset=\"https:\/\/villageviking.com\/wp-content\/uploads\/2023\/01\/crop-481-280-1536-1024-0-Preouverture2022-25-scaled.jpg 1536w, https:\/\/villageviking.com\/wp-content\/uploads\/2023\/01\/crop-481-280-1536-1024-0-Preouverture2022-25-scaled-600x400.jpg 600w, https:\/\/villageviking.com\/wp-content\/uploads\/2023\/01\/crop-481-280-1536-1024-0-Preouverture2022-25-scaled-300x200.jpg 300w, https:\/\/villageviking.com\/wp-content\/uploads\/2023\/01\/crop-481-280-1536-1024-0-Preouverture2022-25-scaled-1024x683.jpg 1024w, https:\/\/villageviking.com\/wp-content\/uploads\/2023\/01\/crop-481-280-1536-1024-0-Preouverture2022-25-scaled-768x512.jpg 768w, https:\/\/villageviking.com\/wp-content\/uploads\/2023\/01\/crop-481-280-1536-1024-0-Preouverture2022-25-scaled-100x67.jpg 100w\" sizes=\"auto, (max-width: 1536px) 100vw, 1536px\" \/><span aria-hidden=\"true\" class=\"wp-block-cover__background has-background-dim-20 has-background-dim\" style=\"background-color:#4a4e46\"><\/span><div class=\"wp-block-cover__inner-container is-layout-constrained wp-block-cover-is-layout-constrained\">\n<h2 class=\"wp-block-heading has-text-align-center has-palette-color-6-color has-text-color has-link-color wp-elements-078bd6fbc18a054bbc67a00ece98ccd7\">Couriel<\/h2>\n\n\n\n<p class=\"has-text-align-center has-quaternary-color has-text-color has-link-color has-large-font-size wp-elements-c7722e4a57a24dbe7468698e1ea58811\"><a href=\"mailto:villagevikinghop@gmail.com\">villagevikinghop@gmail.com<\/a><\/p>\n<\/div><\/div>\n<\/div>\n<\/div>\n\n\n\n<div class=\"wp-block-cover\"><img loading=\"lazy\" decoding=\"async\" width=\"1920\" height=\"2560\" class=\"wp-block-cover__image-background wp-image-3020 size-full\" alt=\"\" src=\"http:\/\/villageviking.com\/wp-content\/uploads\/2026\/03\/IMG_6225-scaled.jpg\" style=\"object-position:39% 46%\" data-object-fit=\"cover\" data-object-position=\"39% 46%\" srcset=\"https:\/\/villageviking.com\/wp-content\/uploads\/2026\/03\/IMG_6225-scaled.jpg 1920w, https:\/\/villageviking.com\/wp-content\/uploads\/2026\/03\/IMG_6225-scaled-600x800.jpg 600w, https:\/\/villageviking.com\/wp-content\/uploads\/2026\/03\/IMG_6225-225x300.jpg 225w, https:\/\/villageviking.com\/wp-content\/uploads\/2026\/03\/IMG_6225-768x1024.jpg 768w, https:\/\/villageviking.com\/wp-content\/uploads\/2026\/03\/IMG_6225-1152x1536.jpg 1152w, https:\/\/villageviking.com\/wp-content\/uploads\/2026\/03\/IMG_6225-1536x2048.jpg 1536w, https:\/\/villageviking.com\/wp-content\/uploads\/2026\/03\/IMG_6225-100x133.jpg 100w\" sizes=\"auto, (max-width: 1920px) 100vw, 1920px\" \/><span aria-hidden=\"true\" class=\"wp-block-cover__background has-background-dim-20 has-background-dim\" style=\"background-color:#607e86\"><\/span><div class=\"wp-block-cover__inner-container is-layout-constrained wp-block-cover-is-layout-constrained\">\n<h2 class=\"wp-block-heading has-text-align-center has-palette-color-6-color has-text-color has-link-color wp-elements-7c984f119eb6ea08b524d4858f3a2254\">Adresse<\/h2>\n\n\n\n<p class=\"has-text-align-center\">870 Rue Saint Laurent, Saint-Sim\u00e9on<\/p>\n\n\n\n<p class=\"has-text-align-center\">Charlevoix, Qu\u00e9bec, Canada<\/p>\n\n\n\n<p class=\"has-text-align-center\">G0T-1X0<\/p>\n<\/div><\/div>\n\n\n\n<div class=\"wp-block-cover alignfull is-light\" style=\"min-height:174px;aspect-ratio:unset;\"><img loading=\"lazy\" decoding=\"async\" width=\"768\" height=\"1024\" class=\"wp-block-cover__image-background wp-image-3045 size-large\" alt=\"\" src=\"https:\/\/villageviking.com\/wp-content\/uploads\/2026\/03\/renard-768x1024.jpg\" style=\"object-position:41% 42%\" data-object-fit=\"cover\" data-object-position=\"41% 42%\" srcset=\"https:\/\/villageviking.com\/wp-content\/uploads\/2026\/03\/renard-768x1024.jpg 768w, https:\/\/villageviking.com\/wp-content\/uploads\/2026\/03\/renard-scaled-600x800.jpg 600w, https:\/\/villageviking.com\/wp-content\/uploads\/2026\/03\/renard-225x300.jpg 225w, https:\/\/villageviking.com\/wp-content\/uploads\/2026\/03\/renard-1152x1536.jpg 1152w, https:\/\/villageviking.com\/wp-content\/uploads\/2026\/03\/renard-1536x2048.jpg 1536w, https:\/\/villageviking.com\/wp-content\/uploads\/2026\/03\/renard-100x133.jpg 100w, https:\/\/villageviking.com\/wp-content\/uploads\/2026\/03\/renard-scaled.jpg 1920w\" sizes=\"auto, (max-width: 768px) 100vw, 768px\" \/><span aria-hidden=\"true\" class=\"wp-block-cover__background has-background-dim-20 has-background-dim\" style=\"background-color:#808077\"><\/span><div class=\"wp-block-cover__inner-container is-layout-constrained wp-block-cover-is-layout-constrained\">\n<p class=\"has-text-align-left has-palette-color-6-color has-text-color has-link-color has-medium-font-size wp-elements-0b24b52580cb89217fc2c41046fb233f\" style=\"font-size:76px\"><strong>R\u00e9seau Sociaux<br><\/strong>Suivez-nous pour nos derni\u00e8res aventures !<\/p>\n<\/div><\/div>\n","protected":false},"excerpt":{"rendered":"<p>Plongez dans l\u2019univers du Village Viking H\u00f3p et vivez l\u2019\u00e9poque Viking de pr\u00e8s ! Notre mission : rendre cette exp\u00e9rience unique accessible \u00e0 tous, et partager avec vous l\u2019esprit des communaut\u00e9s nordiques d\u2019antan. En d\u00e9couvrant notre projet, vous explorez l\u2019histoire, les traditions et la vie simple mais riche de nos anc\u00eatres. Pour toutes vos questions [&hellip;]<\/p>\n","protected":false},"author":4,"featured_media":0,"parent":0,"menu_order":0,"comment_status":"closed","ping_status":"closed","template":"","meta":{"_coblocks_attr":"Arial,Times New Roman","_coblocks_dimensions":"","_coblocks_responsive_height":"","_coblocks_accordion_ie_support":"","footnotes":""},"class_list":["post-3321","page","type-page","status-publish","hentry"],"blocksy_meta":[],"yoast_head":"<!-- This site is optimized with the Yoast SEO plugin v27.5 - https:\/\/yoast.com\/product\/yoast-seo-wordpress\/ -->\n<title>Village viking Contact<\/title>\n<meta name=\"robots\" content=\"index, follow, max-snippet:-1, max-image-preview:large, max-video-preview:-1\" \/>\n<link rel=\"canonical\" href=\"https:\/\/villageviking.com\/en\/village-viking-contact\/\" \/>\n<meta property=\"og:locale\" content=\"en_US\" \/>\n<meta property=\"og:locale:alternate\" content=\"fr_FR\" \/>\n<meta property=\"og:type\" content=\"article\" \/>\n<meta property=\"og:title\" content=\"Village viking Contact\" \/>\n<meta property=\"og:description\" content=\"Plongez dans l\u2019univers du Village Viking H\u00f3p et vivez l\u2019\u00e9poque Viking de pr\u00e8s ! Notre mission : rendre cette exp\u00e9rience unique accessible \u00e0 tous, et partager avec vous l\u2019esprit des communaut\u00e9s nordiques d\u2019antan. En d\u00e9couvrant notre projet, vous explorez l\u2019histoire, les traditions et la vie simple mais riche de nos anc\u00eatres. Pour toutes vos questions [&hellip;]\" \/>\n<meta property=\"og:url\" content=\"https:\/\/villageviking.com\/en\/village-viking-contact\/\" \/>\n<meta property=\"og:site_name\" content=\"Village Viking H\u00f3p\" \/>\n<meta property=\"article:publisher\" content=\"https:\/\/www.facebook.com\/profile.php?id=100083109181728\" \/>\n<meta property=\"article:modified_time\" content=\"2026-04-17T01:32:39+00:00\" \/>\n<meta property=\"og:image\" content=\"https:\/\/villageviking.com\/wp-content\/uploads\/2026\/03\/contact.png\" \/>\n\t<meta property=\"og:image:width\" content=\"1695\" \/>\n\t<meta property=\"og:image:height\" content=\"558\" \/>\n\t<meta property=\"og:image:type\" content=\"image\/png\" \/>\n<meta name=\"twitter:card\" content=\"summary_large_image\" \/>\n<meta name=\"twitter:label1\" content=\"Est. reading time\" \/>\n\t<meta name=\"twitter:data1\" content=\"2 minutes\" \/>\n<script type=\"application\/ld+json\" class=\"yoast-schema-graph\">{\"@context\":\"https:\\\/\\\/schema.org\",\"@graph\":[{\"@type\":\"WebPage\",\"@id\":\"https:\\\/\\\/villageviking.com\\\/village-viking-contact\\\/\",\"url\":\"https:\\\/\\\/villageviking.com\\\/village-viking-contact\\\/\",\"name\":\"Village viking Contact\",\"isPartOf\":{\"@id\":\"https:\\\/\\\/villageviking.com\\\/#website\"},\"primaryImageOfPage\":{\"@id\":\"https:\\\/\\\/villageviking.com\\\/village-viking-contact\\\/#primaryimage\"},\"image\":{\"@id\":\"https:\\\/\\\/villageviking.com\\\/village-viking-contact\\\/#primaryimage\"},\"thumbnailUrl\":\"http:\\\/\\\/villageviking.com\\\/wp-content\\\/uploads\\\/2026\\\/03\\\/contact-1024x337.png\",\"datePublished\":\"2026-04-04T22:15:56+00:00\",\"dateModified\":\"2026-04-17T01:32:39+00:00\",\"breadcrumb\":{\"@id\":\"https:\\\/\\\/villageviking.com\\\/village-viking-contact\\\/#breadcrumb\"},\"inLanguage\":\"en-US\",\"potentialAction\":[{\"@type\":\"ReadAction\",\"target\":[\"https:\\\/\\\/villageviking.com\\\/village-viking-contact\\\/\"]}]},{\"@type\":\"ImageObject\",\"inLanguage\":\"en-US\",\"@id\":\"https:\\\/\\\/villageviking.com\\\/village-viking-contact\\\/#primaryimage\",\"url\":\"http:\\\/\\\/villageviking.com\\\/wp-content\\\/uploads\\\/2026\\\/03\\\/contact-1024x337.png\",\"contentUrl\":\"http:\\\/\\\/villageviking.com\\\/wp-content\\\/uploads\\\/2026\\\/03\\\/contact-1024x337.png\"},{\"@type\":\"BreadcrumbList\",\"@id\":\"https:\\\/\\\/villageviking.com\\\/village-viking-contact\\\/#breadcrumb\",\"itemListElement\":[{\"@type\":\"ListItem\",\"position\":1,\"name\":\"Accueil\",\"item\":\"https:\\\/\\\/villageviking.com\\\/\"},{\"@type\":\"ListItem\",\"position\":2,\"name\":\"Village viking Contact\"}]},{\"@type\":\"WebSite\",\"@id\":\"https:\\\/\\\/villageviking.com\\\/#website\",\"url\":\"https:\\\/\\\/villageviking.com\\\/\",\"name\":\"Village Viking H\u00f3p\",\"description\":\"\",\"publisher\":{\"@id\":\"https:\\\/\\\/villageviking.com\\\/#organization\"},\"potentialAction\":[{\"@type\":\"SearchAction\",\"target\":{\"@type\":\"EntryPoint\",\"urlTemplate\":\"https:\\\/\\\/villageviking.com\\\/?s={search_term_string}\"},\"query-input\":{\"@type\":\"PropertyValueSpecification\",\"valueRequired\":true,\"valueName\":\"search_term_string\"}}],\"inLanguage\":\"en-US\"},{\"@type\":\"Organization\",\"@id\":\"https:\\\/\\\/villageviking.com\\\/#organization\",\"name\":\"Village Viking H\u00f3p\",\"alternateName\":\"Village Viking\",\"url\":\"https:\\\/\\\/villageviking.com\\\/\",\"logo\":{\"@type\":\"ImageObject\",\"inLanguage\":\"en-US\",\"@id\":\"https:\\\/\\\/villageviking.com\\\/#\\\/schema\\\/logo\\\/image\\\/\",\"url\":\"https:\\\/\\\/villageviking.com\\\/wp-content\\\/uploads\\\/2023\\\/01\\\/cropped-Logotype_HOP_noir_.png\",\"contentUrl\":\"https:\\\/\\\/villageviking.com\\\/wp-content\\\/uploads\\\/2023\\\/01\\\/cropped-Logotype_HOP_noir_.png\",\"width\":2103,\"height\":1062,\"caption\":\"Village Viking H\u00f3p\"},\"image\":{\"@id\":\"https:\\\/\\\/villageviking.com\\\/#\\\/schema\\\/logo\\\/image\\\/\"},\"sameAs\":[\"https:\\\/\\\/www.facebook.com\\\/profile.php?id=100083109181728\",\"https:\\\/\\\/www.instagram.com\\\/hop_viking_village\\\/\",\"https:\\\/\\\/www.tiktok.com\\\/@villagevikinghop\"]}]}<\/script>\n<!-- \/ Yoast SEO plugin. -->","yoast_head_json":{"title":"Village viking Contact","robots":{"index":"index","follow":"follow","max-snippet":"max-snippet:-1","max-image-preview":"max-image-preview:large","max-video-preview":"max-video-preview:-1"},"canonical":"https:\/\/villageviking.com\/en\/village-viking-contact\/","og_locale":"en_US","og_type":"article","og_title":"[:fr]Village viking Contact[:] - Village Viking H\u00f3p","og_description":"Plongez dans l\u2019univers du Village Viking H\u00f3p et vivez l\u2019\u00e9poque Viking de pr\u00e8s ! Notre mission : rendre cette exp\u00e9rience unique accessible \u00e0 tous, et partager avec vous l\u2019esprit des communaut\u00e9s nordiques d\u2019antan. En d\u00e9couvrant notre projet, vous explorez l\u2019histoire, les traditions et la vie simple mais riche de nos anc\u00eatres. Pour toutes vos questions [&hellip;]","og_url":"https:\/\/villageviking.com\/en\/village-viking-contact\/","og_site_name":"Village Viking H\u00f3p","article_publisher":"https:\/\/www.facebook.com\/profile.php?id=100083109181728","article_modified_time":"2026-04-17T01:32:39+00:00","og_image":[{"width":1695,"height":558,"url":"https:\/\/villageviking.com\/wp-content\/uploads\/2026\/03\/contact.png","type":"image\/png"}],"twitter_card":"summary_large_image","twitter_misc":{"Est. reading time":"2 minutes"},"schema":{"@context":"https:\/\/schema.org","@graph":[{"@type":"WebPage","@id":"https:\/\/villageviking.com\/village-viking-contact\/","url":"https:\/\/villageviking.com\/village-viking-contact\/","name":"Village viking Contact","isPartOf":{"@id":"https:\/\/villageviking.com\/#website"},"primaryImageOfPage":{"@id":"https:\/\/villageviking.com\/village-viking-contact\/#primaryimage"},"image":{"@id":"https:\/\/villageviking.com\/village-viking-contact\/#primaryimage"},"thumbnailUrl":"http:\/\/villageviking.com\/wp-content\/uploads\/2026\/03\/contact-1024x337.png","datePublished":"2026-04-04T22:15:56+00:00","dateModified":"2026-04-17T01:32:39+00:00","breadcrumb":{"@id":"https:\/\/villageviking.com\/village-viking-contact\/#breadcrumb"},"inLanguage":"en-US","potentialAction":[{"@type":"ReadAction","target":["https:\/\/villageviking.com\/village-viking-contact\/"]}]},{"@type":"ImageObject","inLanguage":"en-US","@id":"https:\/\/villageviking.com\/village-viking-contact\/#primaryimage","url":"http:\/\/villageviking.com\/wp-content\/uploads\/2026\/03\/contact-1024x337.png","contentUrl":"http:\/\/villageviking.com\/wp-content\/uploads\/2026\/03\/contact-1024x337.png"},{"@type":"BreadcrumbList","@id":"https:\/\/villageviking.com\/village-viking-contact\/#breadcrumb","itemListElement":[{"@type":"ListItem","position":1,"name":"Accueil","item":"https:\/\/villageviking.com\/"},{"@type":"ListItem","position":2,"name":"Village viking Contact"}]},{"@type":"WebSite","@id":"https:\/\/villageviking.com\/#website","url":"https:\/\/villageviking.com\/","name":"Village Viking H\u00f3p","description":"","publisher":{"@id":"https:\/\/villageviking.com\/#organization"},"potentialAction":[{"@type":"SearchAction","target":{"@type":"EntryPoint","urlTemplate":"https:\/\/villageviking.com\/?s={search_term_string}"},"query-input":{"@type":"PropertyValueSpecification","valueRequired":true,"valueName":"search_term_string"}}],"inLanguage":"en-US"},{"@type":"Organization","@id":"https:\/\/villageviking.com\/#organization","name":"Village Viking H\u00f3p","alternateName":"Village Viking","url":"https:\/\/villageviking.com\/","logo":{"@type":"ImageObject","inLanguage":"en-US","@id":"https:\/\/villageviking.com\/#\/schema\/logo\/image\/","url":"https:\/\/villageviking.com\/wp-content\/uploads\/2023\/01\/cropped-Logotype_HOP_noir_.png","contentUrl":"https:\/\/villageviking.com\/wp-content\/uploads\/2023\/01\/cropped-Logotype_HOP_noir_.png","width":2103,"height":1062,"caption":"Village Viking H\u00f3p"},"image":{"@id":"https:\/\/villageviking.com\/#\/schema\/logo\/image\/"},"sameAs":["https:\/\/www.facebook.com\/profile.php?id=100083109181728","https:\/\/www.instagram.com\/hop_viking_village\/","https:\/\/www.tiktok.com\/@villagevikinghop"]}]}},"jetpack_sharing_enabled":true,"_links":{"self":[{"href":"https:\/\/villageviking.com\/en\/wp-json\/wp\/v2\/pages\/3321","targetHints":{"allow":["GET"]}}],"collection":[{"href":"https:\/\/villageviking.com\/en\/wp-json\/wp\/v2\/pages"}],"about":[{"href":"https:\/\/villageviking.com\/en\/wp-json\/wp\/v2\/types\/page"}],"author":[{"embeddable":true,"href":"https:\/\/villageviking.com\/en\/wp-json\/wp\/v2\/users\/4"}],"replies":[{"embeddable":true,"href":"https:\/\/villageviking.com\/en\/wp-json\/wp\/v2\/comments?post=3321"}],"version-history":[{"count":3,"href":"https:\/\/villageviking.com\/en\/wp-json\/wp\/v2\/pages\/3321\/revisions"}],"predecessor-version":[{"id":3930,"href":"https:\/\/villageviking.com\/en\/wp-json\/wp\/v2\/pages\/3321\/revisions\/3930"}],"wp:attachment":[{"href":"https:\/\/villageviking.com\/en\/wp-json\/wp\/v2\/media?parent=3321"}],"curies":[{"name":"wp","href":"https:\/\/api.w.org\/{rel}","templated":true}]}}