{"id":3094,"date":"2026-03-20T01:16:57","date_gmt":"2026-03-20T01:16:57","guid":{"rendered":"https:\/\/villageviking.com\/?post_type=product&#038;p=3094"},"modified":"2026-04-10T21:04:38","modified_gmt":"2026-04-10T21:04:38","slug":"sac-ceinture-tarsoly-noeux-viking","status":"publish","type":"product","link":"https:\/\/villageviking.com\/en\/product\/sac-ceinture-tarsoly-noeux-viking\/","title":{"rendered":"Sac de ceinture Tarsoly \u2013 Style Viking"},"content":{"rendered":"<p><img loading=\"lazy\" decoding=\"async\" class=\"alignnone size-medium wp-image-3816\" src=\"http:\/\/villageviking.com\/wp-content\/uploads\/2026\/04\/Gemini_Generated_Image_ij8lctij8lctij8l-287x300.png\" alt=\"\" width=\"287\" height=\"300\" srcset=\"https:\/\/villageviking.com\/wp-content\/uploads\/2026\/04\/Gemini_Generated_Image_ij8lctij8lctij8l-287x300.png 287w, https:\/\/villageviking.com\/wp-content\/uploads\/2026\/04\/Gemini_Generated_Image_ij8lctij8lctij8l-600x627.png 600w, https:\/\/villageviking.com\/wp-content\/uploads\/2026\/04\/Gemini_Generated_Image_ij8lctij8lctij8l-979x1024.png 979w, https:\/\/villageviking.com\/wp-content\/uploads\/2026\/04\/Gemini_Generated_Image_ij8lctij8lctij8l-768x803.png 768w, https:\/\/villageviking.com\/wp-content\/uploads\/2026\/04\/Gemini_Generated_Image_ij8lctij8lctij8l-100x105.png 100w, https:\/\/villageviking.com\/wp-content\/uploads\/2026\/04\/Gemini_Generated_Image_ij8lctij8lctij8l.png 1008w\" sizes=\"auto, (max-width: 287px) 100vw, 287px\" \/><\/p>\n","protected":false},"excerpt":{"rendered":"<h2 data-section-id=\"17s9pwc\" data-start=\"79\" data-end=\"124\"><strong data-start=\"82\" data-end=\"124\">Sac de ceinture Tarsoly \u2013 Style Viking<\/strong><\/h2>\n<p data-start=\"126\" data-end=\"354\">Sac inspir\u00e9 des pochettes <strong data-start=\"152\" data-end=\"163\">tarsoly<\/strong> utilis\u00e9es par les Vikings de l\u2019Est et les peuples magyars. Un accessoire \u00e0 la fois pratique et charg\u00e9 d\u2019histoire, avec une finition m\u00e9tallique distinctive et une fermeture en forme de hache.<\/p>\n<hr data-start=\"356\" data-end=\"359\" \/>\n<p data-start=\"361\" data-end=\"385\"><strong data-start=\"361\" data-end=\"383\">Caract\u00e9ristiques :<\/strong><\/p>\n<ul data-start=\"386\" data-end=\"524\">\n<li data-section-id=\"1rkj8w\" data-start=\"386\" data-end=\"419\">\n<p data-start=\"388\" data-end=\"419\">Dimensions : 16 x 13 x 3,5 cm<\/p>\n<\/li>\n<li data-section-id=\"1rprbef\" data-start=\"420\" data-end=\"452\">\n<p data-start=\"422\" data-end=\"452\">Cuir de vache<\/p>\n<\/li>\n<li data-section-id=\"6ap56i\" data-start=\"453\" data-end=\"491\">\n<p data-start=\"455\" data-end=\"491\">Finitions laiton<\/p>\n<\/li>\n<li data-section-id=\"1bul59w\" data-start=\"492\" data-end=\"524\">\n<p data-start=\"494\" data-end=\"524\">Passage de ceinture : 5,5 cm<\/p>\n<\/li>\n<\/ul>\n<hr data-start=\"526\" data-end=\"529\" \/>\n<p data-start=\"531\" data-end=\"634\" data-is-last-node=\"\" data-is-only-node=\"\">Compact et fonctionnel, id\u00e9al pour transporter vos essentiels au quotidien avec une touche authentique.<\/p>\n","protected":false},"featured_media":3816,"comment_status":"open","ping_status":"closed","template":"","meta":{"_coblocks_attr":"","_coblocks_dimensions":"","_coblocks_responsive_height":"","_coblocks_accordion_ie_support":""},"product_brand":[],"product_cat":[47],"product_tag":[],"class_list":{"0":"post-3094","1":"product","2":"type-product","3":"status-publish","4":"has-post-thumbnail","6":"product_cat-accessoire-viking","8":"first","9":"instock","10":"taxable","11":"shipping-taxable","12":"purchasable","13":"product-type-simple"},"booking_location":null,"booking_location_type":null,"booking_duration":null,"booking_duration_unit":null,"booking_buffer":null,"booking_cost":null,"booking_resources":null,"exclude_global_add_ons":[],"addons":[],"yoast_head":"<!-- This site is optimized with the Yoast SEO plugin v27.5 - https:\/\/yoast.com\/product\/yoast-seo-wordpress\/ -->\n<title>Sac de ceinture Tarsoly \u2013 Style Viking<\/title>\n<meta name=\"description\" content=\"Sac de ceinture tarsoly en cuir inspir\u00e9 des Vikings et des Magyars. Pochette pratique, robuste et authentique avec finitions m\u00e9talliques.\" \/>\n<meta name=\"robots\" content=\"index, follow, max-snippet:-1, max-image-preview:large, max-video-preview:-1\" \/>\n<link rel=\"canonical\" href=\"https:\/\/villageviking.com\/en\/product\/sac-ceinture-tarsoly-noeux-viking\/\" \/>\n<meta property=\"og:locale\" content=\"en_US\" \/>\n<meta property=\"og:locale:alternate\" content=\"fr_FR\" \/>\n<meta property=\"og:type\" content=\"article\" \/>\n<meta property=\"og:title\" content=\"Sac de ceinture Tarsoly \u2013 Style Viking\" \/>\n<meta property=\"og:description\" content=\"Sac de ceinture tarsoly en cuir inspir\u00e9 des Vikings et des Magyars. Pochette pratique, robuste et authentique avec finitions m\u00e9talliques.\" \/>\n<meta property=\"og:url\" content=\"https:\/\/villageviking.com\/en\/product\/sac-ceinture-tarsoly-noeux-viking\/\" \/>\n<meta property=\"og:site_name\" content=\"Village Viking H\u00f3p\" \/>\n<meta property=\"article:publisher\" content=\"https:\/\/www.facebook.com\/profile.php?id=100083109181728\" \/>\n<meta property=\"article:modified_time\" content=\"2026-04-10T21:04:38+00:00\" \/>\n<meta property=\"og:image\" content=\"http:\/\/villageviking.com\/wp-content\/uploads\/2026\/04\/Gemini_Generated_Image_ij8lctij8lctij8l-287x300.png\" \/>\n<meta name=\"twitter:card\" content=\"summary_large_image\" \/>\n<meta name=\"twitter:label1\" content=\"Est. reading time\" \/>\n\t<meta name=\"twitter:data1\" content=\"1 minute\" \/>\n<script type=\"application\/ld+json\" class=\"yoast-schema-graph\">{\"@context\":\"https:\\\/\\\/schema.org\",\"@graph\":[{\"@type\":\"WebPage\",\"@id\":\"https:\\\/\\\/villageviking.com\\\/product\\\/sac-ceinture-tarsoly-noeux-viking\\\/\",\"url\":\"https:\\\/\\\/villageviking.com\\\/product\\\/sac-ceinture-tarsoly-noeux-viking\\\/\",\"name\":\"Sac de ceinture Tarsoly \u2013 Style Viking\",\"isPartOf\":{\"@id\":\"https:\\\/\\\/villageviking.com\\\/#website\"},\"primaryImageOfPage\":{\"@id\":\"https:\\\/\\\/villageviking.com\\\/product\\\/sac-ceinture-tarsoly-noeux-viking\\\/#primaryimage\"},\"image\":{\"@id\":\"https:\\\/\\\/villageviking.com\\\/product\\\/sac-ceinture-tarsoly-noeux-viking\\\/#primaryimage\"},\"thumbnailUrl\":\"https:\\\/\\\/villageviking.com\\\/wp-content\\\/uploads\\\/2026\\\/04\\\/Gemini_Generated_Image_ij8lctij8lctij8l.png\",\"datePublished\":\"2026-03-20T01:16:57+00:00\",\"dateModified\":\"2026-04-10T21:04:38+00:00\",\"description\":\"Sac de ceinture tarsoly en cuir inspir\u00e9 des Vikings et des Magyars. Pochette pratique, robuste et authentique avec finitions m\u00e9talliques.\",\"breadcrumb\":{\"@id\":\"https:\\\/\\\/villageviking.com\\\/product\\\/sac-ceinture-tarsoly-noeux-viking\\\/#breadcrumb\"},\"inLanguage\":\"en-US\",\"potentialAction\":[{\"@type\":\"ReadAction\",\"target\":[\"https:\\\/\\\/villageviking.com\\\/product\\\/sac-ceinture-tarsoly-noeux-viking\\\/\"]}]},{\"@type\":\"ImageObject\",\"inLanguage\":\"en-US\",\"@id\":\"https:\\\/\\\/villageviking.com\\\/product\\\/sac-ceinture-tarsoly-noeux-viking\\\/#primaryimage\",\"url\":\"https:\\\/\\\/villageviking.com\\\/wp-content\\\/uploads\\\/2026\\\/04\\\/Gemini_Generated_Image_ij8lctij8lctij8l.png\",\"contentUrl\":\"https:\\\/\\\/villageviking.com\\\/wp-content\\\/uploads\\\/2026\\\/04\\\/Gemini_Generated_Image_ij8lctij8lctij8l.png\",\"width\":1008,\"height\":1054},{\"@type\":\"BreadcrumbList\",\"@id\":\"https:\\\/\\\/villageviking.com\\\/product\\\/sac-ceinture-tarsoly-noeux-viking\\\/#breadcrumb\",\"itemListElement\":[{\"@type\":\"ListItem\",\"position\":1,\"name\":\"Accueil\",\"item\":\"https:\\\/\\\/villageviking.com\\\/\"},{\"@type\":\"ListItem\",\"position\":2,\"name\":\"Boutique\",\"item\":\"https:\\\/\\\/villageviking.com\\\/boutique\\\/\"},{\"@type\":\"ListItem\",\"position\":3,\"name\":\"Sac de ceinture Tarsoly \u2013 Style Viking\"}]},{\"@type\":\"WebSite\",\"@id\":\"https:\\\/\\\/villageviking.com\\\/#website\",\"url\":\"https:\\\/\\\/villageviking.com\\\/\",\"name\":\"Village Viking H\u00f3p\",\"description\":\"\",\"publisher\":{\"@id\":\"https:\\\/\\\/villageviking.com\\\/#organization\"},\"potentialAction\":[{\"@type\":\"SearchAction\",\"target\":{\"@type\":\"EntryPoint\",\"urlTemplate\":\"https:\\\/\\\/villageviking.com\\\/?s={search_term_string}\"},\"query-input\":{\"@type\":\"PropertyValueSpecification\",\"valueRequired\":true,\"valueName\":\"search_term_string\"}}],\"inLanguage\":\"en-US\"},{\"@type\":\"Organization\",\"@id\":\"https:\\\/\\\/villageviking.com\\\/#organization\",\"name\":\"Village Viking H\u00f3p\",\"alternateName\":\"Village Viking\",\"url\":\"https:\\\/\\\/villageviking.com\\\/\",\"logo\":{\"@type\":\"ImageObject\",\"inLanguage\":\"en-US\",\"@id\":\"https:\\\/\\\/villageviking.com\\\/#\\\/schema\\\/logo\\\/image\\\/\",\"url\":\"https:\\\/\\\/villageviking.com\\\/wp-content\\\/uploads\\\/2023\\\/01\\\/cropped-Logotype_HOP_noir_.png\",\"contentUrl\":\"https:\\\/\\\/villageviking.com\\\/wp-content\\\/uploads\\\/2023\\\/01\\\/cropped-Logotype_HOP_noir_.png\",\"width\":2103,\"height\":1062,\"caption\":\"Village Viking H\u00f3p\"},\"image\":{\"@id\":\"https:\\\/\\\/villageviking.com\\\/#\\\/schema\\\/logo\\\/image\\\/\"},\"sameAs\":[\"https:\\\/\\\/www.facebook.com\\\/profile.php?id=100083109181728\",\"https:\\\/\\\/www.instagram.com\\\/hop_viking_village\\\/\",\"https:\\\/\\\/www.tiktok.com\\\/@villagevikinghop\"]}]}<\/script>\n<!-- \/ Yoast SEO plugin. -->","yoast_head_json":{"title":"Sac de ceinture Tarsoly \u2013 Style Viking","description":"Sac de ceinture tarsoly en cuir inspir\u00e9 des Vikings et des Magyars. Pochette pratique, robuste et authentique avec finitions m\u00e9talliques.","robots":{"index":"index","follow":"follow","max-snippet":"max-snippet:-1","max-image-preview":"max-image-preview:large","max-video-preview":"max-video-preview:-1"},"canonical":"https:\/\/villageviking.com\/en\/product\/sac-ceinture-tarsoly-noeux-viking\/","og_locale":"en_US","og_type":"article","og_title":"[:fr]Sac de ceinture Tarsoly \u2013 Style Viking[:] - Village Viking H\u00f3p","og_description":"[:fr]Sac de ceinture tarsoly en cuir inspir\u00e9 des Vikings et des Magyars. Pochette pratique, robuste et authentique avec finitions m\u00e9talliques.[:]","og_url":"https:\/\/villageviking.com\/en\/product\/sac-ceinture-tarsoly-noeux-viking\/","og_site_name":"Village Viking H\u00f3p","article_publisher":"https:\/\/www.facebook.com\/profile.php?id=100083109181728","article_modified_time":"2026-04-10T21:04:38+00:00","og_image":[{"url":"http:\/\/villageviking.com\/wp-content\/uploads\/2026\/04\/Gemini_Generated_Image_ij8lctij8lctij8l-287x300.png","type":"","width":"","height":""}],"twitter_card":"summary_large_image","twitter_misc":{"Est. reading time":"1 minute"},"schema":{"@context":"https:\/\/schema.org","@graph":[{"@type":"WebPage","@id":"https:\/\/villageviking.com\/product\/sac-ceinture-tarsoly-noeux-viking\/","url":"https:\/\/villageviking.com\/product\/sac-ceinture-tarsoly-noeux-viking\/","name":"Sac de ceinture Tarsoly \u2013 Style Viking","isPartOf":{"@id":"https:\/\/villageviking.com\/#website"},"primaryImageOfPage":{"@id":"https:\/\/villageviking.com\/product\/sac-ceinture-tarsoly-noeux-viking\/#primaryimage"},"image":{"@id":"https:\/\/villageviking.com\/product\/sac-ceinture-tarsoly-noeux-viking\/#primaryimage"},"thumbnailUrl":"https:\/\/villageviking.com\/wp-content\/uploads\/2026\/04\/Gemini_Generated_Image_ij8lctij8lctij8l.png","datePublished":"2026-03-20T01:16:57+00:00","dateModified":"2026-04-10T21:04:38+00:00","description":"Sac de ceinture tarsoly en cuir inspir\u00e9 des Vikings et des Magyars. Pochette pratique, robuste et authentique avec finitions m\u00e9talliques.","breadcrumb":{"@id":"https:\/\/villageviking.com\/product\/sac-ceinture-tarsoly-noeux-viking\/#breadcrumb"},"inLanguage":"en-US","potentialAction":[{"@type":"ReadAction","target":["https:\/\/villageviking.com\/product\/sac-ceinture-tarsoly-noeux-viking\/"]}]},{"@type":"ImageObject","inLanguage":"en-US","@id":"https:\/\/villageviking.com\/product\/sac-ceinture-tarsoly-noeux-viking\/#primaryimage","url":"https:\/\/villageviking.com\/wp-content\/uploads\/2026\/04\/Gemini_Generated_Image_ij8lctij8lctij8l.png","contentUrl":"https:\/\/villageviking.com\/wp-content\/uploads\/2026\/04\/Gemini_Generated_Image_ij8lctij8lctij8l.png","width":1008,"height":1054},{"@type":"BreadcrumbList","@id":"https:\/\/villageviking.com\/product\/sac-ceinture-tarsoly-noeux-viking\/#breadcrumb","itemListElement":[{"@type":"ListItem","position":1,"name":"Accueil","item":"https:\/\/villageviking.com\/"},{"@type":"ListItem","position":2,"name":"Boutique","item":"https:\/\/villageviking.com\/boutique\/"},{"@type":"ListItem","position":3,"name":"Sac de ceinture Tarsoly \u2013 Style Viking"}]},{"@type":"WebSite","@id":"https:\/\/villageviking.com\/#website","url":"https:\/\/villageviking.com\/","name":"Village Viking H\u00f3p","description":"","publisher":{"@id":"https:\/\/villageviking.com\/#organization"},"potentialAction":[{"@type":"SearchAction","target":{"@type":"EntryPoint","urlTemplate":"https:\/\/villageviking.com\/?s={search_term_string}"},"query-input":{"@type":"PropertyValueSpecification","valueRequired":true,"valueName":"search_term_string"}}],"inLanguage":"en-US"},{"@type":"Organization","@id":"https:\/\/villageviking.com\/#organization","name":"Village Viking H\u00f3p","alternateName":"Village Viking","url":"https:\/\/villageviking.com\/","logo":{"@type":"ImageObject","inLanguage":"en-US","@id":"https:\/\/villageviking.com\/#\/schema\/logo\/image\/","url":"https:\/\/villageviking.com\/wp-content\/uploads\/2023\/01\/cropped-Logotype_HOP_noir_.png","contentUrl":"https:\/\/villageviking.com\/wp-content\/uploads\/2023\/01\/cropped-Logotype_HOP_noir_.png","width":2103,"height":1062,"caption":"Village Viking H\u00f3p"},"image":{"@id":"https:\/\/villageviking.com\/#\/schema\/logo\/image\/"},"sameAs":["https:\/\/www.facebook.com\/profile.php?id=100083109181728","https:\/\/www.instagram.com\/hop_viking_village\/","https:\/\/www.tiktok.com\/@villagevikinghop"]}]}},"jetpack_sharing_enabled":true,"_links":{"self":[{"href":"https:\/\/villageviking.com\/en\/wp-json\/wp\/v2\/product\/3094","targetHints":{"allow":["GET"]}}],"collection":[{"href":"https:\/\/villageviking.com\/en\/wp-json\/wp\/v2\/product"}],"about":[{"href":"https:\/\/villageviking.com\/en\/wp-json\/wp\/v2\/types\/product"}],"replies":[{"embeddable":true,"href":"https:\/\/villageviking.com\/en\/wp-json\/wp\/v2\/comments?post=3094"}],"wp:featuredmedia":[{"embeddable":true,"href":"https:\/\/villageviking.com\/en\/wp-json\/wp\/v2\/media\/3816"}],"wp:attachment":[{"href":"https:\/\/villageviking.com\/en\/wp-json\/wp\/v2\/media?parent=3094"}],"wp:term":[{"taxonomy":"product_brand","embeddable":true,"href":"https:\/\/villageviking.com\/en\/wp-json\/wp\/v2\/product_brand?post=3094"},{"taxonomy":"product_cat","embeddable":true,"href":"https:\/\/villageviking.com\/en\/wp-json\/wp\/v2\/product_cat?post=3094"},{"taxonomy":"product_tag","embeddable":true,"href":"https:\/\/villageviking.com\/en\/wp-json\/wp\/v2\/product_tag?post=3094"}],"curies":[{"name":"wp","href":"https:\/\/api.w.org\/{rel}","templated":true}]}}