{"id":3096,"date":"2026-03-20T01:39:07","date_gmt":"2026-03-20T01:39:07","guid":{"rendered":"https:\/\/villageviking.com\/?post_type=product&#038;p=3096"},"modified":"2026-04-10T00:55:40","modified_gmt":"2026-04-10T00:55:40","slug":"pendentif-croix-de-gatebo","status":"publish","type":"product","link":"https:\/\/villageviking.com\/en\/product\/pendentif-croix-de-gatebo\/","title":{"rendered":"Pendentif Croix de G\u00e5tebo"},"content":{"rendered":"<p><img loading=\"lazy\" decoding=\"async\" class=\"alignnone size-medium wp-image-3768\" src=\"http:\/\/villageviking.com\/wp-content\/uploads\/2026\/03\/Gemini_Generated_Image_belrxabelrxabelr-300x300.png\" alt=\"\" width=\"300\" height=\"300\" srcset=\"https:\/\/villageviking.com\/wp-content\/uploads\/2026\/03\/Gemini_Generated_Image_belrxabelrxabelr-300x300.png 300w, https:\/\/villageviking.com\/wp-content\/uploads\/2026\/03\/Gemini_Generated_Image_belrxabelrxabelr-100x100.png 100w, https:\/\/villageviking.com\/wp-content\/uploads\/2026\/03\/Gemini_Generated_Image_belrxabelrxabelr-600x600.png 600w, https:\/\/villageviking.com\/wp-content\/uploads\/2026\/03\/Gemini_Generated_Image_belrxabelrxabelr-150x150.png 150w, https:\/\/villageviking.com\/wp-content\/uploads\/2026\/03\/Gemini_Generated_Image_belrxabelrxabelr-768x768.png 768w, https:\/\/villageviking.com\/wp-content\/uploads\/2026\/03\/Gemini_Generated_Image_belrxabelrxabelr.png 1024w\" sizes=\"auto, (max-width: 300px) 100vw, 300px\" \/><\/p>\n","protected":false},"excerpt":{"rendered":"<h2 data-section-id=\"1l8qd4q\" data-start=\"79\" data-end=\"111\"><strong data-start=\"82\" data-end=\"111\">Pendentif Croix de G\u00e5tebo<\/strong><\/h2>\n<p data-start=\"113\" data-end=\"364\">Inspir\u00e9 d\u2019une croix historique datant de la fin de l\u2019\u00e9poque viking (XIe\u2013XIIe si\u00e8cle), d\u00e9couverte sur l\u2019\u00eele d\u2019\u00d6land en Su\u00e8de. Cette pi\u00e8ce repr\u00e9sente J\u00e9sus dans le style d\u2019Urnes, marquant la transition entre les traditions nordiques et le christianisme.<\/p>\n<hr data-start=\"366\" data-end=\"369\" \/>\n<p data-start=\"371\" data-end=\"395\"><strong data-start=\"371\" data-end=\"393\">Caract\u00e9ristiques :<\/strong><\/p>\n<ul data-start=\"396\" data-end=\"464\">\n<li data-section-id=\"1qw7d9p\" data-start=\"396\" data-end=\"425\">\n<p data-start=\"398\" data-end=\"425\">Dimensions : 3,8 x 3,2 cm<\/p>\n<\/li>\n<li data-section-id=\"1tsmupf\" data-start=\"426\" data-end=\"464\">\n<p data-start=\"428\" data-end=\"464\">Mat\u00e9riau : bronze de haute qualit\u00e9<\/p>\n<\/li>\n<\/ul>\n<hr data-start=\"466\" data-end=\"469\" \/>\n<p data-start=\"471\" data-end=\"559\" data-is-last-node=\"\" data-is-only-node=\"\">Un bijou charg\u00e9 d\u2019histoire, id\u00e9al pour les passionn\u00e9s de culture viking et d\u2019art ancien.<\/p>\n","protected":false},"featured_media":3768,"comment_status":"open","ping_status":"closed","template":"","meta":{"_coblocks_attr":"","_coblocks_dimensions":"","_coblocks_responsive_height":"","_coblocks_accordion_ie_support":""},"product_brand":[],"product_cat":[54],"product_tag":[],"class_list":{"0":"post-3096","1":"product","2":"type-product","3":"status-publish","4":"has-post-thumbnail","6":"product_cat-bijoux-viking","8":"first","9":"instock","10":"taxable","11":"shipping-taxable","12":"purchasable","13":"product-type-simple"},"booking_location":null,"booking_location_type":null,"booking_duration":null,"booking_duration_unit":null,"booking_buffer":null,"booking_cost":null,"booking_resources":null,"exclude_global_add_ons":[],"addons":[],"yoast_head":"<!-- This site is optimized with the Yoast SEO plugin v27.5 - https:\/\/yoast.com\/product\/yoast-seo-wordpress\/ -->\n<title>Pendentif Croix de G\u00e5tebo<\/title>\n<meta name=\"description\" content=\"Pendentif croix de G\u00e5tebo en bronze inspir\u00e9 de l\u2019\u00e9poque viking. Un bijou historique unique repr\u00e9sentant l\u2019art nordique et ses origines.\" \/>\n<meta name=\"robots\" content=\"index, follow, max-snippet:-1, max-image-preview:large, max-video-preview:-1\" \/>\n<link rel=\"canonical\" href=\"https:\/\/villageviking.com\/en\/product\/pendentif-croix-de-gatebo\/\" \/>\n<meta property=\"og:locale\" content=\"en_US\" \/>\n<meta property=\"og:locale:alternate\" content=\"fr_FR\" \/>\n<meta property=\"og:type\" content=\"article\" \/>\n<meta property=\"og:title\" content=\"Pendentif Croix de G\u00e5tebo\" \/>\n<meta property=\"og:description\" content=\"Pendentif croix de G\u00e5tebo en bronze inspir\u00e9 de l\u2019\u00e9poque viking. Un bijou historique unique repr\u00e9sentant l\u2019art nordique et ses origines.\" \/>\n<meta property=\"og:url\" content=\"https:\/\/villageviking.com\/en\/product\/pendentif-croix-de-gatebo\/\" \/>\n<meta property=\"og:site_name\" content=\"Village Viking H\u00f3p\" \/>\n<meta property=\"article:publisher\" content=\"https:\/\/www.facebook.com\/profile.php?id=100083109181728\" \/>\n<meta property=\"article:modified_time\" content=\"2026-04-10T00:55:40+00:00\" \/>\n<meta property=\"og:image\" content=\"http:\/\/villageviking.com\/wp-content\/uploads\/2026\/03\/Gemini_Generated_Image_belrxabelrxabelr-300x300.png\" \/>\n<meta name=\"twitter:card\" content=\"summary_large_image\" \/>\n<meta name=\"twitter:label1\" content=\"Est. reading time\" \/>\n\t<meta name=\"twitter:data1\" content=\"1 minute\" \/>\n<script type=\"application\/ld+json\" class=\"yoast-schema-graph\">{\"@context\":\"https:\\\/\\\/schema.org\",\"@graph\":[{\"@type\":\"WebPage\",\"@id\":\"https:\\\/\\\/villageviking.com\\\/product\\\/pendentif-croix-de-gatebo\\\/\",\"url\":\"https:\\\/\\\/villageviking.com\\\/product\\\/pendentif-croix-de-gatebo\\\/\",\"name\":\"Pendentif Croix de G\u00e5tebo\",\"isPartOf\":{\"@id\":\"https:\\\/\\\/villageviking.com\\\/#website\"},\"primaryImageOfPage\":{\"@id\":\"https:\\\/\\\/villageviking.com\\\/product\\\/pendentif-croix-de-gatebo\\\/#primaryimage\"},\"image\":{\"@id\":\"https:\\\/\\\/villageviking.com\\\/product\\\/pendentif-croix-de-gatebo\\\/#primaryimage\"},\"thumbnailUrl\":\"https:\\\/\\\/villageviking.com\\\/wp-content\\\/uploads\\\/2026\\\/03\\\/Gemini_Generated_Image_belrxabelrxabelr.png\",\"datePublished\":\"2026-03-20T01:39:07+00:00\",\"dateModified\":\"2026-04-10T00:55:40+00:00\",\"description\":\"Pendentif croix de G\u00e5tebo en bronze inspir\u00e9 de l\u2019\u00e9poque viking. Un bijou historique unique repr\u00e9sentant l\u2019art nordique et ses origines.\",\"breadcrumb\":{\"@id\":\"https:\\\/\\\/villageviking.com\\\/product\\\/pendentif-croix-de-gatebo\\\/#breadcrumb\"},\"inLanguage\":\"en-US\",\"potentialAction\":[{\"@type\":\"ReadAction\",\"target\":[\"https:\\\/\\\/villageviking.com\\\/product\\\/pendentif-croix-de-gatebo\\\/\"]}]},{\"@type\":\"ImageObject\",\"inLanguage\":\"en-US\",\"@id\":\"https:\\\/\\\/villageviking.com\\\/product\\\/pendentif-croix-de-gatebo\\\/#primaryimage\",\"url\":\"https:\\\/\\\/villageviking.com\\\/wp-content\\\/uploads\\\/2026\\\/03\\\/Gemini_Generated_Image_belrxabelrxabelr.png\",\"contentUrl\":\"https:\\\/\\\/villageviking.com\\\/wp-content\\\/uploads\\\/2026\\\/03\\\/Gemini_Generated_Image_belrxabelrxabelr.png\",\"width\":1024,\"height\":1024},{\"@type\":\"BreadcrumbList\",\"@id\":\"https:\\\/\\\/villageviking.com\\\/product\\\/pendentif-croix-de-gatebo\\\/#breadcrumb\",\"itemListElement\":[{\"@type\":\"ListItem\",\"position\":1,\"name\":\"Accueil\",\"item\":\"https:\\\/\\\/villageviking.com\\\/\"},{\"@type\":\"ListItem\",\"position\":2,\"name\":\"Boutique\",\"item\":\"https:\\\/\\\/villageviking.com\\\/boutique\\\/\"},{\"@type\":\"ListItem\",\"position\":3,\"name\":\"Pendentif Croix de G\u00e5tebo\"}]},{\"@type\":\"WebSite\",\"@id\":\"https:\\\/\\\/villageviking.com\\\/#website\",\"url\":\"https:\\\/\\\/villageviking.com\\\/\",\"name\":\"Village Viking H\u00f3p\",\"description\":\"\",\"publisher\":{\"@id\":\"https:\\\/\\\/villageviking.com\\\/#organization\"},\"potentialAction\":[{\"@type\":\"SearchAction\",\"target\":{\"@type\":\"EntryPoint\",\"urlTemplate\":\"https:\\\/\\\/villageviking.com\\\/?s={search_term_string}\"},\"query-input\":{\"@type\":\"PropertyValueSpecification\",\"valueRequired\":true,\"valueName\":\"search_term_string\"}}],\"inLanguage\":\"en-US\"},{\"@type\":\"Organization\",\"@id\":\"https:\\\/\\\/villageviking.com\\\/#organization\",\"name\":\"Village Viking H\u00f3p\",\"alternateName\":\"Village Viking\",\"url\":\"https:\\\/\\\/villageviking.com\\\/\",\"logo\":{\"@type\":\"ImageObject\",\"inLanguage\":\"en-US\",\"@id\":\"https:\\\/\\\/villageviking.com\\\/#\\\/schema\\\/logo\\\/image\\\/\",\"url\":\"https:\\\/\\\/villageviking.com\\\/wp-content\\\/uploads\\\/2023\\\/01\\\/cropped-Logotype_HOP_noir_.png\",\"contentUrl\":\"https:\\\/\\\/villageviking.com\\\/wp-content\\\/uploads\\\/2023\\\/01\\\/cropped-Logotype_HOP_noir_.png\",\"width\":2103,\"height\":1062,\"caption\":\"Village Viking H\u00f3p\"},\"image\":{\"@id\":\"https:\\\/\\\/villageviking.com\\\/#\\\/schema\\\/logo\\\/image\\\/\"},\"sameAs\":[\"https:\\\/\\\/www.facebook.com\\\/profile.php?id=100083109181728\",\"https:\\\/\\\/www.instagram.com\\\/hop_viking_village\\\/\",\"https:\\\/\\\/www.tiktok.com\\\/@villagevikinghop\"]}]}<\/script>\n<!-- \/ Yoast SEO plugin. -->","yoast_head_json":{"title":"Pendentif Croix de G\u00e5tebo","description":"Pendentif croix de G\u00e5tebo en bronze inspir\u00e9 de l\u2019\u00e9poque viking. Un bijou historique unique repr\u00e9sentant l\u2019art nordique et ses origines.","robots":{"index":"index","follow":"follow","max-snippet":"max-snippet:-1","max-image-preview":"max-image-preview:large","max-video-preview":"max-video-preview:-1"},"canonical":"https:\/\/villageviking.com\/en\/product\/pendentif-croix-de-gatebo\/","og_locale":"en_US","og_type":"article","og_title":"[:fr]Pendentif Croix de G\u00e5tebo[:] - Village Viking H\u00f3p","og_description":"[:fr]Pendentif croix de G\u00e5tebo en bronze inspir\u00e9 de l\u2019\u00e9poque viking. Un bijou historique unique repr\u00e9sentant l\u2019art nordique et ses origines.[:]","og_url":"https:\/\/villageviking.com\/en\/product\/pendentif-croix-de-gatebo\/","og_site_name":"Village Viking H\u00f3p","article_publisher":"https:\/\/www.facebook.com\/profile.php?id=100083109181728","article_modified_time":"2026-04-10T00:55:40+00:00","og_image":[{"url":"http:\/\/villageviking.com\/wp-content\/uploads\/2026\/03\/Gemini_Generated_Image_belrxabelrxabelr-300x300.png","type":"","width":"","height":""}],"twitter_card":"summary_large_image","twitter_misc":{"Est. reading time":"1 minute"},"schema":{"@context":"https:\/\/schema.org","@graph":[{"@type":"WebPage","@id":"https:\/\/villageviking.com\/product\/pendentif-croix-de-gatebo\/","url":"https:\/\/villageviking.com\/product\/pendentif-croix-de-gatebo\/","name":"Pendentif Croix de G\u00e5tebo","isPartOf":{"@id":"https:\/\/villageviking.com\/#website"},"primaryImageOfPage":{"@id":"https:\/\/villageviking.com\/product\/pendentif-croix-de-gatebo\/#primaryimage"},"image":{"@id":"https:\/\/villageviking.com\/product\/pendentif-croix-de-gatebo\/#primaryimage"},"thumbnailUrl":"https:\/\/villageviking.com\/wp-content\/uploads\/2026\/03\/Gemini_Generated_Image_belrxabelrxabelr.png","datePublished":"2026-03-20T01:39:07+00:00","dateModified":"2026-04-10T00:55:40+00:00","description":"Pendentif croix de G\u00e5tebo en bronze inspir\u00e9 de l\u2019\u00e9poque viking. Un bijou historique unique repr\u00e9sentant l\u2019art nordique et ses origines.","breadcrumb":{"@id":"https:\/\/villageviking.com\/product\/pendentif-croix-de-gatebo\/#breadcrumb"},"inLanguage":"en-US","potentialAction":[{"@type":"ReadAction","target":["https:\/\/villageviking.com\/product\/pendentif-croix-de-gatebo\/"]}]},{"@type":"ImageObject","inLanguage":"en-US","@id":"https:\/\/villageviking.com\/product\/pendentif-croix-de-gatebo\/#primaryimage","url":"https:\/\/villageviking.com\/wp-content\/uploads\/2026\/03\/Gemini_Generated_Image_belrxabelrxabelr.png","contentUrl":"https:\/\/villageviking.com\/wp-content\/uploads\/2026\/03\/Gemini_Generated_Image_belrxabelrxabelr.png","width":1024,"height":1024},{"@type":"BreadcrumbList","@id":"https:\/\/villageviking.com\/product\/pendentif-croix-de-gatebo\/#breadcrumb","itemListElement":[{"@type":"ListItem","position":1,"name":"Accueil","item":"https:\/\/villageviking.com\/"},{"@type":"ListItem","position":2,"name":"Boutique","item":"https:\/\/villageviking.com\/boutique\/"},{"@type":"ListItem","position":3,"name":"Pendentif Croix de G\u00e5tebo"}]},{"@type":"WebSite","@id":"https:\/\/villageviking.com\/#website","url":"https:\/\/villageviking.com\/","name":"Village Viking H\u00f3p","description":"","publisher":{"@id":"https:\/\/villageviking.com\/#organization"},"potentialAction":[{"@type":"SearchAction","target":{"@type":"EntryPoint","urlTemplate":"https:\/\/villageviking.com\/?s={search_term_string}"},"query-input":{"@type":"PropertyValueSpecification","valueRequired":true,"valueName":"search_term_string"}}],"inLanguage":"en-US"},{"@type":"Organization","@id":"https:\/\/villageviking.com\/#organization","name":"Village Viking H\u00f3p","alternateName":"Village Viking","url":"https:\/\/villageviking.com\/","logo":{"@type":"ImageObject","inLanguage":"en-US","@id":"https:\/\/villageviking.com\/#\/schema\/logo\/image\/","url":"https:\/\/villageviking.com\/wp-content\/uploads\/2023\/01\/cropped-Logotype_HOP_noir_.png","contentUrl":"https:\/\/villageviking.com\/wp-content\/uploads\/2023\/01\/cropped-Logotype_HOP_noir_.png","width":2103,"height":1062,"caption":"Village Viking H\u00f3p"},"image":{"@id":"https:\/\/villageviking.com\/#\/schema\/logo\/image\/"},"sameAs":["https:\/\/www.facebook.com\/profile.php?id=100083109181728","https:\/\/www.instagram.com\/hop_viking_village\/","https:\/\/www.tiktok.com\/@villagevikinghop"]}]}},"jetpack_sharing_enabled":true,"_links":{"self":[{"href":"https:\/\/villageviking.com\/en\/wp-json\/wp\/v2\/product\/3096","targetHints":{"allow":["GET"]}}],"collection":[{"href":"https:\/\/villageviking.com\/en\/wp-json\/wp\/v2\/product"}],"about":[{"href":"https:\/\/villageviking.com\/en\/wp-json\/wp\/v2\/types\/product"}],"replies":[{"embeddable":true,"href":"https:\/\/villageviking.com\/en\/wp-json\/wp\/v2\/comments?post=3096"}],"wp:featuredmedia":[{"embeddable":true,"href":"https:\/\/villageviking.com\/en\/wp-json\/wp\/v2\/media\/3768"}],"wp:attachment":[{"href":"https:\/\/villageviking.com\/en\/wp-json\/wp\/v2\/media?parent=3096"}],"wp:term":[{"taxonomy":"product_brand","embeddable":true,"href":"https:\/\/villageviking.com\/en\/wp-json\/wp\/v2\/product_brand?post=3096"},{"taxonomy":"product_cat","embeddable":true,"href":"https:\/\/villageviking.com\/en\/wp-json\/wp\/v2\/product_cat?post=3096"},{"taxonomy":"product_tag","embeddable":true,"href":"https:\/\/villageviking.com\/en\/wp-json\/wp\/v2\/product_tag?post=3096"}],"curies":[{"name":"wp","href":"https:\/\/api.w.org\/{rel}","templated":true}]}}