{"id":3165,"date":"2026-04-06T02:34:25","date_gmt":"2026-04-06T02:34:25","guid":{"rendered":"https:\/\/villageviking.com\/?post_type=product&#038;p=3165"},"modified":"2026-04-06T02:34:25","modified_gmt":"2026-04-06T02:34:25","slug":"gobelet-viking-corbeau-loup-tumbler-nordique-celtique-en-acier-inoxydable","status":"publish","type":"product","link":"https:\/\/villageviking.com\/en\/product\/gobelet-viking-corbeau-loup-tumbler-nordique-celtique-en-acier-inoxydable\/","title":{"rendered":"Gobelet Viking Corbeau &#038; Loup \u2013 Tumbler Nordique Celtique en Acier Inoxydable"},"content":{"rendered":"<p><img loading=\"lazy\" decoding=\"async\" class=\"alignnone size-medium wp-image-3166\" src=\"http:\/\/villageviking.com\/wp-content\/uploads\/2026\/03\/tasse-a-cafee-300x296.jpg\" alt=\"\" width=\"300\" height=\"296\" srcset=\"https:\/\/villageviking.com\/wp-content\/uploads\/2026\/03\/tasse-a-cafee-300x296.jpg 300w, https:\/\/villageviking.com\/wp-content\/uploads\/2026\/03\/tasse-a-cafee-100x99.jpg 100w, https:\/\/villageviking.com\/wp-content\/uploads\/2026\/03\/tasse-a-cafee-600x592.jpg 600w, https:\/\/villageviking.com\/wp-content\/uploads\/2026\/03\/tasse-a-cafee-768x758.jpg 768w, https:\/\/villageviking.com\/wp-content\/uploads\/2026\/03\/tasse-a-cafee.jpg 1000w\" sizes=\"auto, (max-width: 300px) 100vw, 300px\" \/><\/p>\n","protected":false},"excerpt":{"rendered":"<p>Affirme ta puissance.<br data-start=\"880\" data-end=\"883\" \/>Ce gobelet au design viking met en sc\u00e8ne le corbeau et le loup, symboles de sagesse et de force brute.<br data-start=\"985\" data-end=\"988\" \/>Un style sombre, intense et unique pour ceux qui refusent de passer inaper\u00e7us.<\/p>\n<p data-start=\"1476\" data-end=\"1520\"><strong data-start=\"1476\" data-end=\"1520\">Gobelet Viking \u2013 Corbeau &#038; Loup Nordique<\/strong><\/p>\n<ul data-start=\"1522\" data-end=\"1745\">\n<li data-section-id=\"d0iber\" data-start=\"1522\" data-end=\"1573\">Design unique inspir\u00e9 de la mythologie nordique<\/li>\n<li data-section-id=\"13r9wj\" data-start=\"1574\" data-end=\"1622\">Motifs celtiques d\u00e9taill\u00e9s et visuel intense<\/li>\n<li data-section-id=\"umv3ad\" data-start=\"1623\" data-end=\"1678\">Id\u00e9al pour les amateurs d\u2019univers viking et fantasy<\/li>\n<li data-section-id=\"1tjsz1a\" data-start=\"1679\" data-end=\"1745\">Parfait pour un usage quotidien ou comme id\u00e9e cadeau originale<\/li>\n<\/ul>\n","protected":false},"featured_media":3166,"comment_status":"open","ping_status":"closed","template":"","meta":{"_coblocks_attr":"","_coblocks_dimensions":"","_coblocks_responsive_height":"","_coblocks_accordion_ie_support":""},"product_brand":[],"product_cat":[49],"product_tag":[],"class_list":{"0":"post-3165","1":"product","2":"type-product","3":"status-publish","4":"has-post-thumbnail","6":"product_cat-jouet-et-item-non-histo","8":"first","9":"instock","10":"taxable","11":"shipping-taxable","12":"purchasable","13":"product-type-simple"},"booking_location":null,"booking_location_type":null,"booking_duration":null,"booking_duration_unit":null,"booking_buffer":null,"booking_cost":null,"booking_resources":null,"exclude_global_add_ons":[],"addons":[],"yoast_head":"<!-- This site is optimized with the Yoast SEO plugin v27.5 - https:\/\/yoast.com\/product\/yoast-seo-wordpress\/ -->\n<title>Gobelet Viking Corbeau &amp; Loup \u2013 Tumbler Nordique Celtique en Acier Inoxydable<\/title>\n<meta name=\"description\" content=\"D\u00e9couvrez ce gobelet viking unique avec corbeau et loup, inspir\u00e9 de la mythologie nordique. Design celtique puissant, id\u00e9al cadeau original\" \/>\n<meta name=\"robots\" content=\"index, follow, max-snippet:-1, max-image-preview:large, max-video-preview:-1\" \/>\n<link rel=\"canonical\" href=\"https:\/\/villageviking.com\/en\/product\/gobelet-viking-corbeau-loup-tumbler-nordique-celtique-en-acier-inoxydable\/\" \/>\n<meta property=\"og:locale\" content=\"en_US\" \/>\n<meta property=\"og:locale:alternate\" content=\"fr_FR\" \/>\n<meta property=\"og:type\" content=\"article\" \/>\n<meta property=\"og:title\" content=\"Gobelet Viking Corbeau &amp; Loup \u2013 Tumbler Nordique Celtique en Acier Inoxydable\" \/>\n<meta property=\"og:description\" content=\"D\u00e9couvrez ce gobelet viking unique avec corbeau et loup, inspir\u00e9 de la mythologie nordique. Design celtique puissant, id\u00e9al cadeau original\" \/>\n<meta property=\"og:url\" content=\"https:\/\/villageviking.com\/en\/product\/gobelet-viking-corbeau-loup-tumbler-nordique-celtique-en-acier-inoxydable\/\" \/>\n<meta property=\"og:site_name\" content=\"Village Viking H\u00f3p\" \/>\n<meta property=\"article:publisher\" content=\"https:\/\/www.facebook.com\/profile.php?id=100083109181728\" \/>\n<meta property=\"og:image\" content=\"http:\/\/villageviking.com\/wp-content\/uploads\/2026\/03\/tasse-a-cafee-300x296.jpg\" \/>\n<meta name=\"twitter:card\" content=\"summary_large_image\" \/>\n<meta name=\"twitter:label1\" content=\"Est. reading time\" \/>\n\t<meta name=\"twitter:data1\" content=\"1 minute\" \/>\n<script type=\"application\/ld+json\" class=\"yoast-schema-graph\">{\"@context\":\"https:\\\/\\\/schema.org\",\"@graph\":[{\"@type\":\"WebPage\",\"@id\":\"https:\\\/\\\/villageviking.com\\\/product\\\/gobelet-viking-corbeau-loup-tumbler-nordique-celtique-en-acier-inoxydable\\\/\",\"url\":\"https:\\\/\\\/villageviking.com\\\/product\\\/gobelet-viking-corbeau-loup-tumbler-nordique-celtique-en-acier-inoxydable\\\/\",\"name\":\"Gobelet Viking Corbeau & Loup \u2013 Tumbler Nordique Celtique en Acier Inoxydable\",\"isPartOf\":{\"@id\":\"https:\\\/\\\/villageviking.com\\\/#website\"},\"primaryImageOfPage\":{\"@id\":\"https:\\\/\\\/villageviking.com\\\/product\\\/gobelet-viking-corbeau-loup-tumbler-nordique-celtique-en-acier-inoxydable\\\/#primaryimage\"},\"image\":{\"@id\":\"https:\\\/\\\/villageviking.com\\\/product\\\/gobelet-viking-corbeau-loup-tumbler-nordique-celtique-en-acier-inoxydable\\\/#primaryimage\"},\"thumbnailUrl\":\"https:\\\/\\\/villageviking.com\\\/wp-content\\\/uploads\\\/2026\\\/03\\\/tasse-a-cafee.jpg\",\"datePublished\":\"2026-04-06T02:34:25+00:00\",\"description\":\"D\u00e9couvrez ce gobelet viking unique avec corbeau et loup, inspir\u00e9 de la mythologie nordique. Design celtique puissant, id\u00e9al cadeau original\",\"breadcrumb\":{\"@id\":\"https:\\\/\\\/villageviking.com\\\/product\\\/gobelet-viking-corbeau-loup-tumbler-nordique-celtique-en-acier-inoxydable\\\/#breadcrumb\"},\"inLanguage\":\"en-US\",\"potentialAction\":[{\"@type\":\"ReadAction\",\"target\":[\"https:\\\/\\\/villageviking.com\\\/product\\\/gobelet-viking-corbeau-loup-tumbler-nordique-celtique-en-acier-inoxydable\\\/\"]}]},{\"@type\":\"ImageObject\",\"inLanguage\":\"en-US\",\"@id\":\"https:\\\/\\\/villageviking.com\\\/product\\\/gobelet-viking-corbeau-loup-tumbler-nordique-celtique-en-acier-inoxydable\\\/#primaryimage\",\"url\":\"https:\\\/\\\/villageviking.com\\\/wp-content\\\/uploads\\\/2026\\\/03\\\/tasse-a-cafee.jpg\",\"contentUrl\":\"https:\\\/\\\/villageviking.com\\\/wp-content\\\/uploads\\\/2026\\\/03\\\/tasse-a-cafee.jpg\",\"width\":1000,\"height\":987},{\"@type\":\"BreadcrumbList\",\"@id\":\"https:\\\/\\\/villageviking.com\\\/product\\\/gobelet-viking-corbeau-loup-tumbler-nordique-celtique-en-acier-inoxydable\\\/#breadcrumb\",\"itemListElement\":[{\"@type\":\"ListItem\",\"position\":1,\"name\":\"Accueil\",\"item\":\"https:\\\/\\\/villageviking.com\\\/\"},{\"@type\":\"ListItem\",\"position\":2,\"name\":\"Boutique\",\"item\":\"https:\\\/\\\/villageviking.com\\\/boutique\\\/\"},{\"@type\":\"ListItem\",\"position\":3,\"name\":\"Gobelet Viking Corbeau & Loup \u2013 Tumbler Nordique Celtique en Acier Inoxydable\"}]},{\"@type\":\"WebSite\",\"@id\":\"https:\\\/\\\/villageviking.com\\\/#website\",\"url\":\"https:\\\/\\\/villageviking.com\\\/\",\"name\":\"Village Viking H\u00f3p\",\"description\":\"\",\"publisher\":{\"@id\":\"https:\\\/\\\/villageviking.com\\\/#organization\"},\"potentialAction\":[{\"@type\":\"SearchAction\",\"target\":{\"@type\":\"EntryPoint\",\"urlTemplate\":\"https:\\\/\\\/villageviking.com\\\/?s={search_term_string}\"},\"query-input\":{\"@type\":\"PropertyValueSpecification\",\"valueRequired\":true,\"valueName\":\"search_term_string\"}}],\"inLanguage\":\"en-US\"},{\"@type\":\"Organization\",\"@id\":\"https:\\\/\\\/villageviking.com\\\/#organization\",\"name\":\"Village Viking H\u00f3p\",\"alternateName\":\"Village Viking\",\"url\":\"https:\\\/\\\/villageviking.com\\\/\",\"logo\":{\"@type\":\"ImageObject\",\"inLanguage\":\"en-US\",\"@id\":\"https:\\\/\\\/villageviking.com\\\/#\\\/schema\\\/logo\\\/image\\\/\",\"url\":\"https:\\\/\\\/villageviking.com\\\/wp-content\\\/uploads\\\/2023\\\/01\\\/cropped-Logotype_HOP_noir_.png\",\"contentUrl\":\"https:\\\/\\\/villageviking.com\\\/wp-content\\\/uploads\\\/2023\\\/01\\\/cropped-Logotype_HOP_noir_.png\",\"width\":2103,\"height\":1062,\"caption\":\"Village Viking H\u00f3p\"},\"image\":{\"@id\":\"https:\\\/\\\/villageviking.com\\\/#\\\/schema\\\/logo\\\/image\\\/\"},\"sameAs\":[\"https:\\\/\\\/www.facebook.com\\\/profile.php?id=100083109181728\",\"https:\\\/\\\/www.instagram.com\\\/hop_viking_village\\\/\",\"https:\\\/\\\/www.tiktok.com\\\/@villagevikinghop\"]}]}<\/script>\n<!-- \/ Yoast SEO plugin. -->","yoast_head_json":{"title":"Gobelet Viking Corbeau & Loup \u2013 Tumbler Nordique Celtique en Acier Inoxydable","description":"D\u00e9couvrez ce gobelet viking unique avec corbeau et loup, inspir\u00e9 de la mythologie nordique. Design celtique puissant, id\u00e9al cadeau original","robots":{"index":"index","follow":"follow","max-snippet":"max-snippet:-1","max-image-preview":"max-image-preview:large","max-video-preview":"max-video-preview:-1"},"canonical":"https:\/\/villageviking.com\/en\/product\/gobelet-viking-corbeau-loup-tumbler-nordique-celtique-en-acier-inoxydable\/","og_locale":"en_US","og_type":"article","og_title":"[:fr]Gobelet Viking Corbeau & Loup \u2013 Tumbler Nordique Celtique en Acier Inoxydable[:] - Village Viking H\u00f3p","og_description":"[:fr]D\u00e9couvrez ce gobelet viking unique avec corbeau et loup, inspir\u00e9 de la mythologie nordique. Design celtique puissant, id\u00e9al cadeau original[:]","og_url":"https:\/\/villageviking.com\/en\/product\/gobelet-viking-corbeau-loup-tumbler-nordique-celtique-en-acier-inoxydable\/","og_site_name":"Village Viking H\u00f3p","article_publisher":"https:\/\/www.facebook.com\/profile.php?id=100083109181728","og_image":[{"url":"http:\/\/villageviking.com\/wp-content\/uploads\/2026\/03\/tasse-a-cafee-300x296.jpg","type":"","width":"","height":""}],"twitter_card":"summary_large_image","twitter_misc":{"Est. reading time":"1 minute"},"schema":{"@context":"https:\/\/schema.org","@graph":[{"@type":"WebPage","@id":"https:\/\/villageviking.com\/product\/gobelet-viking-corbeau-loup-tumbler-nordique-celtique-en-acier-inoxydable\/","url":"https:\/\/villageviking.com\/product\/gobelet-viking-corbeau-loup-tumbler-nordique-celtique-en-acier-inoxydable\/","name":"Gobelet Viking Corbeau & Loup \u2013 Tumbler Nordique Celtique en Acier Inoxydable","isPartOf":{"@id":"https:\/\/villageviking.com\/#website"},"primaryImageOfPage":{"@id":"https:\/\/villageviking.com\/product\/gobelet-viking-corbeau-loup-tumbler-nordique-celtique-en-acier-inoxydable\/#primaryimage"},"image":{"@id":"https:\/\/villageviking.com\/product\/gobelet-viking-corbeau-loup-tumbler-nordique-celtique-en-acier-inoxydable\/#primaryimage"},"thumbnailUrl":"https:\/\/villageviking.com\/wp-content\/uploads\/2026\/03\/tasse-a-cafee.jpg","datePublished":"2026-04-06T02:34:25+00:00","description":"D\u00e9couvrez ce gobelet viking unique avec corbeau et loup, inspir\u00e9 de la mythologie nordique. Design celtique puissant, id\u00e9al cadeau original","breadcrumb":{"@id":"https:\/\/villageviking.com\/product\/gobelet-viking-corbeau-loup-tumbler-nordique-celtique-en-acier-inoxydable\/#breadcrumb"},"inLanguage":"en-US","potentialAction":[{"@type":"ReadAction","target":["https:\/\/villageviking.com\/product\/gobelet-viking-corbeau-loup-tumbler-nordique-celtique-en-acier-inoxydable\/"]}]},{"@type":"ImageObject","inLanguage":"en-US","@id":"https:\/\/villageviking.com\/product\/gobelet-viking-corbeau-loup-tumbler-nordique-celtique-en-acier-inoxydable\/#primaryimage","url":"https:\/\/villageviking.com\/wp-content\/uploads\/2026\/03\/tasse-a-cafee.jpg","contentUrl":"https:\/\/villageviking.com\/wp-content\/uploads\/2026\/03\/tasse-a-cafee.jpg","width":1000,"height":987},{"@type":"BreadcrumbList","@id":"https:\/\/villageviking.com\/product\/gobelet-viking-corbeau-loup-tumbler-nordique-celtique-en-acier-inoxydable\/#breadcrumb","itemListElement":[{"@type":"ListItem","position":1,"name":"Accueil","item":"https:\/\/villageviking.com\/"},{"@type":"ListItem","position":2,"name":"Boutique","item":"https:\/\/villageviking.com\/boutique\/"},{"@type":"ListItem","position":3,"name":"Gobelet Viking Corbeau & Loup \u2013 Tumbler Nordique Celtique en Acier Inoxydable"}]},{"@type":"WebSite","@id":"https:\/\/villageviking.com\/#website","url":"https:\/\/villageviking.com\/","name":"Village Viking H\u00f3p","description":"","publisher":{"@id":"https:\/\/villageviking.com\/#organization"},"potentialAction":[{"@type":"SearchAction","target":{"@type":"EntryPoint","urlTemplate":"https:\/\/villageviking.com\/?s={search_term_string}"},"query-input":{"@type":"PropertyValueSpecification","valueRequired":true,"valueName":"search_term_string"}}],"inLanguage":"en-US"},{"@type":"Organization","@id":"https:\/\/villageviking.com\/#organization","name":"Village Viking H\u00f3p","alternateName":"Village Viking","url":"https:\/\/villageviking.com\/","logo":{"@type":"ImageObject","inLanguage":"en-US","@id":"https:\/\/villageviking.com\/#\/schema\/logo\/image\/","url":"https:\/\/villageviking.com\/wp-content\/uploads\/2023\/01\/cropped-Logotype_HOP_noir_.png","contentUrl":"https:\/\/villageviking.com\/wp-content\/uploads\/2023\/01\/cropped-Logotype_HOP_noir_.png","width":2103,"height":1062,"caption":"Village Viking H\u00f3p"},"image":{"@id":"https:\/\/villageviking.com\/#\/schema\/logo\/image\/"},"sameAs":["https:\/\/www.facebook.com\/profile.php?id=100083109181728","https:\/\/www.instagram.com\/hop_viking_village\/","https:\/\/www.tiktok.com\/@villagevikinghop"]}]}},"jetpack_sharing_enabled":true,"_links":{"self":[{"href":"https:\/\/villageviking.com\/en\/wp-json\/wp\/v2\/product\/3165","targetHints":{"allow":["GET"]}}],"collection":[{"href":"https:\/\/villageviking.com\/en\/wp-json\/wp\/v2\/product"}],"about":[{"href":"https:\/\/villageviking.com\/en\/wp-json\/wp\/v2\/types\/product"}],"replies":[{"embeddable":true,"href":"https:\/\/villageviking.com\/en\/wp-json\/wp\/v2\/comments?post=3165"}],"wp:featuredmedia":[{"embeddable":true,"href":"https:\/\/villageviking.com\/en\/wp-json\/wp\/v2\/media\/3166"}],"wp:attachment":[{"href":"https:\/\/villageviking.com\/en\/wp-json\/wp\/v2\/media?parent=3165"}],"wp:term":[{"taxonomy":"product_brand","embeddable":true,"href":"https:\/\/villageviking.com\/en\/wp-json\/wp\/v2\/product_brand?post=3165"},{"taxonomy":"product_cat","embeddable":true,"href":"https:\/\/villageviking.com\/en\/wp-json\/wp\/v2\/product_cat?post=3165"},{"taxonomy":"product_tag","embeddable":true,"href":"https:\/\/villageviking.com\/en\/wp-json\/wp\/v2\/product_tag?post=3165"}],"curies":[{"name":"wp","href":"https:\/\/api.w.org\/{rel}","templated":true}]}}