{"id":3189,"date":"2026-04-06T02:31:48","date_gmt":"2026-04-06T02:31:48","guid":{"rendered":"https:\/\/villageviking.com\/?post_type=product&#038;p=3189"},"modified":"2026-04-08T00:51:54","modified_gmt":"2026-04-08T00:51:54","slug":"sifflet-viking-en-os-reproduction-historique-artisanale","status":"publish","type":"product","link":"https:\/\/villageviking.com\/en\/product\/sifflet-viking-en-os-reproduction-historique-artisanale\/","title":{"rendered":"Sifflet viking en os \u2013 Reproduction historique artisanale"},"content":{"rendered":"<p><img loading=\"lazy\" decoding=\"async\" class=\"alignnone size-medium wp-image-3626\" src=\"http:\/\/villageviking.com\/wp-content\/uploads\/2026\/04\/Gemini_Generated_Image_ip2fnxip2fnxip2f-300x300.png\" alt=\"\" width=\"300\" height=\"300\" srcset=\"https:\/\/villageviking.com\/wp-content\/uploads\/2026\/04\/Gemini_Generated_Image_ip2fnxip2fnxip2f-300x300.png 300w, https:\/\/villageviking.com\/wp-content\/uploads\/2026\/04\/Gemini_Generated_Image_ip2fnxip2fnxip2f-100x100.png 100w, https:\/\/villageviking.com\/wp-content\/uploads\/2026\/04\/Gemini_Generated_Image_ip2fnxip2fnxip2f-600x600.png 600w, https:\/\/villageviking.com\/wp-content\/uploads\/2026\/04\/Gemini_Generated_Image_ip2fnxip2fnxip2f-150x150.png 150w, https:\/\/villageviking.com\/wp-content\/uploads\/2026\/04\/Gemini_Generated_Image_ip2fnxip2fnxip2f-768x768.png 768w, https:\/\/villageviking.com\/wp-content\/uploads\/2026\/04\/Gemini_Generated_Image_ip2fnxip2fnxip2f.png 1024w\" sizes=\"auto, (max-width: 300px) 100vw, 300px\" \/><\/p>\n","protected":false},"excerpt":{"rendered":"<p data-start=\"360\" data-end=\"579\">Ce sifflet viking en os est une reproduction inspir\u00e9e d\u2019artefacts historiques utilis\u00e9s dans les soci\u00e9t\u00e9s nordiques. \u00c0 la fois simple et fonctionnel, il refl\u00e8te l\u2019ing\u00e9niosit\u00e9 des objets du quotidien \u00e0 l\u2019\u00e9poque m\u00e9di\u00e9vale.<\/p>\n<p data-start=\"581\" data-end=\"814\">Fabriqu\u00e9 en os, ce sifflet poss\u00e8de un aspect naturel et authentique qui en fait un accessoire unique. L\u00e9ger et facile \u00e0 transporter, il peut \u00eatre utilis\u00e9 comme objet fonctionnel ou comme \u00e9l\u00e9ment d\u00e9coratif dans un contexte historique.<\/p>\n<p data-start=\"816\" data-end=\"984\">Id\u00e9al pour les passionn\u00e9s de reconstitution, les amateurs de culture viking ou les collectionneurs, il apporte une touche r\u00e9aliste \u00e0 toute tenue ou \u00e9quipement m\u00e9di\u00e9val.<\/p>\n<p data-start=\"986\" data-end=\"1099\">\n","protected":false},"featured_media":3626,"comment_status":"open","ping_status":"closed","template":"","meta":{"_coblocks_attr":"","_coblocks_dimensions":"","_coblocks_responsive_height":"","_coblocks_accordion_ie_support":""},"product_brand":[],"product_cat":[54],"product_tag":[],"class_list":{"0":"post-3189","1":"product","2":"type-product","3":"status-publish","4":"has-post-thumbnail","6":"product_cat-bijoux-viking","8":"first","9":"instock","10":"taxable","11":"shipping-taxable","12":"purchasable","13":"product-type-simple"},"booking_location":null,"booking_location_type":null,"booking_duration":null,"booking_duration_unit":null,"booking_buffer":null,"booking_cost":null,"booking_resources":null,"exclude_global_add_ons":[],"addons":[],"yoast_head":"<!-- This site is optimized with the Yoast SEO plugin v27.5 - https:\/\/yoast.com\/product\/yoast-seo-wordpress\/ -->\n<title>Sifflet viking en os \u2013 Reproduction historique artisanale<\/title>\n<meta name=\"description\" content=\"Sifflet viking en os, reproduction historique authentique. Accessoire m\u00e9di\u00e9val id\u00e9al pour reconstitution et collection.\" \/>\n<meta name=\"robots\" content=\"index, follow, max-snippet:-1, max-image-preview:large, max-video-preview:-1\" \/>\n<link rel=\"canonical\" href=\"https:\/\/villageviking.com\/en\/product\/sifflet-viking-en-os-reproduction-historique-artisanale\/\" \/>\n<meta property=\"og:locale\" content=\"en_US\" \/>\n<meta property=\"og:locale:alternate\" content=\"fr_FR\" \/>\n<meta property=\"og:type\" content=\"article\" \/>\n<meta property=\"og:title\" content=\"Sifflet viking en os \u2013 Reproduction historique artisanale\" \/>\n<meta property=\"og:description\" content=\"Sifflet viking en os, reproduction historique authentique. Accessoire m\u00e9di\u00e9val id\u00e9al pour reconstitution et collection.\" \/>\n<meta property=\"og:url\" content=\"https:\/\/villageviking.com\/en\/product\/sifflet-viking-en-os-reproduction-historique-artisanale\/\" \/>\n<meta property=\"og:site_name\" content=\"Village Viking H\u00f3p\" \/>\n<meta property=\"article:publisher\" content=\"https:\/\/www.facebook.com\/profile.php?id=100083109181728\" \/>\n<meta property=\"article:modified_time\" content=\"2026-04-08T00:51:54+00:00\" \/>\n<meta property=\"og:image\" content=\"http:\/\/villageviking.com\/wp-content\/uploads\/2026\/04\/Gemini_Generated_Image_ip2fnxip2fnxip2f-300x300.png\" \/>\n<meta name=\"twitter:card\" content=\"summary_large_image\" \/>\n<meta name=\"twitter:label1\" content=\"Est. reading time\" \/>\n\t<meta name=\"twitter:data1\" content=\"1 minute\" \/>\n<script type=\"application\/ld+json\" class=\"yoast-schema-graph\">{\"@context\":\"https:\\\/\\\/schema.org\",\"@graph\":[{\"@type\":\"WebPage\",\"@id\":\"https:\\\/\\\/villageviking.com\\\/product\\\/sifflet-viking-en-os-reproduction-historique-artisanale\\\/\",\"url\":\"https:\\\/\\\/villageviking.com\\\/product\\\/sifflet-viking-en-os-reproduction-historique-artisanale\\\/\",\"name\":\"Sifflet viking en os \u2013 Reproduction historique artisanale\",\"isPartOf\":{\"@id\":\"https:\\\/\\\/villageviking.com\\\/#website\"},\"primaryImageOfPage\":{\"@id\":\"https:\\\/\\\/villageviking.com\\\/product\\\/sifflet-viking-en-os-reproduction-historique-artisanale\\\/#primaryimage\"},\"image\":{\"@id\":\"https:\\\/\\\/villageviking.com\\\/product\\\/sifflet-viking-en-os-reproduction-historique-artisanale\\\/#primaryimage\"},\"thumbnailUrl\":\"https:\\\/\\\/villageviking.com\\\/wp-content\\\/uploads\\\/2026\\\/04\\\/Gemini_Generated_Image_ip2fnxip2fnxip2f.png\",\"datePublished\":\"2026-04-06T02:31:48+00:00\",\"dateModified\":\"2026-04-08T00:51:54+00:00\",\"description\":\"Sifflet viking en os, reproduction historique authentique. Accessoire m\u00e9di\u00e9val id\u00e9al pour reconstitution et collection.\",\"breadcrumb\":{\"@id\":\"https:\\\/\\\/villageviking.com\\\/product\\\/sifflet-viking-en-os-reproduction-historique-artisanale\\\/#breadcrumb\"},\"inLanguage\":\"en-US\",\"potentialAction\":[{\"@type\":\"ReadAction\",\"target\":[\"https:\\\/\\\/villageviking.com\\\/product\\\/sifflet-viking-en-os-reproduction-historique-artisanale\\\/\"]}]},{\"@type\":\"ImageObject\",\"inLanguage\":\"en-US\",\"@id\":\"https:\\\/\\\/villageviking.com\\\/product\\\/sifflet-viking-en-os-reproduction-historique-artisanale\\\/#primaryimage\",\"url\":\"https:\\\/\\\/villageviking.com\\\/wp-content\\\/uploads\\\/2026\\\/04\\\/Gemini_Generated_Image_ip2fnxip2fnxip2f.png\",\"contentUrl\":\"https:\\\/\\\/villageviking.com\\\/wp-content\\\/uploads\\\/2026\\\/04\\\/Gemini_Generated_Image_ip2fnxip2fnxip2f.png\",\"width\":1024,\"height\":1024},{\"@type\":\"BreadcrumbList\",\"@id\":\"https:\\\/\\\/villageviking.com\\\/product\\\/sifflet-viking-en-os-reproduction-historique-artisanale\\\/#breadcrumb\",\"itemListElement\":[{\"@type\":\"ListItem\",\"position\":1,\"name\":\"Accueil\",\"item\":\"https:\\\/\\\/villageviking.com\\\/\"},{\"@type\":\"ListItem\",\"position\":2,\"name\":\"Boutique\",\"item\":\"https:\\\/\\\/villageviking.com\\\/boutique\\\/\"},{\"@type\":\"ListItem\",\"position\":3,\"name\":\"Sifflet viking en os \u2013 Reproduction historique artisanale\"}]},{\"@type\":\"WebSite\",\"@id\":\"https:\\\/\\\/villageviking.com\\\/#website\",\"url\":\"https:\\\/\\\/villageviking.com\\\/\",\"name\":\"Village Viking H\u00f3p\",\"description\":\"\",\"publisher\":{\"@id\":\"https:\\\/\\\/villageviking.com\\\/#organization\"},\"potentialAction\":[{\"@type\":\"SearchAction\",\"target\":{\"@type\":\"EntryPoint\",\"urlTemplate\":\"https:\\\/\\\/villageviking.com\\\/?s={search_term_string}\"},\"query-input\":{\"@type\":\"PropertyValueSpecification\",\"valueRequired\":true,\"valueName\":\"search_term_string\"}}],\"inLanguage\":\"en-US\"},{\"@type\":\"Organization\",\"@id\":\"https:\\\/\\\/villageviking.com\\\/#organization\",\"name\":\"Village Viking H\u00f3p\",\"alternateName\":\"Village Viking\",\"url\":\"https:\\\/\\\/villageviking.com\\\/\",\"logo\":{\"@type\":\"ImageObject\",\"inLanguage\":\"en-US\",\"@id\":\"https:\\\/\\\/villageviking.com\\\/#\\\/schema\\\/logo\\\/image\\\/\",\"url\":\"https:\\\/\\\/villageviking.com\\\/wp-content\\\/uploads\\\/2023\\\/01\\\/cropped-Logotype_HOP_noir_.png\",\"contentUrl\":\"https:\\\/\\\/villageviking.com\\\/wp-content\\\/uploads\\\/2023\\\/01\\\/cropped-Logotype_HOP_noir_.png\",\"width\":2103,\"height\":1062,\"caption\":\"Village Viking H\u00f3p\"},\"image\":{\"@id\":\"https:\\\/\\\/villageviking.com\\\/#\\\/schema\\\/logo\\\/image\\\/\"},\"sameAs\":[\"https:\\\/\\\/www.facebook.com\\\/profile.php?id=100083109181728\",\"https:\\\/\\\/www.instagram.com\\\/hop_viking_village\\\/\",\"https:\\\/\\\/www.tiktok.com\\\/@villagevikinghop\"]}]}<\/script>\n<!-- \/ Yoast SEO plugin. -->","yoast_head_json":{"title":"Sifflet viking en os \u2013 Reproduction historique artisanale","description":"Sifflet viking en os, reproduction historique authentique. Accessoire m\u00e9di\u00e9val id\u00e9al pour reconstitution et collection.","robots":{"index":"index","follow":"follow","max-snippet":"max-snippet:-1","max-image-preview":"max-image-preview:large","max-video-preview":"max-video-preview:-1"},"canonical":"https:\/\/villageviking.com\/en\/product\/sifflet-viking-en-os-reproduction-historique-artisanale\/","og_locale":"en_US","og_type":"article","og_title":"[:fr]Sifflet viking en os \u2013 Reproduction historique artisanale[:] - Village Viking H\u00f3p","og_description":"[:fr]Sifflet viking en os, reproduction historique authentique. Accessoire m\u00e9di\u00e9val id\u00e9al pour reconstitution et collection.[:]","og_url":"https:\/\/villageviking.com\/en\/product\/sifflet-viking-en-os-reproduction-historique-artisanale\/","og_site_name":"Village Viking H\u00f3p","article_publisher":"https:\/\/www.facebook.com\/profile.php?id=100083109181728","article_modified_time":"2026-04-08T00:51:54+00:00","og_image":[{"url":"http:\/\/villageviking.com\/wp-content\/uploads\/2026\/04\/Gemini_Generated_Image_ip2fnxip2fnxip2f-300x300.png","type":"","width":"","height":""}],"twitter_card":"summary_large_image","twitter_misc":{"Est. reading time":"1 minute"},"schema":{"@context":"https:\/\/schema.org","@graph":[{"@type":"WebPage","@id":"https:\/\/villageviking.com\/product\/sifflet-viking-en-os-reproduction-historique-artisanale\/","url":"https:\/\/villageviking.com\/product\/sifflet-viking-en-os-reproduction-historique-artisanale\/","name":"Sifflet viking en os \u2013 Reproduction historique artisanale","isPartOf":{"@id":"https:\/\/villageviking.com\/#website"},"primaryImageOfPage":{"@id":"https:\/\/villageviking.com\/product\/sifflet-viking-en-os-reproduction-historique-artisanale\/#primaryimage"},"image":{"@id":"https:\/\/villageviking.com\/product\/sifflet-viking-en-os-reproduction-historique-artisanale\/#primaryimage"},"thumbnailUrl":"https:\/\/villageviking.com\/wp-content\/uploads\/2026\/04\/Gemini_Generated_Image_ip2fnxip2fnxip2f.png","datePublished":"2026-04-06T02:31:48+00:00","dateModified":"2026-04-08T00:51:54+00:00","description":"Sifflet viking en os, reproduction historique authentique. Accessoire m\u00e9di\u00e9val id\u00e9al pour reconstitution et collection.","breadcrumb":{"@id":"https:\/\/villageviking.com\/product\/sifflet-viking-en-os-reproduction-historique-artisanale\/#breadcrumb"},"inLanguage":"en-US","potentialAction":[{"@type":"ReadAction","target":["https:\/\/villageviking.com\/product\/sifflet-viking-en-os-reproduction-historique-artisanale\/"]}]},{"@type":"ImageObject","inLanguage":"en-US","@id":"https:\/\/villageviking.com\/product\/sifflet-viking-en-os-reproduction-historique-artisanale\/#primaryimage","url":"https:\/\/villageviking.com\/wp-content\/uploads\/2026\/04\/Gemini_Generated_Image_ip2fnxip2fnxip2f.png","contentUrl":"https:\/\/villageviking.com\/wp-content\/uploads\/2026\/04\/Gemini_Generated_Image_ip2fnxip2fnxip2f.png","width":1024,"height":1024},{"@type":"BreadcrumbList","@id":"https:\/\/villageviking.com\/product\/sifflet-viking-en-os-reproduction-historique-artisanale\/#breadcrumb","itemListElement":[{"@type":"ListItem","position":1,"name":"Accueil","item":"https:\/\/villageviking.com\/"},{"@type":"ListItem","position":2,"name":"Boutique","item":"https:\/\/villageviking.com\/boutique\/"},{"@type":"ListItem","position":3,"name":"Sifflet viking en os \u2013 Reproduction historique artisanale"}]},{"@type":"WebSite","@id":"https:\/\/villageviking.com\/#website","url":"https:\/\/villageviking.com\/","name":"Village Viking H\u00f3p","description":"","publisher":{"@id":"https:\/\/villageviking.com\/#organization"},"potentialAction":[{"@type":"SearchAction","target":{"@type":"EntryPoint","urlTemplate":"https:\/\/villageviking.com\/?s={search_term_string}"},"query-input":{"@type":"PropertyValueSpecification","valueRequired":true,"valueName":"search_term_string"}}],"inLanguage":"en-US"},{"@type":"Organization","@id":"https:\/\/villageviking.com\/#organization","name":"Village Viking H\u00f3p","alternateName":"Village Viking","url":"https:\/\/villageviking.com\/","logo":{"@type":"ImageObject","inLanguage":"en-US","@id":"https:\/\/villageviking.com\/#\/schema\/logo\/image\/","url":"https:\/\/villageviking.com\/wp-content\/uploads\/2023\/01\/cropped-Logotype_HOP_noir_.png","contentUrl":"https:\/\/villageviking.com\/wp-content\/uploads\/2023\/01\/cropped-Logotype_HOP_noir_.png","width":2103,"height":1062,"caption":"Village Viking H\u00f3p"},"image":{"@id":"https:\/\/villageviking.com\/#\/schema\/logo\/image\/"},"sameAs":["https:\/\/www.facebook.com\/profile.php?id=100083109181728","https:\/\/www.instagram.com\/hop_viking_village\/","https:\/\/www.tiktok.com\/@villagevikinghop"]}]}},"jetpack_sharing_enabled":true,"_links":{"self":[{"href":"https:\/\/villageviking.com\/en\/wp-json\/wp\/v2\/product\/3189","targetHints":{"allow":["GET"]}}],"collection":[{"href":"https:\/\/villageviking.com\/en\/wp-json\/wp\/v2\/product"}],"about":[{"href":"https:\/\/villageviking.com\/en\/wp-json\/wp\/v2\/types\/product"}],"replies":[{"embeddable":true,"href":"https:\/\/villageviking.com\/en\/wp-json\/wp\/v2\/comments?post=3189"}],"wp:featuredmedia":[{"embeddable":true,"href":"https:\/\/villageviking.com\/en\/wp-json\/wp\/v2\/media\/3626"}],"wp:attachment":[{"href":"https:\/\/villageviking.com\/en\/wp-json\/wp\/v2\/media?parent=3189"}],"wp:term":[{"taxonomy":"product_brand","embeddable":true,"href":"https:\/\/villageviking.com\/en\/wp-json\/wp\/v2\/product_brand?post=3189"},{"taxonomy":"product_cat","embeddable":true,"href":"https:\/\/villageviking.com\/en\/wp-json\/wp\/v2\/product_cat?post=3189"},{"taxonomy":"product_tag","embeddable":true,"href":"https:\/\/villageviking.com\/en\/wp-json\/wp\/v2\/product_tag?post=3189"}],"curies":[{"name":"wp","href":"https:\/\/api.w.org\/{rel}","templated":true}]}}