{"id":3191,"date":"2026-04-06T02:30:35","date_gmt":"2026-04-06T02:30:35","guid":{"rendered":"https:\/\/villageviking.com\/?post_type=product&#038;p=3191"},"modified":"2026-04-08T00:11:20","modified_gmt":"2026-04-08T00:11:20","slug":"torque-viking-gotland-collier-nordique-en-metal-inspire-des-fouilles","status":"publish","type":"product","link":"https:\/\/villageviking.com\/en\/product\/torque-viking-gotland-collier-nordique-en-metal-inspire-des-fouilles\/","title":{"rendered":"Torque viking Gotland \u2013 Collier nordique en m\u00e9tal inspir\u00e9 des fouilles"},"content":{"rendered":"<p><img loading=\"lazy\" decoding=\"async\" class=\"alignnone size-medium wp-image-3192\" src=\"http:\/\/villageviking.com\/wp-content\/uploads\/2026\/03\/ChatGPT-Image-21-mars-2026-14_43_43-300x300.png\" alt=\"Torque viking Gotland \" width=\"300\" height=\"300\" srcset=\"https:\/\/villageviking.com\/wp-content\/uploads\/2026\/03\/ChatGPT-Image-21-mars-2026-14_43_43-300x300.png 300w, https:\/\/villageviking.com\/wp-content\/uploads\/2026\/03\/ChatGPT-Image-21-mars-2026-14_43_43-100x100.png 100w, https:\/\/villageviking.com\/wp-content\/uploads\/2026\/03\/ChatGPT-Image-21-mars-2026-14_43_43-600x600.png 600w, https:\/\/villageviking.com\/wp-content\/uploads\/2026\/03\/ChatGPT-Image-21-mars-2026-14_43_43-150x150.png 150w, https:\/\/villageviking.com\/wp-content\/uploads\/2026\/03\/ChatGPT-Image-21-mars-2026-14_43_43-768x768.png 768w, https:\/\/villageviking.com\/wp-content\/uploads\/2026\/03\/ChatGPT-Image-21-mars-2026-14_43_43.png 1024w\" sizes=\"auto, (max-width: 300px) 100vw, 300px\" \/><\/p>\n","protected":false},"excerpt":{"rendered":"<p data-start=\"359\" data-end=\"598\">Ce torque viking s\u2019inspire des bijoux d\u00e9couverts sur l\u2019\u00eele de Gotland, un important centre de la culture nordique durant l\u2019\u00e9poque viking. Port\u00e9 autour du cou, ce type de collier rigide \u00e9tait un symbole de statut, de richesse et d\u2019identit\u00e9.<\/p>\n<p data-start=\"600\" data-end=\"824\">Son design torsad\u00e9, caract\u00e9ristique des torques anciens, lui conf\u00e8re une esth\u00e9tique \u00e0 la fois puissante et \u00e9l\u00e9gante. Con\u00e7u en bronze, il allie robustesse et confort, tout en conservant un style fid\u00e8le aux mod\u00e8les historiques.<\/p>\n<p data-start=\"826\" data-end=\"992\">Ce bijou est id\u00e9al pour compl\u00e9ter une tenue de reconstitution, enrichir une collection ou simplement apporter une touche nordique distinctive \u00e0 votre style quotidien.<\/p>\n<p data-start=\"994\" data-end=\"1117\">Polyvalent et intemporel, il s\u2019adresse autant aux passionn\u00e9s d\u2019histoire qu\u2019aux amateurs d\u2019accessoires au caract\u00e8re affirm\u00e9.<\/p>\n","protected":false},"featured_media":3192,"comment_status":"open","ping_status":"closed","template":"","meta":{"_coblocks_attr":"","_coblocks_dimensions":"","_coblocks_responsive_height":"","_coblocks_accordion_ie_support":""},"product_brand":[],"product_cat":[54],"product_tag":[],"class_list":{"0":"post-3191","1":"product","2":"type-product","3":"status-publish","4":"has-post-thumbnail","6":"product_cat-bijoux-viking","8":"first","9":"instock","10":"taxable","11":"shipping-taxable","12":"purchasable","13":"product-type-simple"},"booking_location":null,"booking_location_type":null,"booking_duration":null,"booking_duration_unit":null,"booking_buffer":null,"booking_cost":null,"booking_resources":null,"exclude_global_add_ons":[],"addons":[],"yoast_head":"<!-- This site is optimized with the Yoast SEO plugin v27.5 - https:\/\/yoast.com\/product\/yoast-seo-wordpress\/ -->\n<title>Torque viking Gotland \u2013 Collier nordique en m\u00e9tal inspir\u00e9 des fouilles<\/title>\n<meta name=\"description\" content=\"Torque viking Gotland en m\u00e9tal. Collier nordique inspir\u00e9 des fouilles historiques, id\u00e9al pour style m\u00e9di\u00e9val et reconstitution.\" \/>\n<meta name=\"robots\" content=\"index, follow, max-snippet:-1, max-image-preview:large, max-video-preview:-1\" \/>\n<link rel=\"canonical\" href=\"https:\/\/villageviking.com\/en\/product\/torque-viking-gotland-collier-nordique-en-metal-inspire-des-fouilles\/\" \/>\n<meta property=\"og:locale\" content=\"en_US\" \/>\n<meta property=\"og:locale:alternate\" content=\"fr_FR\" \/>\n<meta property=\"og:type\" content=\"article\" \/>\n<meta property=\"og:title\" content=\"Torque viking Gotland \u2013 Collier nordique en m\u00e9tal inspir\u00e9 des fouilles\" \/>\n<meta property=\"og:description\" content=\"Torque viking Gotland en m\u00e9tal. Collier nordique inspir\u00e9 des fouilles historiques, id\u00e9al pour style m\u00e9di\u00e9val et reconstitution.\" \/>\n<meta property=\"og:url\" content=\"https:\/\/villageviking.com\/en\/product\/torque-viking-gotland-collier-nordique-en-metal-inspire-des-fouilles\/\" \/>\n<meta property=\"og:site_name\" content=\"Village Viking H\u00f3p\" \/>\n<meta property=\"article:publisher\" content=\"https:\/\/www.facebook.com\/profile.php?id=100083109181728\" \/>\n<meta property=\"article:modified_time\" content=\"2026-04-08T00:11:20+00:00\" \/>\n<meta property=\"og:image\" content=\"http:\/\/villageviking.com\/wp-content\/uploads\/2026\/03\/ChatGPT-Image-21-mars-2026-14_43_43-300x300.png\" \/>\n<meta name=\"twitter:card\" content=\"summary_large_image\" \/>\n<meta name=\"twitter:label1\" content=\"Est. reading time\" \/>\n\t<meta name=\"twitter:data1\" content=\"1 minute\" \/>\n<script type=\"application\/ld+json\" class=\"yoast-schema-graph\">{\"@context\":\"https:\\\/\\\/schema.org\",\"@graph\":[{\"@type\":\"WebPage\",\"@id\":\"https:\\\/\\\/villageviking.com\\\/product\\\/torque-viking-gotland-collier-nordique-en-metal-inspire-des-fouilles\\\/\",\"url\":\"https:\\\/\\\/villageviking.com\\\/product\\\/torque-viking-gotland-collier-nordique-en-metal-inspire-des-fouilles\\\/\",\"name\":\"Torque viking Gotland \u2013 Collier nordique en m\u00e9tal inspir\u00e9 des fouilles\",\"isPartOf\":{\"@id\":\"https:\\\/\\\/villageviking.com\\\/#website\"},\"primaryImageOfPage\":{\"@id\":\"https:\\\/\\\/villageviking.com\\\/product\\\/torque-viking-gotland-collier-nordique-en-metal-inspire-des-fouilles\\\/#primaryimage\"},\"image\":{\"@id\":\"https:\\\/\\\/villageviking.com\\\/product\\\/torque-viking-gotland-collier-nordique-en-metal-inspire-des-fouilles\\\/#primaryimage\"},\"thumbnailUrl\":\"https:\\\/\\\/villageviking.com\\\/wp-content\\\/uploads\\\/2026\\\/03\\\/ChatGPT-Image-21-mars-2026-14_43_43.png\",\"datePublished\":\"2026-04-06T02:30:35+00:00\",\"dateModified\":\"2026-04-08T00:11:20+00:00\",\"description\":\"Torque viking Gotland en m\u00e9tal. Collier nordique inspir\u00e9 des fouilles historiques, id\u00e9al pour style m\u00e9di\u00e9val et reconstitution.\",\"breadcrumb\":{\"@id\":\"https:\\\/\\\/villageviking.com\\\/product\\\/torque-viking-gotland-collier-nordique-en-metal-inspire-des-fouilles\\\/#breadcrumb\"},\"inLanguage\":\"en-US\",\"potentialAction\":[{\"@type\":\"ReadAction\",\"target\":[\"https:\\\/\\\/villageviking.com\\\/product\\\/torque-viking-gotland-collier-nordique-en-metal-inspire-des-fouilles\\\/\"]}]},{\"@type\":\"ImageObject\",\"inLanguage\":\"en-US\",\"@id\":\"https:\\\/\\\/villageviking.com\\\/product\\\/torque-viking-gotland-collier-nordique-en-metal-inspire-des-fouilles\\\/#primaryimage\",\"url\":\"https:\\\/\\\/villageviking.com\\\/wp-content\\\/uploads\\\/2026\\\/03\\\/ChatGPT-Image-21-mars-2026-14_43_43.png\",\"contentUrl\":\"https:\\\/\\\/villageviking.com\\\/wp-content\\\/uploads\\\/2026\\\/03\\\/ChatGPT-Image-21-mars-2026-14_43_43.png\",\"width\":1024,\"height\":1024,\"caption\":\"Torque viking Gotland\"},{\"@type\":\"BreadcrumbList\",\"@id\":\"https:\\\/\\\/villageviking.com\\\/product\\\/torque-viking-gotland-collier-nordique-en-metal-inspire-des-fouilles\\\/#breadcrumb\",\"itemListElement\":[{\"@type\":\"ListItem\",\"position\":1,\"name\":\"Accueil\",\"item\":\"https:\\\/\\\/villageviking.com\\\/\"},{\"@type\":\"ListItem\",\"position\":2,\"name\":\"Boutique\",\"item\":\"https:\\\/\\\/villageviking.com\\\/boutique\\\/\"},{\"@type\":\"ListItem\",\"position\":3,\"name\":\"Torque viking Gotland \u2013 Collier nordique en m\u00e9tal inspir\u00e9 des fouilles\"}]},{\"@type\":\"WebSite\",\"@id\":\"https:\\\/\\\/villageviking.com\\\/#website\",\"url\":\"https:\\\/\\\/villageviking.com\\\/\",\"name\":\"Village Viking H\u00f3p\",\"description\":\"\",\"publisher\":{\"@id\":\"https:\\\/\\\/villageviking.com\\\/#organization\"},\"potentialAction\":[{\"@type\":\"SearchAction\",\"target\":{\"@type\":\"EntryPoint\",\"urlTemplate\":\"https:\\\/\\\/villageviking.com\\\/?s={search_term_string}\"},\"query-input\":{\"@type\":\"PropertyValueSpecification\",\"valueRequired\":true,\"valueName\":\"search_term_string\"}}],\"inLanguage\":\"en-US\"},{\"@type\":\"Organization\",\"@id\":\"https:\\\/\\\/villageviking.com\\\/#organization\",\"name\":\"Village Viking H\u00f3p\",\"alternateName\":\"Village Viking\",\"url\":\"https:\\\/\\\/villageviking.com\\\/\",\"logo\":{\"@type\":\"ImageObject\",\"inLanguage\":\"en-US\",\"@id\":\"https:\\\/\\\/villageviking.com\\\/#\\\/schema\\\/logo\\\/image\\\/\",\"url\":\"https:\\\/\\\/villageviking.com\\\/wp-content\\\/uploads\\\/2023\\\/01\\\/cropped-Logotype_HOP_noir_.png\",\"contentUrl\":\"https:\\\/\\\/villageviking.com\\\/wp-content\\\/uploads\\\/2023\\\/01\\\/cropped-Logotype_HOP_noir_.png\",\"width\":2103,\"height\":1062,\"caption\":\"Village Viking H\u00f3p\"},\"image\":{\"@id\":\"https:\\\/\\\/villageviking.com\\\/#\\\/schema\\\/logo\\\/image\\\/\"},\"sameAs\":[\"https:\\\/\\\/www.facebook.com\\\/profile.php?id=100083109181728\",\"https:\\\/\\\/www.instagram.com\\\/hop_viking_village\\\/\",\"https:\\\/\\\/www.tiktok.com\\\/@villagevikinghop\"]}]}<\/script>\n<!-- \/ Yoast SEO plugin. -->","yoast_head_json":{"title":"Torque viking Gotland \u2013 Collier nordique en m\u00e9tal inspir\u00e9 des fouilles","description":"Torque viking Gotland en m\u00e9tal. Collier nordique inspir\u00e9 des fouilles historiques, id\u00e9al pour style m\u00e9di\u00e9val et reconstitution.","robots":{"index":"index","follow":"follow","max-snippet":"max-snippet:-1","max-image-preview":"max-image-preview:large","max-video-preview":"max-video-preview:-1"},"canonical":"https:\/\/villageviking.com\/en\/product\/torque-viking-gotland-collier-nordique-en-metal-inspire-des-fouilles\/","og_locale":"en_US","og_type":"article","og_title":"[:fr]Torque viking Gotland \u2013 Collier nordique en m\u00e9tal inspir\u00e9 des fouilles[:] - Village Viking H\u00f3p","og_description":"[:fr]Torque viking Gotland en m\u00e9tal. Collier nordique inspir\u00e9 des fouilles historiques, id\u00e9al pour style m\u00e9di\u00e9val et reconstitution.[:]","og_url":"https:\/\/villageviking.com\/en\/product\/torque-viking-gotland-collier-nordique-en-metal-inspire-des-fouilles\/","og_site_name":"Village Viking H\u00f3p","article_publisher":"https:\/\/www.facebook.com\/profile.php?id=100083109181728","article_modified_time":"2026-04-08T00:11:20+00:00","og_image":[{"url":"http:\/\/villageviking.com\/wp-content\/uploads\/2026\/03\/ChatGPT-Image-21-mars-2026-14_43_43-300x300.png","type":"","width":"","height":""}],"twitter_card":"summary_large_image","twitter_misc":{"Est. reading time":"1 minute"},"schema":{"@context":"https:\/\/schema.org","@graph":[{"@type":"WebPage","@id":"https:\/\/villageviking.com\/product\/torque-viking-gotland-collier-nordique-en-metal-inspire-des-fouilles\/","url":"https:\/\/villageviking.com\/product\/torque-viking-gotland-collier-nordique-en-metal-inspire-des-fouilles\/","name":"Torque viking Gotland \u2013 Collier nordique en m\u00e9tal inspir\u00e9 des fouilles","isPartOf":{"@id":"https:\/\/villageviking.com\/#website"},"primaryImageOfPage":{"@id":"https:\/\/villageviking.com\/product\/torque-viking-gotland-collier-nordique-en-metal-inspire-des-fouilles\/#primaryimage"},"image":{"@id":"https:\/\/villageviking.com\/product\/torque-viking-gotland-collier-nordique-en-metal-inspire-des-fouilles\/#primaryimage"},"thumbnailUrl":"https:\/\/villageviking.com\/wp-content\/uploads\/2026\/03\/ChatGPT-Image-21-mars-2026-14_43_43.png","datePublished":"2026-04-06T02:30:35+00:00","dateModified":"2026-04-08T00:11:20+00:00","description":"Torque viking Gotland en m\u00e9tal. Collier nordique inspir\u00e9 des fouilles historiques, id\u00e9al pour style m\u00e9di\u00e9val et reconstitution.","breadcrumb":{"@id":"https:\/\/villageviking.com\/product\/torque-viking-gotland-collier-nordique-en-metal-inspire-des-fouilles\/#breadcrumb"},"inLanguage":"en-US","potentialAction":[{"@type":"ReadAction","target":["https:\/\/villageviking.com\/product\/torque-viking-gotland-collier-nordique-en-metal-inspire-des-fouilles\/"]}]},{"@type":"ImageObject","inLanguage":"en-US","@id":"https:\/\/villageviking.com\/product\/torque-viking-gotland-collier-nordique-en-metal-inspire-des-fouilles\/#primaryimage","url":"https:\/\/villageviking.com\/wp-content\/uploads\/2026\/03\/ChatGPT-Image-21-mars-2026-14_43_43.png","contentUrl":"https:\/\/villageviking.com\/wp-content\/uploads\/2026\/03\/ChatGPT-Image-21-mars-2026-14_43_43.png","width":1024,"height":1024,"caption":"Torque viking Gotland"},{"@type":"BreadcrumbList","@id":"https:\/\/villageviking.com\/product\/torque-viking-gotland-collier-nordique-en-metal-inspire-des-fouilles\/#breadcrumb","itemListElement":[{"@type":"ListItem","position":1,"name":"Accueil","item":"https:\/\/villageviking.com\/"},{"@type":"ListItem","position":2,"name":"Boutique","item":"https:\/\/villageviking.com\/boutique\/"},{"@type":"ListItem","position":3,"name":"Torque viking Gotland \u2013 Collier nordique en m\u00e9tal inspir\u00e9 des fouilles"}]},{"@type":"WebSite","@id":"https:\/\/villageviking.com\/#website","url":"https:\/\/villageviking.com\/","name":"Village Viking H\u00f3p","description":"","publisher":{"@id":"https:\/\/villageviking.com\/#organization"},"potentialAction":[{"@type":"SearchAction","target":{"@type":"EntryPoint","urlTemplate":"https:\/\/villageviking.com\/?s={search_term_string}"},"query-input":{"@type":"PropertyValueSpecification","valueRequired":true,"valueName":"search_term_string"}}],"inLanguage":"en-US"},{"@type":"Organization","@id":"https:\/\/villageviking.com\/#organization","name":"Village Viking H\u00f3p","alternateName":"Village Viking","url":"https:\/\/villageviking.com\/","logo":{"@type":"ImageObject","inLanguage":"en-US","@id":"https:\/\/villageviking.com\/#\/schema\/logo\/image\/","url":"https:\/\/villageviking.com\/wp-content\/uploads\/2023\/01\/cropped-Logotype_HOP_noir_.png","contentUrl":"https:\/\/villageviking.com\/wp-content\/uploads\/2023\/01\/cropped-Logotype_HOP_noir_.png","width":2103,"height":1062,"caption":"Village Viking H\u00f3p"},"image":{"@id":"https:\/\/villageviking.com\/#\/schema\/logo\/image\/"},"sameAs":["https:\/\/www.facebook.com\/profile.php?id=100083109181728","https:\/\/www.instagram.com\/hop_viking_village\/","https:\/\/www.tiktok.com\/@villagevikinghop"]}]}},"jetpack_sharing_enabled":true,"_links":{"self":[{"href":"https:\/\/villageviking.com\/en\/wp-json\/wp\/v2\/product\/3191","targetHints":{"allow":["GET"]}}],"collection":[{"href":"https:\/\/villageviking.com\/en\/wp-json\/wp\/v2\/product"}],"about":[{"href":"https:\/\/villageviking.com\/en\/wp-json\/wp\/v2\/types\/product"}],"replies":[{"embeddable":true,"href":"https:\/\/villageviking.com\/en\/wp-json\/wp\/v2\/comments?post=3191"}],"wp:featuredmedia":[{"embeddable":true,"href":"https:\/\/villageviking.com\/en\/wp-json\/wp\/v2\/media\/3192"}],"wp:attachment":[{"href":"https:\/\/villageviking.com\/en\/wp-json\/wp\/v2\/media?parent=3191"}],"wp:term":[{"taxonomy":"product_brand","embeddable":true,"href":"https:\/\/villageviking.com\/en\/wp-json\/wp\/v2\/product_brand?post=3191"},{"taxonomy":"product_cat","embeddable":true,"href":"https:\/\/villageviking.com\/en\/wp-json\/wp\/v2\/product_cat?post=3191"},{"taxonomy":"product_tag","embeddable":true,"href":"https:\/\/villageviking.com\/en\/wp-json\/wp\/v2\/product_tag?post=3191"}],"curies":[{"name":"wp","href":"https:\/\/api.w.org\/{rel}","templated":true}]}}