{"id":3216,"date":"2026-04-06T02:27:25","date_gmt":"2026-04-06T02:27:25","guid":{"rendered":"https:\/\/villageviking.com\/?post_type=product&#038;p=3216"},"modified":"2026-04-06T02:27:26","modified_gmt":"2026-04-06T02:27:26","slug":"epee-viking-en-mousse-de-polyurethane","status":"publish","type":"product","link":"https:\/\/villageviking.com\/en\/product\/epee-viking-en-mousse-de-polyurethane\/","title":{"rendered":"\u00c9p\u00e9e viking en mousse de polyur\u00e9thane"},"content":{"rendered":"<p><img loading=\"lazy\" decoding=\"async\" class=\"alignnone size-medium wp-image-3483\" src=\"http:\/\/villageviking.com\/wp-content\/uploads\/2026\/04\/Gemini_Generated_Image_mxvgk8mxvgk8mxvg-285x300.png\" alt=\"\" width=\"285\" height=\"300\" srcset=\"https:\/\/villageviking.com\/wp-content\/uploads\/2026\/04\/Gemini_Generated_Image_mxvgk8mxvgk8mxvg-285x300.png 285w, https:\/\/villageviking.com\/wp-content\/uploads\/2026\/04\/Gemini_Generated_Image_mxvgk8mxvgk8mxvg-600x631.png 600w, https:\/\/villageviking.com\/wp-content\/uploads\/2026\/04\/Gemini_Generated_Image_mxvgk8mxvgk8mxvg-768x808.png 768w, https:\/\/villageviking.com\/wp-content\/uploads\/2026\/04\/Gemini_Generated_Image_mxvgk8mxvgk8mxvg-100x105.png 100w, https:\/\/villageviking.com\/wp-content\/uploads\/2026\/04\/Gemini_Generated_Image_mxvgk8mxvgk8mxvg.png 960w\" sizes=\"auto, (max-width: 285px) 100vw, 285px\" \/><\/p>\n","protected":false},"excerpt":{"rendered":"<p>\u00c9p\u00e9e viking en mousse de polyur\u00e9thane con\u00e7ue pour l\u2019entra\u00eenement au combat. Bon \u00e9quilibre, prise solide et absorption des impacts pour des pratiques contr\u00f4l\u00e9es. (Ce n&#8217;est pas un jouet)<\/p>\n","protected":false},"featured_media":3483,"comment_status":"open","ping_status":"closed","template":"","meta":{"_coblocks_attr":"","_coblocks_dimensions":"","_coblocks_responsive_height":"","_coblocks_accordion_ie_support":""},"product_brand":[],"product_cat":[49],"product_tag":[],"class_list":{"0":"post-3216","1":"product","2":"type-product","3":"status-publish","4":"has-post-thumbnail","6":"product_cat-jouet-et-item-non-histo","8":"first","9":"instock","10":"taxable","11":"shipping-taxable","12":"purchasable","13":"product-type-simple"},"booking_location":null,"booking_location_type":null,"booking_duration":null,"booking_duration_unit":null,"booking_buffer":null,"booking_cost":null,"booking_resources":null,"exclude_global_add_ons":[],"addons":[],"yoast_head":"<!-- This site is optimized with the Yoast SEO plugin v27.5 - https:\/\/yoast.com\/product\/yoast-seo-wordpress\/ -->\n<title>\u00c9p\u00e9e viking en mousse de polyur\u00e9thane<\/title>\n<meta name=\"description\" content=\"\u00c9p\u00e9e viking d\u2019entra\u00eenement en mousse de polyur\u00e9thane, id\u00e9ale pour la pratique du combat, reconstitution et entra\u00eenement s\u00e9curitaire avec contr\u00f4le des impacts.\" \/>\n<meta name=\"robots\" content=\"index, follow, max-snippet:-1, max-image-preview:large, max-video-preview:-1\" \/>\n<link rel=\"canonical\" href=\"https:\/\/villageviking.com\/en\/product\/epee-viking-en-mousse-de-polyurethane\/\" \/>\n<meta property=\"og:locale\" content=\"en_US\" \/>\n<meta property=\"og:locale:alternate\" content=\"fr_FR\" \/>\n<meta property=\"og:type\" content=\"article\" \/>\n<meta property=\"og:title\" content=\"\u00c9p\u00e9e viking en mousse de polyur\u00e9thane\" \/>\n<meta property=\"og:description\" content=\"\u00c9p\u00e9e viking d\u2019entra\u00eenement en mousse de polyur\u00e9thane, id\u00e9ale pour la pratique du combat, reconstitution et entra\u00eenement s\u00e9curitaire avec contr\u00f4le des impacts.\" \/>\n<meta property=\"og:url\" content=\"https:\/\/villageviking.com\/en\/product\/epee-viking-en-mousse-de-polyurethane\/\" \/>\n<meta property=\"og:site_name\" content=\"Village Viking H\u00f3p\" \/>\n<meta property=\"article:publisher\" content=\"https:\/\/www.facebook.com\/profile.php?id=100083109181728\" \/>\n<meta property=\"article:modified_time\" content=\"2026-04-06T02:27:26+00:00\" \/>\n<meta property=\"og:image\" content=\"http:\/\/villageviking.com\/wp-content\/uploads\/2026\/04\/Gemini_Generated_Image_mxvgk8mxvgk8mxvg-285x300.png\" \/>\n<meta name=\"twitter:card\" content=\"summary_large_image\" \/>\n<meta name=\"twitter:label1\" content=\"Est. reading time\" \/>\n\t<meta name=\"twitter:data1\" content=\"1 minute\" \/>\n<script type=\"application\/ld+json\" class=\"yoast-schema-graph\">{\"@context\":\"https:\\\/\\\/schema.org\",\"@graph\":[{\"@type\":\"WebPage\",\"@id\":\"https:\\\/\\\/villageviking.com\\\/product\\\/epee-viking-en-mousse-de-polyurethane\\\/\",\"url\":\"https:\\\/\\\/villageviking.com\\\/product\\\/epee-viking-en-mousse-de-polyurethane\\\/\",\"name\":\"\u00c9p\u00e9e viking en mousse de polyur\u00e9thane\",\"isPartOf\":{\"@id\":\"https:\\\/\\\/villageviking.com\\\/#website\"},\"primaryImageOfPage\":{\"@id\":\"https:\\\/\\\/villageviking.com\\\/product\\\/epee-viking-en-mousse-de-polyurethane\\\/#primaryimage\"},\"image\":{\"@id\":\"https:\\\/\\\/villageviking.com\\\/product\\\/epee-viking-en-mousse-de-polyurethane\\\/#primaryimage\"},\"thumbnailUrl\":\"https:\\\/\\\/villageviking.com\\\/wp-content\\\/uploads\\\/2026\\\/04\\\/Gemini_Generated_Image_mxvgk8mxvgk8mxvg.png\",\"datePublished\":\"2026-04-06T02:27:25+00:00\",\"dateModified\":\"2026-04-06T02:27:26+00:00\",\"description\":\"\u00c9p\u00e9e viking d\u2019entra\u00eenement en mousse de polyur\u00e9thane, id\u00e9ale pour la pratique du combat, reconstitution et entra\u00eenement s\u00e9curitaire avec contr\u00f4le des impacts.\",\"breadcrumb\":{\"@id\":\"https:\\\/\\\/villageviking.com\\\/product\\\/epee-viking-en-mousse-de-polyurethane\\\/#breadcrumb\"},\"inLanguage\":\"en-US\",\"potentialAction\":[{\"@type\":\"ReadAction\",\"target\":[\"https:\\\/\\\/villageviking.com\\\/product\\\/epee-viking-en-mousse-de-polyurethane\\\/\"]}]},{\"@type\":\"ImageObject\",\"inLanguage\":\"en-US\",\"@id\":\"https:\\\/\\\/villageviking.com\\\/product\\\/epee-viking-en-mousse-de-polyurethane\\\/#primaryimage\",\"url\":\"https:\\\/\\\/villageviking.com\\\/wp-content\\\/uploads\\\/2026\\\/04\\\/Gemini_Generated_Image_mxvgk8mxvgk8mxvg.png\",\"contentUrl\":\"https:\\\/\\\/villageviking.com\\\/wp-content\\\/uploads\\\/2026\\\/04\\\/Gemini_Generated_Image_mxvgk8mxvgk8mxvg.png\",\"width\":960,\"height\":1010},{\"@type\":\"BreadcrumbList\",\"@id\":\"https:\\\/\\\/villageviking.com\\\/product\\\/epee-viking-en-mousse-de-polyurethane\\\/#breadcrumb\",\"itemListElement\":[{\"@type\":\"ListItem\",\"position\":1,\"name\":\"Accueil\",\"item\":\"https:\\\/\\\/villageviking.com\\\/\"},{\"@type\":\"ListItem\",\"position\":2,\"name\":\"Boutique\",\"item\":\"https:\\\/\\\/villageviking.com\\\/boutique\\\/\"},{\"@type\":\"ListItem\",\"position\":3,\"name\":\"\u00c9p\u00e9e viking en mousse de polyur\u00e9thane\"}]},{\"@type\":\"WebSite\",\"@id\":\"https:\\\/\\\/villageviking.com\\\/#website\",\"url\":\"https:\\\/\\\/villageviking.com\\\/\",\"name\":\"Village Viking H\u00f3p\",\"description\":\"\",\"publisher\":{\"@id\":\"https:\\\/\\\/villageviking.com\\\/#organization\"},\"potentialAction\":[{\"@type\":\"SearchAction\",\"target\":{\"@type\":\"EntryPoint\",\"urlTemplate\":\"https:\\\/\\\/villageviking.com\\\/?s={search_term_string}\"},\"query-input\":{\"@type\":\"PropertyValueSpecification\",\"valueRequired\":true,\"valueName\":\"search_term_string\"}}],\"inLanguage\":\"en-US\"},{\"@type\":\"Organization\",\"@id\":\"https:\\\/\\\/villageviking.com\\\/#organization\",\"name\":\"Village Viking H\u00f3p\",\"alternateName\":\"Village Viking\",\"url\":\"https:\\\/\\\/villageviking.com\\\/\",\"logo\":{\"@type\":\"ImageObject\",\"inLanguage\":\"en-US\",\"@id\":\"https:\\\/\\\/villageviking.com\\\/#\\\/schema\\\/logo\\\/image\\\/\",\"url\":\"https:\\\/\\\/villageviking.com\\\/wp-content\\\/uploads\\\/2023\\\/01\\\/cropped-Logotype_HOP_noir_.png\",\"contentUrl\":\"https:\\\/\\\/villageviking.com\\\/wp-content\\\/uploads\\\/2023\\\/01\\\/cropped-Logotype_HOP_noir_.png\",\"width\":2103,\"height\":1062,\"caption\":\"Village Viking H\u00f3p\"},\"image\":{\"@id\":\"https:\\\/\\\/villageviking.com\\\/#\\\/schema\\\/logo\\\/image\\\/\"},\"sameAs\":[\"https:\\\/\\\/www.facebook.com\\\/profile.php?id=100083109181728\",\"https:\\\/\\\/www.instagram.com\\\/hop_viking_village\\\/\",\"https:\\\/\\\/www.tiktok.com\\\/@villagevikinghop\"]}]}<\/script>\n<!-- \/ Yoast SEO plugin. -->","yoast_head_json":{"title":"\u00c9p\u00e9e viking en mousse de polyur\u00e9thane","description":"\u00c9p\u00e9e viking d\u2019entra\u00eenement en mousse de polyur\u00e9thane, id\u00e9ale pour la pratique du combat, reconstitution et entra\u00eenement s\u00e9curitaire avec contr\u00f4le des impacts.","robots":{"index":"index","follow":"follow","max-snippet":"max-snippet:-1","max-image-preview":"max-image-preview:large","max-video-preview":"max-video-preview:-1"},"canonical":"https:\/\/villageviking.com\/en\/product\/epee-viking-en-mousse-de-polyurethane\/","og_locale":"en_US","og_type":"article","og_title":"[:fr]\u00c9p\u00e9e viking en mousse de polyur\u00e9thane[:] - Village Viking H\u00f3p","og_description":"[:fr]\u00c9p\u00e9e viking d\u2019entra\u00eenement en mousse de polyur\u00e9thane, id\u00e9ale pour la pratique du combat, reconstitution et entra\u00eenement s\u00e9curitaire avec contr\u00f4le des impacts.[:]","og_url":"https:\/\/villageviking.com\/en\/product\/epee-viking-en-mousse-de-polyurethane\/","og_site_name":"Village Viking H\u00f3p","article_publisher":"https:\/\/www.facebook.com\/profile.php?id=100083109181728","article_modified_time":"2026-04-06T02:27:26+00:00","og_image":[{"url":"http:\/\/villageviking.com\/wp-content\/uploads\/2026\/04\/Gemini_Generated_Image_mxvgk8mxvgk8mxvg-285x300.png","type":"","width":"","height":""}],"twitter_card":"summary_large_image","twitter_misc":{"Est. reading time":"1 minute"},"schema":{"@context":"https:\/\/schema.org","@graph":[{"@type":"WebPage","@id":"https:\/\/villageviking.com\/product\/epee-viking-en-mousse-de-polyurethane\/","url":"https:\/\/villageviking.com\/product\/epee-viking-en-mousse-de-polyurethane\/","name":"\u00c9p\u00e9e viking en mousse de polyur\u00e9thane","isPartOf":{"@id":"https:\/\/villageviking.com\/#website"},"primaryImageOfPage":{"@id":"https:\/\/villageviking.com\/product\/epee-viking-en-mousse-de-polyurethane\/#primaryimage"},"image":{"@id":"https:\/\/villageviking.com\/product\/epee-viking-en-mousse-de-polyurethane\/#primaryimage"},"thumbnailUrl":"https:\/\/villageviking.com\/wp-content\/uploads\/2026\/04\/Gemini_Generated_Image_mxvgk8mxvgk8mxvg.png","datePublished":"2026-04-06T02:27:25+00:00","dateModified":"2026-04-06T02:27:26+00:00","description":"\u00c9p\u00e9e viking d\u2019entra\u00eenement en mousse de polyur\u00e9thane, id\u00e9ale pour la pratique du combat, reconstitution et entra\u00eenement s\u00e9curitaire avec contr\u00f4le des impacts.","breadcrumb":{"@id":"https:\/\/villageviking.com\/product\/epee-viking-en-mousse-de-polyurethane\/#breadcrumb"},"inLanguage":"en-US","potentialAction":[{"@type":"ReadAction","target":["https:\/\/villageviking.com\/product\/epee-viking-en-mousse-de-polyurethane\/"]}]},{"@type":"ImageObject","inLanguage":"en-US","@id":"https:\/\/villageviking.com\/product\/epee-viking-en-mousse-de-polyurethane\/#primaryimage","url":"https:\/\/villageviking.com\/wp-content\/uploads\/2026\/04\/Gemini_Generated_Image_mxvgk8mxvgk8mxvg.png","contentUrl":"https:\/\/villageviking.com\/wp-content\/uploads\/2026\/04\/Gemini_Generated_Image_mxvgk8mxvgk8mxvg.png","width":960,"height":1010},{"@type":"BreadcrumbList","@id":"https:\/\/villageviking.com\/product\/epee-viking-en-mousse-de-polyurethane\/#breadcrumb","itemListElement":[{"@type":"ListItem","position":1,"name":"Accueil","item":"https:\/\/villageviking.com\/"},{"@type":"ListItem","position":2,"name":"Boutique","item":"https:\/\/villageviking.com\/boutique\/"},{"@type":"ListItem","position":3,"name":"\u00c9p\u00e9e viking en mousse de polyur\u00e9thane"}]},{"@type":"WebSite","@id":"https:\/\/villageviking.com\/#website","url":"https:\/\/villageviking.com\/","name":"Village Viking H\u00f3p","description":"","publisher":{"@id":"https:\/\/villageviking.com\/#organization"},"potentialAction":[{"@type":"SearchAction","target":{"@type":"EntryPoint","urlTemplate":"https:\/\/villageviking.com\/?s={search_term_string}"},"query-input":{"@type":"PropertyValueSpecification","valueRequired":true,"valueName":"search_term_string"}}],"inLanguage":"en-US"},{"@type":"Organization","@id":"https:\/\/villageviking.com\/#organization","name":"Village Viking H\u00f3p","alternateName":"Village Viking","url":"https:\/\/villageviking.com\/","logo":{"@type":"ImageObject","inLanguage":"en-US","@id":"https:\/\/villageviking.com\/#\/schema\/logo\/image\/","url":"https:\/\/villageviking.com\/wp-content\/uploads\/2023\/01\/cropped-Logotype_HOP_noir_.png","contentUrl":"https:\/\/villageviking.com\/wp-content\/uploads\/2023\/01\/cropped-Logotype_HOP_noir_.png","width":2103,"height":1062,"caption":"Village Viking H\u00f3p"},"image":{"@id":"https:\/\/villageviking.com\/#\/schema\/logo\/image\/"},"sameAs":["https:\/\/www.facebook.com\/profile.php?id=100083109181728","https:\/\/www.instagram.com\/hop_viking_village\/","https:\/\/www.tiktok.com\/@villagevikinghop"]}]}},"jetpack_sharing_enabled":true,"_links":{"self":[{"href":"https:\/\/villageviking.com\/en\/wp-json\/wp\/v2\/product\/3216","targetHints":{"allow":["GET"]}}],"collection":[{"href":"https:\/\/villageviking.com\/en\/wp-json\/wp\/v2\/product"}],"about":[{"href":"https:\/\/villageviking.com\/en\/wp-json\/wp\/v2\/types\/product"}],"replies":[{"embeddable":true,"href":"https:\/\/villageviking.com\/en\/wp-json\/wp\/v2\/comments?post=3216"}],"wp:featuredmedia":[{"embeddable":true,"href":"https:\/\/villageviking.com\/en\/wp-json\/wp\/v2\/media\/3483"}],"wp:attachment":[{"href":"https:\/\/villageviking.com\/en\/wp-json\/wp\/v2\/media?parent=3216"}],"wp:term":[{"taxonomy":"product_brand","embeddable":true,"href":"https:\/\/villageviking.com\/en\/wp-json\/wp\/v2\/product_brand?post=3216"},{"taxonomy":"product_cat","embeddable":true,"href":"https:\/\/villageviking.com\/en\/wp-json\/wp\/v2\/product_cat?post=3216"},{"taxonomy":"product_tag","embeddable":true,"href":"https:\/\/villageviking.com\/en\/wp-json\/wp\/v2\/product_tag?post=3216"}],"curies":[{"name":"wp","href":"https:\/\/api.w.org\/{rel}","templated":true}]}}