{"id":3246,"date":"2026-04-05T19:31:45","date_gmt":"2026-04-05T19:31:45","guid":{"rendered":"https:\/\/villageviking.com\/?post_type=product&#038;p=3246"},"modified":"2026-04-05T19:34:52","modified_gmt":"2026-04-05T19:34:52","slug":"chope-de-biere-viking","status":"publish","type":"product","link":"https:\/\/villageviking.com\/en\/product\/chope-de-biere-viking\/","title":{"rendered":"Chope de bi\u00e8re viking"},"content":{"rendered":"<p><img loading=\"lazy\" decoding=\"async\" class=\"alignnone size-medium wp-image-3258\" src=\"http:\/\/villageviking.com\/wp-content\/uploads\/2026\/03\/tasse-bi-re-viking-pirate-rune-en-acier-inoxydable-304-imitation-r-sine-tankard.jpeg-300x300.webp\" alt=\"\" width=\"300\" height=\"300\" srcset=\"https:\/\/villageviking.com\/wp-content\/uploads\/2026\/03\/tasse-bi-re-viking-pirate-rune-en-acier-inoxydable-304-imitation-r-sine-tankard.jpeg-300x300.webp 300w, https:\/\/villageviking.com\/wp-content\/uploads\/2026\/03\/tasse-bi-re-viking-pirate-rune-en-acier-inoxydable-304-imitation-r-sine-tankard.jpeg-100x100.webp 100w, https:\/\/villageviking.com\/wp-content\/uploads\/2026\/03\/tasse-bi-re-viking-pirate-rune-en-acier-inoxydable-304-imitation-r-sine-tankard.jpeg-600x600.webp 600w, https:\/\/villageviking.com\/wp-content\/uploads\/2026\/03\/tasse-bi-re-viking-pirate-rune-en-acier-inoxydable-304-imitation-r-sine-tankard.jpeg-150x150.webp 150w, https:\/\/villageviking.com\/wp-content\/uploads\/2026\/03\/tasse-bi-re-viking-pirate-rune-en-acier-inoxydable-304-imitation-r-sine-tankard.jpeg-768x768.webp 768w, https:\/\/villageviking.com\/wp-content\/uploads\/2026\/03\/tasse-bi-re-viking-pirate-rune-en-acier-inoxydable-304-imitation-r-sine-tankard.jpeg.webp 800w\" sizes=\"auto, (max-width: 300px) 100vw, 300px\" \/><\/p>\n","protected":false},"excerpt":{"rendered":"<p>Chope de bi\u00e8re viking au design inspir\u00e9 des drakkars, avec poign\u00e9e sculpt\u00e9e et motifs guerriers nordiques. Parfaite pour une ambiance immersive autour du feu ou \u00e0 la taverne.<\/p>\n","protected":false},"featured_media":3258,"comment_status":"open","ping_status":"closed","template":"","meta":{"_coblocks_attr":"","_coblocks_dimensions":"","_coblocks_responsive_height":"","_coblocks_accordion_ie_support":""},"product_brand":[],"product_cat":[49],"product_tag":[],"class_list":{"0":"post-3246","1":"product","2":"type-product","3":"status-publish","4":"has-post-thumbnail","6":"product_cat-jouet-et-item-non-histo","8":"first","9":"instock","10":"taxable","11":"shipping-taxable","12":"purchasable","13":"product-type-simple"},"booking_location":null,"booking_location_type":null,"booking_duration":null,"booking_duration_unit":null,"booking_buffer":null,"booking_cost":null,"booking_resources":null,"exclude_global_add_ons":[],"addons":[],"yoast_head":"<!-- This site is optimized with the Yoast SEO plugin v27.5 - https:\/\/yoast.com\/product\/yoast-seo-wordpress\/ -->\n<title>Chope de bi\u00e8re viking<\/title>\n<meta name=\"description\" content=\"Chope de bi\u00e8re viking style drakkar avec motifs nordiques d\u00e9taill\u00e9s. Id\u00e9ale pour immersion, d\u00e9coration ou d\u00e9gustation dans un univers authentique.\" \/>\n<meta name=\"robots\" content=\"index, follow, max-snippet:-1, max-image-preview:large, max-video-preview:-1\" \/>\n<link rel=\"canonical\" href=\"https:\/\/villageviking.com\/en\/product\/chope-de-biere-viking\/\" \/>\n<meta property=\"og:locale\" content=\"en_US\" \/>\n<meta property=\"og:locale:alternate\" content=\"fr_FR\" \/>\n<meta property=\"og:type\" content=\"article\" \/>\n<meta property=\"og:title\" content=\"Chope de bi\u00e8re viking\" \/>\n<meta property=\"og:description\" content=\"Chope de bi\u00e8re viking style drakkar avec motifs nordiques d\u00e9taill\u00e9s. Id\u00e9ale pour immersion, d\u00e9coration ou d\u00e9gustation dans un univers authentique.\" \/>\n<meta property=\"og:url\" content=\"https:\/\/villageviking.com\/en\/product\/chope-de-biere-viking\/\" \/>\n<meta property=\"og:site_name\" content=\"Village Viking H\u00f3p\" \/>\n<meta property=\"article:publisher\" content=\"https:\/\/www.facebook.com\/profile.php?id=100083109181728\" \/>\n<meta property=\"article:modified_time\" content=\"2026-04-05T19:34:52+00:00\" \/>\n<meta property=\"og:image\" content=\"http:\/\/villageviking.com\/wp-content\/uploads\/2026\/03\/tasse-bi-re-viking-pirate-rune-en-acier-inoxydable-304-imitation-r-sine-tankard.jpeg-300x300.webp\" \/>\n<meta name=\"twitter:card\" content=\"summary_large_image\" \/>\n<meta name=\"twitter:label1\" content=\"Est. reading time\" \/>\n\t<meta name=\"twitter:data1\" content=\"1 minute\" \/>\n<script type=\"application\/ld+json\" class=\"yoast-schema-graph\">{\"@context\":\"https:\\\/\\\/schema.org\",\"@graph\":[{\"@type\":\"WebPage\",\"@id\":\"https:\\\/\\\/villageviking.com\\\/product\\\/chope-de-biere-viking\\\/\",\"url\":\"https:\\\/\\\/villageviking.com\\\/product\\\/chope-de-biere-viking\\\/\",\"name\":\"Chope de bi\u00e8re viking\",\"isPartOf\":{\"@id\":\"https:\\\/\\\/villageviking.com\\\/#website\"},\"primaryImageOfPage\":{\"@id\":\"https:\\\/\\\/villageviking.com\\\/product\\\/chope-de-biere-viking\\\/#primaryimage\"},\"image\":{\"@id\":\"https:\\\/\\\/villageviking.com\\\/product\\\/chope-de-biere-viking\\\/#primaryimage\"},\"thumbnailUrl\":\"https:\\\/\\\/villageviking.com\\\/wp-content\\\/uploads\\\/2026\\\/03\\\/tasse-bi-re-viking-pirate-rune-en-acier-inoxydable-304-imitation-r-sine-tankard.jpeg.webp\",\"datePublished\":\"2026-04-05T19:31:45+00:00\",\"dateModified\":\"2026-04-05T19:34:52+00:00\",\"description\":\"Chope de bi\u00e8re viking style drakkar avec motifs nordiques d\u00e9taill\u00e9s. Id\u00e9ale pour immersion, d\u00e9coration ou d\u00e9gustation dans un univers authentique.\",\"breadcrumb\":{\"@id\":\"https:\\\/\\\/villageviking.com\\\/product\\\/chope-de-biere-viking\\\/#breadcrumb\"},\"inLanguage\":\"en-US\",\"potentialAction\":[{\"@type\":\"ReadAction\",\"target\":[\"https:\\\/\\\/villageviking.com\\\/product\\\/chope-de-biere-viking\\\/\"]}]},{\"@type\":\"ImageObject\",\"inLanguage\":\"en-US\",\"@id\":\"https:\\\/\\\/villageviking.com\\\/product\\\/chope-de-biere-viking\\\/#primaryimage\",\"url\":\"https:\\\/\\\/villageviking.com\\\/wp-content\\\/uploads\\\/2026\\\/03\\\/tasse-bi-re-viking-pirate-rune-en-acier-inoxydable-304-imitation-r-sine-tankard.jpeg.webp\",\"contentUrl\":\"https:\\\/\\\/villageviking.com\\\/wp-content\\\/uploads\\\/2026\\\/03\\\/tasse-bi-re-viking-pirate-rune-en-acier-inoxydable-304-imitation-r-sine-tankard.jpeg.webp\",\"width\":800,\"height\":800},{\"@type\":\"BreadcrumbList\",\"@id\":\"https:\\\/\\\/villageviking.com\\\/product\\\/chope-de-biere-viking\\\/#breadcrumb\",\"itemListElement\":[{\"@type\":\"ListItem\",\"position\":1,\"name\":\"Accueil\",\"item\":\"https:\\\/\\\/villageviking.com\\\/\"},{\"@type\":\"ListItem\",\"position\":2,\"name\":\"Boutique\",\"item\":\"https:\\\/\\\/villageviking.com\\\/boutique\\\/\"},{\"@type\":\"ListItem\",\"position\":3,\"name\":\"Chope de bi\u00e8re viking\"}]},{\"@type\":\"WebSite\",\"@id\":\"https:\\\/\\\/villageviking.com\\\/#website\",\"url\":\"https:\\\/\\\/villageviking.com\\\/\",\"name\":\"Village Viking H\u00f3p\",\"description\":\"\",\"publisher\":{\"@id\":\"https:\\\/\\\/villageviking.com\\\/#organization\"},\"potentialAction\":[{\"@type\":\"SearchAction\",\"target\":{\"@type\":\"EntryPoint\",\"urlTemplate\":\"https:\\\/\\\/villageviking.com\\\/?s={search_term_string}\"},\"query-input\":{\"@type\":\"PropertyValueSpecification\",\"valueRequired\":true,\"valueName\":\"search_term_string\"}}],\"inLanguage\":\"en-US\"},{\"@type\":\"Organization\",\"@id\":\"https:\\\/\\\/villageviking.com\\\/#organization\",\"name\":\"Village Viking H\u00f3p\",\"alternateName\":\"Village Viking\",\"url\":\"https:\\\/\\\/villageviking.com\\\/\",\"logo\":{\"@type\":\"ImageObject\",\"inLanguage\":\"en-US\",\"@id\":\"https:\\\/\\\/villageviking.com\\\/#\\\/schema\\\/logo\\\/image\\\/\",\"url\":\"https:\\\/\\\/villageviking.com\\\/wp-content\\\/uploads\\\/2023\\\/01\\\/cropped-Logotype_HOP_noir_.png\",\"contentUrl\":\"https:\\\/\\\/villageviking.com\\\/wp-content\\\/uploads\\\/2023\\\/01\\\/cropped-Logotype_HOP_noir_.png\",\"width\":2103,\"height\":1062,\"caption\":\"Village Viking H\u00f3p\"},\"image\":{\"@id\":\"https:\\\/\\\/villageviking.com\\\/#\\\/schema\\\/logo\\\/image\\\/\"},\"sameAs\":[\"https:\\\/\\\/www.facebook.com\\\/profile.php?id=100083109181728\",\"https:\\\/\\\/www.instagram.com\\\/hop_viking_village\\\/\",\"https:\\\/\\\/www.tiktok.com\\\/@villagevikinghop\"]}]}<\/script>\n<!-- \/ Yoast SEO plugin. -->","yoast_head_json":{"title":"Chope de bi\u00e8re viking","description":"Chope de bi\u00e8re viking style drakkar avec motifs nordiques d\u00e9taill\u00e9s. Id\u00e9ale pour immersion, d\u00e9coration ou d\u00e9gustation dans un univers authentique.","robots":{"index":"index","follow":"follow","max-snippet":"max-snippet:-1","max-image-preview":"max-image-preview:large","max-video-preview":"max-video-preview:-1"},"canonical":"https:\/\/villageviking.com\/en\/product\/chope-de-biere-viking\/","og_locale":"en_US","og_type":"article","og_title":"[:fr]Chope de bi\u00e8re viking[:] - Village Viking H\u00f3p","og_description":"[:fr]Chope de bi\u00e8re viking style drakkar avec motifs nordiques d\u00e9taill\u00e9s. Id\u00e9ale pour immersion, d\u00e9coration ou d\u00e9gustation dans un univers authentique.[:]","og_url":"https:\/\/villageviking.com\/en\/product\/chope-de-biere-viking\/","og_site_name":"Village Viking H\u00f3p","article_publisher":"https:\/\/www.facebook.com\/profile.php?id=100083109181728","article_modified_time":"2026-04-05T19:34:52+00:00","og_image":[{"url":"http:\/\/villageviking.com\/wp-content\/uploads\/2026\/03\/tasse-bi-re-viking-pirate-rune-en-acier-inoxydable-304-imitation-r-sine-tankard.jpeg-300x300.webp","type":"","width":"","height":""}],"twitter_card":"summary_large_image","twitter_misc":{"Est. reading time":"1 minute"},"schema":{"@context":"https:\/\/schema.org","@graph":[{"@type":"WebPage","@id":"https:\/\/villageviking.com\/product\/chope-de-biere-viking\/","url":"https:\/\/villageviking.com\/product\/chope-de-biere-viking\/","name":"Chope de bi\u00e8re viking","isPartOf":{"@id":"https:\/\/villageviking.com\/#website"},"primaryImageOfPage":{"@id":"https:\/\/villageviking.com\/product\/chope-de-biere-viking\/#primaryimage"},"image":{"@id":"https:\/\/villageviking.com\/product\/chope-de-biere-viking\/#primaryimage"},"thumbnailUrl":"https:\/\/villageviking.com\/wp-content\/uploads\/2026\/03\/tasse-bi-re-viking-pirate-rune-en-acier-inoxydable-304-imitation-r-sine-tankard.jpeg.webp","datePublished":"2026-04-05T19:31:45+00:00","dateModified":"2026-04-05T19:34:52+00:00","description":"Chope de bi\u00e8re viking style drakkar avec motifs nordiques d\u00e9taill\u00e9s. Id\u00e9ale pour immersion, d\u00e9coration ou d\u00e9gustation dans un univers authentique.","breadcrumb":{"@id":"https:\/\/villageviking.com\/product\/chope-de-biere-viking\/#breadcrumb"},"inLanguage":"en-US","potentialAction":[{"@type":"ReadAction","target":["https:\/\/villageviking.com\/product\/chope-de-biere-viking\/"]}]},{"@type":"ImageObject","inLanguage":"en-US","@id":"https:\/\/villageviking.com\/product\/chope-de-biere-viking\/#primaryimage","url":"https:\/\/villageviking.com\/wp-content\/uploads\/2026\/03\/tasse-bi-re-viking-pirate-rune-en-acier-inoxydable-304-imitation-r-sine-tankard.jpeg.webp","contentUrl":"https:\/\/villageviking.com\/wp-content\/uploads\/2026\/03\/tasse-bi-re-viking-pirate-rune-en-acier-inoxydable-304-imitation-r-sine-tankard.jpeg.webp","width":800,"height":800},{"@type":"BreadcrumbList","@id":"https:\/\/villageviking.com\/product\/chope-de-biere-viking\/#breadcrumb","itemListElement":[{"@type":"ListItem","position":1,"name":"Accueil","item":"https:\/\/villageviking.com\/"},{"@type":"ListItem","position":2,"name":"Boutique","item":"https:\/\/villageviking.com\/boutique\/"},{"@type":"ListItem","position":3,"name":"Chope de bi\u00e8re viking"}]},{"@type":"WebSite","@id":"https:\/\/villageviking.com\/#website","url":"https:\/\/villageviking.com\/","name":"Village Viking H\u00f3p","description":"","publisher":{"@id":"https:\/\/villageviking.com\/#organization"},"potentialAction":[{"@type":"SearchAction","target":{"@type":"EntryPoint","urlTemplate":"https:\/\/villageviking.com\/?s={search_term_string}"},"query-input":{"@type":"PropertyValueSpecification","valueRequired":true,"valueName":"search_term_string"}}],"inLanguage":"en-US"},{"@type":"Organization","@id":"https:\/\/villageviking.com\/#organization","name":"Village Viking H\u00f3p","alternateName":"Village Viking","url":"https:\/\/villageviking.com\/","logo":{"@type":"ImageObject","inLanguage":"en-US","@id":"https:\/\/villageviking.com\/#\/schema\/logo\/image\/","url":"https:\/\/villageviking.com\/wp-content\/uploads\/2023\/01\/cropped-Logotype_HOP_noir_.png","contentUrl":"https:\/\/villageviking.com\/wp-content\/uploads\/2023\/01\/cropped-Logotype_HOP_noir_.png","width":2103,"height":1062,"caption":"Village Viking H\u00f3p"},"image":{"@id":"https:\/\/villageviking.com\/#\/schema\/logo\/image\/"},"sameAs":["https:\/\/www.facebook.com\/profile.php?id=100083109181728","https:\/\/www.instagram.com\/hop_viking_village\/","https:\/\/www.tiktok.com\/@villagevikinghop"]}]}},"jetpack_sharing_enabled":true,"_links":{"self":[{"href":"https:\/\/villageviking.com\/en\/wp-json\/wp\/v2\/product\/3246","targetHints":{"allow":["GET"]}}],"collection":[{"href":"https:\/\/villageviking.com\/en\/wp-json\/wp\/v2\/product"}],"about":[{"href":"https:\/\/villageviking.com\/en\/wp-json\/wp\/v2\/types\/product"}],"replies":[{"embeddable":true,"href":"https:\/\/villageviking.com\/en\/wp-json\/wp\/v2\/comments?post=3246"}],"wp:featuredmedia":[{"embeddable":true,"href":"https:\/\/villageviking.com\/en\/wp-json\/wp\/v2\/media\/3258"}],"wp:attachment":[{"href":"https:\/\/villageviking.com\/en\/wp-json\/wp\/v2\/media?parent=3246"}],"wp:term":[{"taxonomy":"product_brand","embeddable":true,"href":"https:\/\/villageviking.com\/en\/wp-json\/wp\/v2\/product_brand?post=3246"},{"taxonomy":"product_cat","embeddable":true,"href":"https:\/\/villageviking.com\/en\/wp-json\/wp\/v2\/product_cat?post=3246"},{"taxonomy":"product_tag","embeddable":true,"href":"https:\/\/villageviking.com\/en\/wp-json\/wp\/v2\/product_tag?post=3246"}],"curies":[{"name":"wp","href":"https:\/\/api.w.org\/{rel}","templated":true}]}}