{"id":3247,"date":"2026-04-06T00:17:18","date_gmt":"2026-04-06T00:17:18","guid":{"rendered":"https:\/\/villageviking.com\/?post_type=product&#038;p=3247"},"modified":"2026-04-10T21:01:55","modified_gmt":"2026-04-10T21:01:55","slug":"pochette-tarsoly-sac-medieval-en-cuir-inspire-des-traditions-nomades","status":"publish","type":"product","link":"https:\/\/villageviking.com\/en\/product\/pochette-tarsoly-sac-medieval-en-cuir-inspire-des-traditions-nomades\/","title":{"rendered":"Pochette Tarsoly \u2013 Sac m\u00e9di\u00e9val en cuir inspir\u00e9 des traditions nomades"},"content":{"rendered":"<p><img loading=\"lazy\" decoding=\"async\" class=\"alignnone size-medium wp-image-3817\" src=\"http:\/\/villageviking.com\/wp-content\/uploads\/2026\/04\/Gemini_Generated_Image_5l9j4b5l9j4b5l9j-300x300.png\" alt=\"\" width=\"300\" height=\"300\" srcset=\"https:\/\/villageviking.com\/wp-content\/uploads\/2026\/04\/Gemini_Generated_Image_5l9j4b5l9j4b5l9j-300x300.png 300w, https:\/\/villageviking.com\/wp-content\/uploads\/2026\/04\/Gemini_Generated_Image_5l9j4b5l9j4b5l9j-100x100.png 100w, https:\/\/villageviking.com\/wp-content\/uploads\/2026\/04\/Gemini_Generated_Image_5l9j4b5l9j4b5l9j-600x600.png 600w, https:\/\/villageviking.com\/wp-content\/uploads\/2026\/04\/Gemini_Generated_Image_5l9j4b5l9j4b5l9j-150x150.png 150w, https:\/\/villageviking.com\/wp-content\/uploads\/2026\/04\/Gemini_Generated_Image_5l9j4b5l9j4b5l9j-768x768.png 768w, https:\/\/villageviking.com\/wp-content\/uploads\/2026\/04\/Gemini_Generated_Image_5l9j4b5l9j4b5l9j.png 1024w\" sizes=\"auto, (max-width: 300px) 100vw, 300px\" \/><\/p>\n","protected":false},"excerpt":{"rendered":"<p data-start=\"352\" data-end=\"585\">Cette pochette Tarsoly s\u2019inspire des sacs utilis\u00e9s par les peuples nomades d\u2019Europe centrale au Moyen \u00c2ge. \u00c0 la fois fonctionnelle et d\u00e9corative, elle servait \u00e0 transporter des objets essentiels tout en affichant un style distinctif.<\/p>\n<p data-start=\"587\" data-end=\"826\">Con\u00e7ue en cuir, elle offre une excellente r\u00e9sistance et une durabilit\u00e9 adapt\u00e9e \u00e0 un usage r\u00e9gulier. Son design traditionnel, souvent associ\u00e9 \u00e0 des formes structur\u00e9es et des d\u00e9tails soign\u00e9s, refl\u00e8te l\u2019esth\u00e9tique des accessoires historiques.<\/p>\n<p data-start=\"828\" data-end=\"1013\">Facile \u00e0 porter \u00e0 la ceinture, cette pochette est id\u00e9ale pour garder vos effets personnels \u00e0 port\u00e9e de main, que ce soit au quotidien, lors d\u2019\u00e9v\u00e9nements m\u00e9di\u00e9vaux ou de reconstitutions.<\/p>\n<p data-start=\"1015\" data-end=\"1204\">Parfaite pour les passionn\u00e9s d\u2019histoire, les amateurs d\u2019accessoires authentiques ou ceux qui recherchent un sac original, cette pochette Tarsoly est un \u00e9quilibre entre utilit\u00e9 et tradition.<\/p>\n","protected":false},"featured_media":3817,"comment_status":"open","ping_status":"closed","template":"","meta":{"_coblocks_attr":"","_coblocks_dimensions":"","_coblocks_responsive_height":"","_coblocks_accordion_ie_support":""},"product_brand":[],"product_cat":[47],"product_tag":[],"class_list":{"0":"post-3247","1":"product","2":"type-product","3":"status-publish","4":"has-post-thumbnail","6":"product_cat-accessoire-viking","8":"first","9":"instock","10":"taxable","11":"shipping-taxable","12":"purchasable","13":"product-type-simple"},"booking_location":null,"booking_location_type":null,"booking_duration":null,"booking_duration_unit":null,"booking_buffer":null,"booking_cost":null,"booking_resources":null,"exclude_global_add_ons":[],"addons":[],"yoast_head":"<!-- This site is optimized with the Yoast SEO plugin v27.5 - https:\/\/yoast.com\/product\/yoast-seo-wordpress\/ -->\n<title>Pochette Tarsoly \u2013 Sac m\u00e9di\u00e9val en cuir inspir\u00e9 des traditions nomades<\/title>\n<meta name=\"description\" content=\"Pochette Tarsoly en cuir inspir\u00e9e des traditions m\u00e9di\u00e9vales. Sac pratique et authentique id\u00e9al pour reconstitution et style historique.\" \/>\n<meta name=\"robots\" content=\"index, follow, max-snippet:-1, max-image-preview:large, max-video-preview:-1\" \/>\n<link rel=\"canonical\" href=\"https:\/\/villageviking.com\/en\/product\/pochette-tarsoly-sac-medieval-en-cuir-inspire-des-traditions-nomades\/\" \/>\n<meta property=\"og:locale\" content=\"en_US\" \/>\n<meta property=\"og:locale:alternate\" content=\"fr_FR\" \/>\n<meta property=\"og:type\" content=\"article\" \/>\n<meta property=\"og:title\" content=\"Pochette Tarsoly \u2013 Sac m\u00e9di\u00e9val en cuir inspir\u00e9 des traditions nomades\" \/>\n<meta property=\"og:description\" content=\"Pochette Tarsoly en cuir inspir\u00e9e des traditions m\u00e9di\u00e9vales. Sac pratique et authentique id\u00e9al pour reconstitution et style historique.\" \/>\n<meta property=\"og:url\" content=\"https:\/\/villageviking.com\/en\/product\/pochette-tarsoly-sac-medieval-en-cuir-inspire-des-traditions-nomades\/\" \/>\n<meta property=\"og:site_name\" content=\"Village Viking H\u00f3p\" \/>\n<meta property=\"article:publisher\" content=\"https:\/\/www.facebook.com\/profile.php?id=100083109181728\" \/>\n<meta property=\"article:modified_time\" content=\"2026-04-10T21:01:55+00:00\" \/>\n<meta property=\"og:image\" content=\"http:\/\/villageviking.com\/wp-content\/uploads\/2026\/04\/Gemini_Generated_Image_5l9j4b5l9j4b5l9j-300x300.png\" \/>\n<meta name=\"twitter:card\" content=\"summary_large_image\" \/>\n<meta name=\"twitter:label1\" content=\"Est. reading time\" \/>\n\t<meta name=\"twitter:data1\" content=\"1 minute\" \/>\n<script type=\"application\/ld+json\" class=\"yoast-schema-graph\">{\"@context\":\"https:\\\/\\\/schema.org\",\"@graph\":[{\"@type\":\"WebPage\",\"@id\":\"https:\\\/\\\/villageviking.com\\\/product\\\/pochette-tarsoly-sac-medieval-en-cuir-inspire-des-traditions-nomades\\\/\",\"url\":\"https:\\\/\\\/villageviking.com\\\/product\\\/pochette-tarsoly-sac-medieval-en-cuir-inspire-des-traditions-nomades\\\/\",\"name\":\"Pochette Tarsoly \u2013 Sac m\u00e9di\u00e9val en cuir inspir\u00e9 des traditions nomades\",\"isPartOf\":{\"@id\":\"https:\\\/\\\/villageviking.com\\\/#website\"},\"primaryImageOfPage\":{\"@id\":\"https:\\\/\\\/villageviking.com\\\/product\\\/pochette-tarsoly-sac-medieval-en-cuir-inspire-des-traditions-nomades\\\/#primaryimage\"},\"image\":{\"@id\":\"https:\\\/\\\/villageviking.com\\\/product\\\/pochette-tarsoly-sac-medieval-en-cuir-inspire-des-traditions-nomades\\\/#primaryimage\"},\"thumbnailUrl\":\"https:\\\/\\\/villageviking.com\\\/wp-content\\\/uploads\\\/2026\\\/04\\\/Gemini_Generated_Image_5l9j4b5l9j4b5l9j.png\",\"datePublished\":\"2026-04-06T00:17:18+00:00\",\"dateModified\":\"2026-04-10T21:01:55+00:00\",\"description\":\"Pochette Tarsoly en cuir inspir\u00e9e des traditions m\u00e9di\u00e9vales. Sac pratique et authentique id\u00e9al pour reconstitution et style historique.\",\"breadcrumb\":{\"@id\":\"https:\\\/\\\/villageviking.com\\\/product\\\/pochette-tarsoly-sac-medieval-en-cuir-inspire-des-traditions-nomades\\\/#breadcrumb\"},\"inLanguage\":\"en-US\",\"potentialAction\":[{\"@type\":\"ReadAction\",\"target\":[\"https:\\\/\\\/villageviking.com\\\/product\\\/pochette-tarsoly-sac-medieval-en-cuir-inspire-des-traditions-nomades\\\/\"]}]},{\"@type\":\"ImageObject\",\"inLanguage\":\"en-US\",\"@id\":\"https:\\\/\\\/villageviking.com\\\/product\\\/pochette-tarsoly-sac-medieval-en-cuir-inspire-des-traditions-nomades\\\/#primaryimage\",\"url\":\"https:\\\/\\\/villageviking.com\\\/wp-content\\\/uploads\\\/2026\\\/04\\\/Gemini_Generated_Image_5l9j4b5l9j4b5l9j.png\",\"contentUrl\":\"https:\\\/\\\/villageviking.com\\\/wp-content\\\/uploads\\\/2026\\\/04\\\/Gemini_Generated_Image_5l9j4b5l9j4b5l9j.png\",\"width\":1024,\"height\":1024},{\"@type\":\"BreadcrumbList\",\"@id\":\"https:\\\/\\\/villageviking.com\\\/product\\\/pochette-tarsoly-sac-medieval-en-cuir-inspire-des-traditions-nomades\\\/#breadcrumb\",\"itemListElement\":[{\"@type\":\"ListItem\",\"position\":1,\"name\":\"Accueil\",\"item\":\"https:\\\/\\\/villageviking.com\\\/\"},{\"@type\":\"ListItem\",\"position\":2,\"name\":\"Boutique\",\"item\":\"https:\\\/\\\/villageviking.com\\\/boutique\\\/\"},{\"@type\":\"ListItem\",\"position\":3,\"name\":\"Pochette Tarsoly \u2013 Sac m\u00e9di\u00e9val en cuir inspir\u00e9 des traditions nomades\"}]},{\"@type\":\"WebSite\",\"@id\":\"https:\\\/\\\/villageviking.com\\\/#website\",\"url\":\"https:\\\/\\\/villageviking.com\\\/\",\"name\":\"Village Viking H\u00f3p\",\"description\":\"\",\"publisher\":{\"@id\":\"https:\\\/\\\/villageviking.com\\\/#organization\"},\"potentialAction\":[{\"@type\":\"SearchAction\",\"target\":{\"@type\":\"EntryPoint\",\"urlTemplate\":\"https:\\\/\\\/villageviking.com\\\/?s={search_term_string}\"},\"query-input\":{\"@type\":\"PropertyValueSpecification\",\"valueRequired\":true,\"valueName\":\"search_term_string\"}}],\"inLanguage\":\"en-US\"},{\"@type\":\"Organization\",\"@id\":\"https:\\\/\\\/villageviking.com\\\/#organization\",\"name\":\"Village Viking H\u00f3p\",\"alternateName\":\"Village Viking\",\"url\":\"https:\\\/\\\/villageviking.com\\\/\",\"logo\":{\"@type\":\"ImageObject\",\"inLanguage\":\"en-US\",\"@id\":\"https:\\\/\\\/villageviking.com\\\/#\\\/schema\\\/logo\\\/image\\\/\",\"url\":\"https:\\\/\\\/villageviking.com\\\/wp-content\\\/uploads\\\/2023\\\/01\\\/cropped-Logotype_HOP_noir_.png\",\"contentUrl\":\"https:\\\/\\\/villageviking.com\\\/wp-content\\\/uploads\\\/2023\\\/01\\\/cropped-Logotype_HOP_noir_.png\",\"width\":2103,\"height\":1062,\"caption\":\"Village Viking H\u00f3p\"},\"image\":{\"@id\":\"https:\\\/\\\/villageviking.com\\\/#\\\/schema\\\/logo\\\/image\\\/\"},\"sameAs\":[\"https:\\\/\\\/www.facebook.com\\\/profile.php?id=100083109181728\",\"https:\\\/\\\/www.instagram.com\\\/hop_viking_village\\\/\",\"https:\\\/\\\/www.tiktok.com\\\/@villagevikinghop\"]}]}<\/script>\n<!-- \/ Yoast SEO plugin. -->","yoast_head_json":{"title":"Pochette Tarsoly \u2013 Sac m\u00e9di\u00e9val en cuir inspir\u00e9 des traditions nomades","description":"Pochette Tarsoly en cuir inspir\u00e9e des traditions m\u00e9di\u00e9vales. Sac pratique et authentique id\u00e9al pour reconstitution et style historique.","robots":{"index":"index","follow":"follow","max-snippet":"max-snippet:-1","max-image-preview":"max-image-preview:large","max-video-preview":"max-video-preview:-1"},"canonical":"https:\/\/villageviking.com\/en\/product\/pochette-tarsoly-sac-medieval-en-cuir-inspire-des-traditions-nomades\/","og_locale":"en_US","og_type":"article","og_title":"[:fr]Pochette Tarsoly \u2013 Sac m\u00e9di\u00e9val en cuir inspir\u00e9 des traditions nomades[:] - Village Viking H\u00f3p","og_description":"[:fr]Pochette Tarsoly en cuir inspir\u00e9e des traditions m\u00e9di\u00e9vales. Sac pratique et authentique id\u00e9al pour reconstitution et style historique.[:]","og_url":"https:\/\/villageviking.com\/en\/product\/pochette-tarsoly-sac-medieval-en-cuir-inspire-des-traditions-nomades\/","og_site_name":"Village Viking H\u00f3p","article_publisher":"https:\/\/www.facebook.com\/profile.php?id=100083109181728","article_modified_time":"2026-04-10T21:01:55+00:00","og_image":[{"url":"http:\/\/villageviking.com\/wp-content\/uploads\/2026\/04\/Gemini_Generated_Image_5l9j4b5l9j4b5l9j-300x300.png","type":"","width":"","height":""}],"twitter_card":"summary_large_image","twitter_misc":{"Est. reading time":"1 minute"},"schema":{"@context":"https:\/\/schema.org","@graph":[{"@type":"WebPage","@id":"https:\/\/villageviking.com\/product\/pochette-tarsoly-sac-medieval-en-cuir-inspire-des-traditions-nomades\/","url":"https:\/\/villageviking.com\/product\/pochette-tarsoly-sac-medieval-en-cuir-inspire-des-traditions-nomades\/","name":"Pochette Tarsoly \u2013 Sac m\u00e9di\u00e9val en cuir inspir\u00e9 des traditions nomades","isPartOf":{"@id":"https:\/\/villageviking.com\/#website"},"primaryImageOfPage":{"@id":"https:\/\/villageviking.com\/product\/pochette-tarsoly-sac-medieval-en-cuir-inspire-des-traditions-nomades\/#primaryimage"},"image":{"@id":"https:\/\/villageviking.com\/product\/pochette-tarsoly-sac-medieval-en-cuir-inspire-des-traditions-nomades\/#primaryimage"},"thumbnailUrl":"https:\/\/villageviking.com\/wp-content\/uploads\/2026\/04\/Gemini_Generated_Image_5l9j4b5l9j4b5l9j.png","datePublished":"2026-04-06T00:17:18+00:00","dateModified":"2026-04-10T21:01:55+00:00","description":"Pochette Tarsoly en cuir inspir\u00e9e des traditions m\u00e9di\u00e9vales. Sac pratique et authentique id\u00e9al pour reconstitution et style historique.","breadcrumb":{"@id":"https:\/\/villageviking.com\/product\/pochette-tarsoly-sac-medieval-en-cuir-inspire-des-traditions-nomades\/#breadcrumb"},"inLanguage":"en-US","potentialAction":[{"@type":"ReadAction","target":["https:\/\/villageviking.com\/product\/pochette-tarsoly-sac-medieval-en-cuir-inspire-des-traditions-nomades\/"]}]},{"@type":"ImageObject","inLanguage":"en-US","@id":"https:\/\/villageviking.com\/product\/pochette-tarsoly-sac-medieval-en-cuir-inspire-des-traditions-nomades\/#primaryimage","url":"https:\/\/villageviking.com\/wp-content\/uploads\/2026\/04\/Gemini_Generated_Image_5l9j4b5l9j4b5l9j.png","contentUrl":"https:\/\/villageviking.com\/wp-content\/uploads\/2026\/04\/Gemini_Generated_Image_5l9j4b5l9j4b5l9j.png","width":1024,"height":1024},{"@type":"BreadcrumbList","@id":"https:\/\/villageviking.com\/product\/pochette-tarsoly-sac-medieval-en-cuir-inspire-des-traditions-nomades\/#breadcrumb","itemListElement":[{"@type":"ListItem","position":1,"name":"Accueil","item":"https:\/\/villageviking.com\/"},{"@type":"ListItem","position":2,"name":"Boutique","item":"https:\/\/villageviking.com\/boutique\/"},{"@type":"ListItem","position":3,"name":"Pochette Tarsoly \u2013 Sac m\u00e9di\u00e9val en cuir inspir\u00e9 des traditions nomades"}]},{"@type":"WebSite","@id":"https:\/\/villageviking.com\/#website","url":"https:\/\/villageviking.com\/","name":"Village Viking H\u00f3p","description":"","publisher":{"@id":"https:\/\/villageviking.com\/#organization"},"potentialAction":[{"@type":"SearchAction","target":{"@type":"EntryPoint","urlTemplate":"https:\/\/villageviking.com\/?s={search_term_string}"},"query-input":{"@type":"PropertyValueSpecification","valueRequired":true,"valueName":"search_term_string"}}],"inLanguage":"en-US"},{"@type":"Organization","@id":"https:\/\/villageviking.com\/#organization","name":"Village Viking H\u00f3p","alternateName":"Village Viking","url":"https:\/\/villageviking.com\/","logo":{"@type":"ImageObject","inLanguage":"en-US","@id":"https:\/\/villageviking.com\/#\/schema\/logo\/image\/","url":"https:\/\/villageviking.com\/wp-content\/uploads\/2023\/01\/cropped-Logotype_HOP_noir_.png","contentUrl":"https:\/\/villageviking.com\/wp-content\/uploads\/2023\/01\/cropped-Logotype_HOP_noir_.png","width":2103,"height":1062,"caption":"Village Viking H\u00f3p"},"image":{"@id":"https:\/\/villageviking.com\/#\/schema\/logo\/image\/"},"sameAs":["https:\/\/www.facebook.com\/profile.php?id=100083109181728","https:\/\/www.instagram.com\/hop_viking_village\/","https:\/\/www.tiktok.com\/@villagevikinghop"]}]}},"jetpack_sharing_enabled":true,"_links":{"self":[{"href":"https:\/\/villageviking.com\/en\/wp-json\/wp\/v2\/product\/3247","targetHints":{"allow":["GET"]}}],"collection":[{"href":"https:\/\/villageviking.com\/en\/wp-json\/wp\/v2\/product"}],"about":[{"href":"https:\/\/villageviking.com\/en\/wp-json\/wp\/v2\/types\/product"}],"replies":[{"embeddable":true,"href":"https:\/\/villageviking.com\/en\/wp-json\/wp\/v2\/comments?post=3247"}],"wp:featuredmedia":[{"embeddable":true,"href":"https:\/\/villageviking.com\/en\/wp-json\/wp\/v2\/media\/3817"}],"wp:attachment":[{"href":"https:\/\/villageviking.com\/en\/wp-json\/wp\/v2\/media?parent=3247"}],"wp:term":[{"taxonomy":"product_brand","embeddable":true,"href":"https:\/\/villageviking.com\/en\/wp-json\/wp\/v2\/product_brand?post=3247"},{"taxonomy":"product_cat","embeddable":true,"href":"https:\/\/villageviking.com\/en\/wp-json\/wp\/v2\/product_cat?post=3247"},{"taxonomy":"product_tag","embeddable":true,"href":"https:\/\/villageviking.com\/en\/wp-json\/wp\/v2\/product_tag?post=3247"}],"curies":[{"name":"wp","href":"https:\/\/api.w.org\/{rel}","templated":true}]}}