{"id":3250,"date":"2026-04-05T20:12:34","date_gmt":"2026-04-05T20:12:34","guid":{"rendered":"https:\/\/villageviking.com\/?post_type=product&#038;p=3250"},"modified":"2026-04-05T20:12:35","modified_gmt":"2026-04-05T20:12:35","slug":"pate-de-canard-au-foie-gras-la-ferme-basque-de-charlevoix","status":"publish","type":"product","link":"https:\/\/villageviking.com\/en\/product\/pate-de-canard-au-foie-gras-la-ferme-basque-de-charlevoix\/","title":{"rendered":"P\u00e2t\u00e9 de canard au foie gras &#8211; La ferme Basque de Charlevoix"},"content":{"rendered":"<p><img loading=\"lazy\" decoding=\"async\" class=\"alignnone size-medium wp-image-3386\" src=\"http:\/\/villageviking.com\/wp-content\/uploads\/2026\/03\/Gemini_Generated_Image_bt4dcmbt4dcmbt4d-1-300x300.png\" alt=\"\" width=\"300\" height=\"300\" srcset=\"https:\/\/villageviking.com\/wp-content\/uploads\/2026\/03\/Gemini_Generated_Image_bt4dcmbt4dcmbt4d-1-300x300.png 300w, https:\/\/villageviking.com\/wp-content\/uploads\/2026\/03\/Gemini_Generated_Image_bt4dcmbt4dcmbt4d-1-100x100.png 100w, https:\/\/villageviking.com\/wp-content\/uploads\/2026\/03\/Gemini_Generated_Image_bt4dcmbt4dcmbt4d-1-600x600.png 600w, https:\/\/villageviking.com\/wp-content\/uploads\/2026\/03\/Gemini_Generated_Image_bt4dcmbt4dcmbt4d-1-150x150.png 150w, https:\/\/villageviking.com\/wp-content\/uploads\/2026\/03\/Gemini_Generated_Image_bt4dcmbt4dcmbt4d-1-768x768.png 768w, https:\/\/villageviking.com\/wp-content\/uploads\/2026\/03\/Gemini_Generated_Image_bt4dcmbt4dcmbt4d-1.png 1024w\" sizes=\"auto, (max-width: 300px) 100vw, 300px\" \/><\/p>\n","protected":false},"excerpt":{"rendered":"<p data-start=\"377\" data-end=\"608\">Ce p\u00e2t\u00e9 de canard au foie gras est une v\u00e9ritable invitation \u00e0 d\u00e9couvrir les saveurs du terroir qu\u00e9b\u00e9cois. Pr\u00e9par\u00e9 avec des ingr\u00e9dients s\u00e9lectionn\u00e9s avec soin, il offre une texture onctueuse et un go\u00fbt riche, parfaitement \u00e9quilibr\u00e9.<\/p>\n<p data-start=\"610\" data-end=\"864\">L\u2019association du canard et du foie gras apporte une profondeur aromatique unique, id\u00e9ale pour les amateurs de produits fins et gourmands. \u00c0 d\u00e9guster sur du pain frais, des craquelins ou accompagn\u00e9 de condiments pour une exp\u00e9rience encore plus savoureuse.<\/p>\n<p data-start=\"866\" data-end=\"1022\">Ce produit est propos\u00e9 en partenariat avec La ferme Basque de Charlevoix, reconnue pour son savoir-faire artisanal et la qualit\u00e9 de ses produits du terroir.<\/p>\n<p data-start=\"1024\" data-end=\"1151\">Parfait pour un ap\u00e9ritif, un repas festif ou pour offrir, ce p\u00e2t\u00e9 incarne l\u2019authenticit\u00e9 et le plaisir des produits bien faits.<\/p>\n","protected":false},"featured_media":3386,"comment_status":"open","ping_status":"closed","template":"","meta":{"_coblocks_attr":"","_coblocks_dimensions":"","_coblocks_responsive_height":"","_coblocks_accordion_ie_support":""},"product_brand":[],"product_cat":[51],"product_tag":[],"class_list":{"0":"post-3250","1":"product","2":"type-product","3":"status-publish","4":"has-post-thumbnail","6":"product_cat-les-essentiels","8":"first","9":"instock","10":"taxable","11":"shipping-taxable","12":"purchasable","13":"product-type-simple"},"booking_location":null,"booking_location_type":null,"booking_duration":null,"booking_duration_unit":null,"booking_buffer":null,"booking_cost":null,"booking_resources":null,"exclude_global_add_ons":[],"addons":[],"yoast_head":"<!-- This site is optimized with the Yoast SEO plugin v27.5 - https:\/\/yoast.com\/product\/yoast-seo-wordpress\/ -->\n<title>P\u00e2t\u00e9 de canard au foie gras - La ferme Basque de Charlevoix<\/title>\n<meta name=\"description\" content=\"P\u00e2t\u00e9 de canard au foie gras artisanal, en partenariat avec La ferme Basque de Charlevoix. Saveur riche, id\u00e9ale pour ap\u00e9ritif et gastronomie.\" \/>\n<meta name=\"robots\" content=\"index, follow, max-snippet:-1, max-image-preview:large, max-video-preview:-1\" \/>\n<link rel=\"canonical\" href=\"https:\/\/villageviking.com\/en\/product\/pate-de-canard-au-foie-gras-la-ferme-basque-de-charlevoix\/\" \/>\n<meta property=\"og:locale\" content=\"en_US\" \/>\n<meta property=\"og:locale:alternate\" content=\"fr_FR\" \/>\n<meta property=\"og:type\" content=\"article\" \/>\n<meta property=\"og:title\" content=\"P\u00e2t\u00e9 de canard au foie gras - La ferme Basque de Charlevoix\" \/>\n<meta property=\"og:description\" content=\"P\u00e2t\u00e9 de canard au foie gras artisanal, en partenariat avec La ferme Basque de Charlevoix. Saveur riche, id\u00e9ale pour ap\u00e9ritif et gastronomie.\" \/>\n<meta property=\"og:url\" content=\"https:\/\/villageviking.com\/en\/product\/pate-de-canard-au-foie-gras-la-ferme-basque-de-charlevoix\/\" \/>\n<meta property=\"og:site_name\" content=\"Village Viking H\u00f3p\" \/>\n<meta property=\"article:publisher\" content=\"https:\/\/www.facebook.com\/profile.php?id=100083109181728\" \/>\n<meta property=\"article:modified_time\" content=\"2026-04-05T20:12:35+00:00\" \/>\n<meta property=\"og:image\" content=\"http:\/\/villageviking.com\/wp-content\/uploads\/2026\/03\/Gemini_Generated_Image_bt4dcmbt4dcmbt4d-1-300x300.png\" \/>\n<meta name=\"twitter:card\" content=\"summary_large_image\" \/>\n<meta name=\"twitter:label1\" content=\"Est. reading time\" \/>\n\t<meta name=\"twitter:data1\" content=\"1 minute\" \/>\n<script type=\"application\/ld+json\" class=\"yoast-schema-graph\">{\"@context\":\"https:\\\/\\\/schema.org\",\"@graph\":[{\"@type\":\"WebPage\",\"@id\":\"https:\\\/\\\/villageviking.com\\\/product\\\/pate-de-canard-au-foie-gras-la-ferme-basque-de-charlevoix\\\/\",\"url\":\"https:\\\/\\\/villageviking.com\\\/product\\\/pate-de-canard-au-foie-gras-la-ferme-basque-de-charlevoix\\\/\",\"name\":\"P\u00e2t\u00e9 de canard au foie gras - La ferme Basque de Charlevoix\",\"isPartOf\":{\"@id\":\"https:\\\/\\\/villageviking.com\\\/#website\"},\"primaryImageOfPage\":{\"@id\":\"https:\\\/\\\/villageviking.com\\\/product\\\/pate-de-canard-au-foie-gras-la-ferme-basque-de-charlevoix\\\/#primaryimage\"},\"image\":{\"@id\":\"https:\\\/\\\/villageviking.com\\\/product\\\/pate-de-canard-au-foie-gras-la-ferme-basque-de-charlevoix\\\/#primaryimage\"},\"thumbnailUrl\":\"https:\\\/\\\/villageviking.com\\\/wp-content\\\/uploads\\\/2026\\\/03\\\/Gemini_Generated_Image_bt4dcmbt4dcmbt4d-1.png\",\"datePublished\":\"2026-04-05T20:12:34+00:00\",\"dateModified\":\"2026-04-05T20:12:35+00:00\",\"description\":\"P\u00e2t\u00e9 de canard au foie gras artisanal, en partenariat avec La ferme Basque de Charlevoix. Saveur riche, id\u00e9ale pour ap\u00e9ritif et gastronomie.\",\"breadcrumb\":{\"@id\":\"https:\\\/\\\/villageviking.com\\\/product\\\/pate-de-canard-au-foie-gras-la-ferme-basque-de-charlevoix\\\/#breadcrumb\"},\"inLanguage\":\"en-US\",\"potentialAction\":[{\"@type\":\"ReadAction\",\"target\":[\"https:\\\/\\\/villageviking.com\\\/product\\\/pate-de-canard-au-foie-gras-la-ferme-basque-de-charlevoix\\\/\"]}]},{\"@type\":\"ImageObject\",\"inLanguage\":\"en-US\",\"@id\":\"https:\\\/\\\/villageviking.com\\\/product\\\/pate-de-canard-au-foie-gras-la-ferme-basque-de-charlevoix\\\/#primaryimage\",\"url\":\"https:\\\/\\\/villageviking.com\\\/wp-content\\\/uploads\\\/2026\\\/03\\\/Gemini_Generated_Image_bt4dcmbt4dcmbt4d-1.png\",\"contentUrl\":\"https:\\\/\\\/villageviking.com\\\/wp-content\\\/uploads\\\/2026\\\/03\\\/Gemini_Generated_Image_bt4dcmbt4dcmbt4d-1.png\",\"width\":1024,\"height\":1024},{\"@type\":\"BreadcrumbList\",\"@id\":\"https:\\\/\\\/villageviking.com\\\/product\\\/pate-de-canard-au-foie-gras-la-ferme-basque-de-charlevoix\\\/#breadcrumb\",\"itemListElement\":[{\"@type\":\"ListItem\",\"position\":1,\"name\":\"Accueil\",\"item\":\"https:\\\/\\\/villageviking.com\\\/\"},{\"@type\":\"ListItem\",\"position\":2,\"name\":\"Boutique\",\"item\":\"https:\\\/\\\/villageviking.com\\\/boutique\\\/\"},{\"@type\":\"ListItem\",\"position\":3,\"name\":\"P\u00e2t\u00e9 de canard au foie gras &#8211; La ferme Basque de Charlevoix\"}]},{\"@type\":\"WebSite\",\"@id\":\"https:\\\/\\\/villageviking.com\\\/#website\",\"url\":\"https:\\\/\\\/villageviking.com\\\/\",\"name\":\"Village Viking H\u00f3p\",\"description\":\"\",\"publisher\":{\"@id\":\"https:\\\/\\\/villageviking.com\\\/#organization\"},\"potentialAction\":[{\"@type\":\"SearchAction\",\"target\":{\"@type\":\"EntryPoint\",\"urlTemplate\":\"https:\\\/\\\/villageviking.com\\\/?s={search_term_string}\"},\"query-input\":{\"@type\":\"PropertyValueSpecification\",\"valueRequired\":true,\"valueName\":\"search_term_string\"}}],\"inLanguage\":\"en-US\"},{\"@type\":\"Organization\",\"@id\":\"https:\\\/\\\/villageviking.com\\\/#organization\",\"name\":\"Village Viking H\u00f3p\",\"alternateName\":\"Village Viking\",\"url\":\"https:\\\/\\\/villageviking.com\\\/\",\"logo\":{\"@type\":\"ImageObject\",\"inLanguage\":\"en-US\",\"@id\":\"https:\\\/\\\/villageviking.com\\\/#\\\/schema\\\/logo\\\/image\\\/\",\"url\":\"https:\\\/\\\/villageviking.com\\\/wp-content\\\/uploads\\\/2023\\\/01\\\/cropped-Logotype_HOP_noir_.png\",\"contentUrl\":\"https:\\\/\\\/villageviking.com\\\/wp-content\\\/uploads\\\/2023\\\/01\\\/cropped-Logotype_HOP_noir_.png\",\"width\":2103,\"height\":1062,\"caption\":\"Village Viking H\u00f3p\"},\"image\":{\"@id\":\"https:\\\/\\\/villageviking.com\\\/#\\\/schema\\\/logo\\\/image\\\/\"},\"sameAs\":[\"https:\\\/\\\/www.facebook.com\\\/profile.php?id=100083109181728\",\"https:\\\/\\\/www.instagram.com\\\/hop_viking_village\\\/\",\"https:\\\/\\\/www.tiktok.com\\\/@villagevikinghop\"]}]}<\/script>\n<!-- \/ Yoast SEO plugin. -->","yoast_head_json":{"title":"P\u00e2t\u00e9 de canard au foie gras - La ferme Basque de Charlevoix","description":"P\u00e2t\u00e9 de canard au foie gras artisanal, en partenariat avec La ferme Basque de Charlevoix. Saveur riche, id\u00e9ale pour ap\u00e9ritif et gastronomie.","robots":{"index":"index","follow":"follow","max-snippet":"max-snippet:-1","max-image-preview":"max-image-preview:large","max-video-preview":"max-video-preview:-1"},"canonical":"https:\/\/villageviking.com\/en\/product\/pate-de-canard-au-foie-gras-la-ferme-basque-de-charlevoix\/","og_locale":"en_US","og_type":"article","og_title":"[:fr]P\u00e2t\u00e9 de canard au foie gras - La ferme Basque de Charlevoix[:] - Village Viking H\u00f3p","og_description":"[:fr]P\u00e2t\u00e9 de canard au foie gras artisanal, en partenariat avec La ferme Basque de Charlevoix. Saveur riche, id\u00e9ale pour ap\u00e9ritif et gastronomie.[:]","og_url":"https:\/\/villageviking.com\/en\/product\/pate-de-canard-au-foie-gras-la-ferme-basque-de-charlevoix\/","og_site_name":"Village Viking H\u00f3p","article_publisher":"https:\/\/www.facebook.com\/profile.php?id=100083109181728","article_modified_time":"2026-04-05T20:12:35+00:00","og_image":[{"url":"http:\/\/villageviking.com\/wp-content\/uploads\/2026\/03\/Gemini_Generated_Image_bt4dcmbt4dcmbt4d-1-300x300.png","type":"","width":"","height":""}],"twitter_card":"summary_large_image","twitter_misc":{"Est. reading time":"1 minute"},"schema":{"@context":"https:\/\/schema.org","@graph":[{"@type":"WebPage","@id":"https:\/\/villageviking.com\/product\/pate-de-canard-au-foie-gras-la-ferme-basque-de-charlevoix\/","url":"https:\/\/villageviking.com\/product\/pate-de-canard-au-foie-gras-la-ferme-basque-de-charlevoix\/","name":"P\u00e2t\u00e9 de canard au foie gras - La ferme Basque de Charlevoix","isPartOf":{"@id":"https:\/\/villageviking.com\/#website"},"primaryImageOfPage":{"@id":"https:\/\/villageviking.com\/product\/pate-de-canard-au-foie-gras-la-ferme-basque-de-charlevoix\/#primaryimage"},"image":{"@id":"https:\/\/villageviking.com\/product\/pate-de-canard-au-foie-gras-la-ferme-basque-de-charlevoix\/#primaryimage"},"thumbnailUrl":"https:\/\/villageviking.com\/wp-content\/uploads\/2026\/03\/Gemini_Generated_Image_bt4dcmbt4dcmbt4d-1.png","datePublished":"2026-04-05T20:12:34+00:00","dateModified":"2026-04-05T20:12:35+00:00","description":"P\u00e2t\u00e9 de canard au foie gras artisanal, en partenariat avec La ferme Basque de Charlevoix. Saveur riche, id\u00e9ale pour ap\u00e9ritif et gastronomie.","breadcrumb":{"@id":"https:\/\/villageviking.com\/product\/pate-de-canard-au-foie-gras-la-ferme-basque-de-charlevoix\/#breadcrumb"},"inLanguage":"en-US","potentialAction":[{"@type":"ReadAction","target":["https:\/\/villageviking.com\/product\/pate-de-canard-au-foie-gras-la-ferme-basque-de-charlevoix\/"]}]},{"@type":"ImageObject","inLanguage":"en-US","@id":"https:\/\/villageviking.com\/product\/pate-de-canard-au-foie-gras-la-ferme-basque-de-charlevoix\/#primaryimage","url":"https:\/\/villageviking.com\/wp-content\/uploads\/2026\/03\/Gemini_Generated_Image_bt4dcmbt4dcmbt4d-1.png","contentUrl":"https:\/\/villageviking.com\/wp-content\/uploads\/2026\/03\/Gemini_Generated_Image_bt4dcmbt4dcmbt4d-1.png","width":1024,"height":1024},{"@type":"BreadcrumbList","@id":"https:\/\/villageviking.com\/product\/pate-de-canard-au-foie-gras-la-ferme-basque-de-charlevoix\/#breadcrumb","itemListElement":[{"@type":"ListItem","position":1,"name":"Accueil","item":"https:\/\/villageviking.com\/"},{"@type":"ListItem","position":2,"name":"Boutique","item":"https:\/\/villageviking.com\/boutique\/"},{"@type":"ListItem","position":3,"name":"P\u00e2t\u00e9 de canard au foie gras &#8211; La ferme Basque de Charlevoix"}]},{"@type":"WebSite","@id":"https:\/\/villageviking.com\/#website","url":"https:\/\/villageviking.com\/","name":"Village Viking H\u00f3p","description":"","publisher":{"@id":"https:\/\/villageviking.com\/#organization"},"potentialAction":[{"@type":"SearchAction","target":{"@type":"EntryPoint","urlTemplate":"https:\/\/villageviking.com\/?s={search_term_string}"},"query-input":{"@type":"PropertyValueSpecification","valueRequired":true,"valueName":"search_term_string"}}],"inLanguage":"en-US"},{"@type":"Organization","@id":"https:\/\/villageviking.com\/#organization","name":"Village Viking H\u00f3p","alternateName":"Village Viking","url":"https:\/\/villageviking.com\/","logo":{"@type":"ImageObject","inLanguage":"en-US","@id":"https:\/\/villageviking.com\/#\/schema\/logo\/image\/","url":"https:\/\/villageviking.com\/wp-content\/uploads\/2023\/01\/cropped-Logotype_HOP_noir_.png","contentUrl":"https:\/\/villageviking.com\/wp-content\/uploads\/2023\/01\/cropped-Logotype_HOP_noir_.png","width":2103,"height":1062,"caption":"Village Viking H\u00f3p"},"image":{"@id":"https:\/\/villageviking.com\/#\/schema\/logo\/image\/"},"sameAs":["https:\/\/www.facebook.com\/profile.php?id=100083109181728","https:\/\/www.instagram.com\/hop_viking_village\/","https:\/\/www.tiktok.com\/@villagevikinghop"]}]}},"jetpack_sharing_enabled":true,"_links":{"self":[{"href":"https:\/\/villageviking.com\/en\/wp-json\/wp\/v2\/product\/3250","targetHints":{"allow":["GET"]}}],"collection":[{"href":"https:\/\/villageviking.com\/en\/wp-json\/wp\/v2\/product"}],"about":[{"href":"https:\/\/villageviking.com\/en\/wp-json\/wp\/v2\/types\/product"}],"replies":[{"embeddable":true,"href":"https:\/\/villageviking.com\/en\/wp-json\/wp\/v2\/comments?post=3250"}],"wp:featuredmedia":[{"embeddable":true,"href":"https:\/\/villageviking.com\/en\/wp-json\/wp\/v2\/media\/3386"}],"wp:attachment":[{"href":"https:\/\/villageviking.com\/en\/wp-json\/wp\/v2\/media?parent=3250"}],"wp:term":[{"taxonomy":"product_brand","embeddable":true,"href":"https:\/\/villageviking.com\/en\/wp-json\/wp\/v2\/product_brand?post=3250"},{"taxonomy":"product_cat","embeddable":true,"href":"https:\/\/villageviking.com\/en\/wp-json\/wp\/v2\/product_cat?post=3250"},{"taxonomy":"product_tag","embeddable":true,"href":"https:\/\/villageviking.com\/en\/wp-json\/wp\/v2\/product_tag?post=3250"}],"curies":[{"name":"wp","href":"https:\/\/api.w.org\/{rel}","templated":true}]}}