{"id":3408,"date":"2026-04-05T21:30:21","date_gmt":"2026-04-05T21:30:21","guid":{"rendered":"https:\/\/villageviking.com\/?post_type=product&#038;p=3408"},"modified":"2026-04-05T21:52:04","modified_gmt":"2026-04-05T21:52:04","slug":"tasse-en-bois-style-kuksa-anse-simple-1-trou-design-traditionnel-nordique","status":"publish","type":"product","link":"https:\/\/villageviking.com\/en\/product\/tasse-en-bois-style-kuksa-anse-simple-1-trou-design-traditionnel-nordique\/","title":{"rendered":"Tasse en bois style Kuksa \u2013 Anse simple 1 trou, design traditionnel nordique"},"content":{"rendered":"<p><img loading=\"lazy\" decoding=\"async\" class=\"alignnone size-medium wp-image-3409\" src=\"http:\/\/villageviking.com\/wp-content\/uploads\/2026\/04\/Gemini_Generated_Image_y5glqny5glqny5gl-300x219.png\" alt=\"\" width=\"300\" height=\"219\" srcset=\"https:\/\/villageviking.com\/wp-content\/uploads\/2026\/04\/Gemini_Generated_Image_y5glqny5glqny5gl-300x219.png 300w, https:\/\/villageviking.com\/wp-content\/uploads\/2026\/04\/Gemini_Generated_Image_y5glqny5glqny5gl-600x439.png 600w, https:\/\/villageviking.com\/wp-content\/uploads\/2026\/04\/Gemini_Generated_Image_y5glqny5glqny5gl-1024x749.png 1024w, https:\/\/villageviking.com\/wp-content\/uploads\/2026\/04\/Gemini_Generated_Image_y5glqny5glqny5gl-768x562.png 768w, https:\/\/villageviking.com\/wp-content\/uploads\/2026\/04\/Gemini_Generated_Image_y5glqny5glqny5gl-100x73.png 100w, https:\/\/villageviking.com\/wp-content\/uploads\/2026\/04\/Gemini_Generated_Image_y5glqny5glqny5gl.png 1058w\" sizes=\"auto, (max-width: 300px) 100vw, 300px\" \/><\/p>\n","protected":false},"excerpt":{"rendered":"<p>Tasse en bois inspir\u00e9e du kuksa traditionnel nordique. Fabrication au style rustique, id\u00e9ale pour les boissons chaudes ou froides, avec une prise en main naturelle et authentique.<\/p>\n<p>Fait de bois naturel, chaque pi\u00e8ce est unique avec de l\u00e9g\u00e8res variations de teinte et de texture<\/p>\n","protected":false},"featured_media":3409,"comment_status":"open","ping_status":"closed","template":"","meta":{"_coblocks_attr":"","_coblocks_dimensions":"","_coblocks_responsive_height":"","_coblocks_accordion_ie_support":""},"product_brand":[],"product_cat":[47],"product_tag":[],"class_list":{"0":"post-3408","1":"product","2":"type-product","3":"status-publish","4":"has-post-thumbnail","6":"product_cat-accessoire-viking","8":"first","9":"instock","10":"taxable","11":"shipping-taxable","12":"purchasable","13":"product-type-simple"},"booking_location":null,"booking_location_type":null,"booking_duration":null,"booking_duration_unit":null,"booking_buffer":null,"booking_cost":null,"booking_resources":null,"exclude_global_add_ons":[],"addons":[],"yoast_head":"<!-- This site is optimized with the Yoast SEO plugin v27.5 - https:\/\/yoast.com\/product\/yoast-seo-wordpress\/ -->\n<title>Tasse en bois style Kuksa \u2013 Anse simple 1 trou, design traditionnel nordique<\/title>\n<meta name=\"description\" content=\"Tasse en bois style kuksa, inspir\u00e9e des traditions nordiques. Artisanale, durable et ergonomique, parfaite pour caf\u00e9, th\u00e9 ou boisson en plein air.\" \/>\n<meta name=\"robots\" content=\"index, follow, max-snippet:-1, max-image-preview:large, max-video-preview:-1\" \/>\n<link rel=\"canonical\" href=\"https:\/\/villageviking.com\/en\/product\/tasse-en-bois-style-kuksa-anse-simple-1-trou-design-traditionnel-nordique\/\" \/>\n<meta property=\"og:locale\" content=\"en_US\" \/>\n<meta property=\"og:locale:alternate\" content=\"fr_FR\" \/>\n<meta property=\"og:type\" content=\"article\" \/>\n<meta property=\"og:title\" content=\"Tasse en bois style Kuksa \u2013 Anse simple 1 trou, design traditionnel nordique\" \/>\n<meta property=\"og:description\" content=\"Tasse en bois style kuksa, inspir\u00e9e des traditions nordiques. Artisanale, durable et ergonomique, parfaite pour caf\u00e9, th\u00e9 ou boisson en plein air.\" \/>\n<meta property=\"og:url\" content=\"https:\/\/villageviking.com\/en\/product\/tasse-en-bois-style-kuksa-anse-simple-1-trou-design-traditionnel-nordique\/\" \/>\n<meta property=\"og:site_name\" content=\"Village Viking H\u00f3p\" \/>\n<meta property=\"article:publisher\" content=\"https:\/\/www.facebook.com\/profile.php?id=100083109181728\" \/>\n<meta property=\"article:modified_time\" content=\"2026-04-05T21:52:04+00:00\" \/>\n<meta property=\"og:image\" content=\"http:\/\/villageviking.com\/wp-content\/uploads\/2026\/04\/Gemini_Generated_Image_y5glqny5glqny5gl-300x219.png\" \/>\n<meta name=\"twitter:card\" content=\"summary_large_image\" \/>\n<meta name=\"twitter:label1\" content=\"Est. reading time\" \/>\n\t<meta name=\"twitter:data1\" content=\"1 minute\" \/>\n<script type=\"application\/ld+json\" class=\"yoast-schema-graph\">{\"@context\":\"https:\\\/\\\/schema.org\",\"@graph\":[{\"@type\":\"WebPage\",\"@id\":\"https:\\\/\\\/villageviking.com\\\/product\\\/tasse-en-bois-style-kuksa-anse-simple-1-trou-design-traditionnel-nordique\\\/\",\"url\":\"https:\\\/\\\/villageviking.com\\\/product\\\/tasse-en-bois-style-kuksa-anse-simple-1-trou-design-traditionnel-nordique\\\/\",\"name\":\"Tasse en bois style Kuksa \u2013 Anse simple 1 trou, design traditionnel nordique\",\"isPartOf\":{\"@id\":\"https:\\\/\\\/villageviking.com\\\/#website\"},\"primaryImageOfPage\":{\"@id\":\"https:\\\/\\\/villageviking.com\\\/product\\\/tasse-en-bois-style-kuksa-anse-simple-1-trou-design-traditionnel-nordique\\\/#primaryimage\"},\"image\":{\"@id\":\"https:\\\/\\\/villageviking.com\\\/product\\\/tasse-en-bois-style-kuksa-anse-simple-1-trou-design-traditionnel-nordique\\\/#primaryimage\"},\"thumbnailUrl\":\"https:\\\/\\\/villageviking.com\\\/wp-content\\\/uploads\\\/2026\\\/04\\\/Gemini_Generated_Image_y5glqny5glqny5gl.png\",\"datePublished\":\"2026-04-05T21:30:21+00:00\",\"dateModified\":\"2026-04-05T21:52:04+00:00\",\"description\":\"Tasse en bois style kuksa, inspir\u00e9e des traditions nordiques. Artisanale, durable et ergonomique, parfaite pour caf\u00e9, th\u00e9 ou boisson en plein air.\",\"breadcrumb\":{\"@id\":\"https:\\\/\\\/villageviking.com\\\/product\\\/tasse-en-bois-style-kuksa-anse-simple-1-trou-design-traditionnel-nordique\\\/#breadcrumb\"},\"inLanguage\":\"en-US\",\"potentialAction\":[{\"@type\":\"ReadAction\",\"target\":[\"https:\\\/\\\/villageviking.com\\\/product\\\/tasse-en-bois-style-kuksa-anse-simple-1-trou-design-traditionnel-nordique\\\/\"]}]},{\"@type\":\"ImageObject\",\"inLanguage\":\"en-US\",\"@id\":\"https:\\\/\\\/villageviking.com\\\/product\\\/tasse-en-bois-style-kuksa-anse-simple-1-trou-design-traditionnel-nordique\\\/#primaryimage\",\"url\":\"https:\\\/\\\/villageviking.com\\\/wp-content\\\/uploads\\\/2026\\\/04\\\/Gemini_Generated_Image_y5glqny5glqny5gl.png\",\"contentUrl\":\"https:\\\/\\\/villageviking.com\\\/wp-content\\\/uploads\\\/2026\\\/04\\\/Gemini_Generated_Image_y5glqny5glqny5gl.png\",\"width\":1058,\"height\":774},{\"@type\":\"BreadcrumbList\",\"@id\":\"https:\\\/\\\/villageviking.com\\\/product\\\/tasse-en-bois-style-kuksa-anse-simple-1-trou-design-traditionnel-nordique\\\/#breadcrumb\",\"itemListElement\":[{\"@type\":\"ListItem\",\"position\":1,\"name\":\"Accueil\",\"item\":\"https:\\\/\\\/villageviking.com\\\/\"},{\"@type\":\"ListItem\",\"position\":2,\"name\":\"Boutique\",\"item\":\"https:\\\/\\\/villageviking.com\\\/boutique\\\/\"},{\"@type\":\"ListItem\",\"position\":3,\"name\":\"Tasse en bois style Kuksa \u2013 Anse simple 1 trou, design traditionnel nordique\"}]},{\"@type\":\"WebSite\",\"@id\":\"https:\\\/\\\/villageviking.com\\\/#website\",\"url\":\"https:\\\/\\\/villageviking.com\\\/\",\"name\":\"Village Viking H\u00f3p\",\"description\":\"\",\"publisher\":{\"@id\":\"https:\\\/\\\/villageviking.com\\\/#organization\"},\"potentialAction\":[{\"@type\":\"SearchAction\",\"target\":{\"@type\":\"EntryPoint\",\"urlTemplate\":\"https:\\\/\\\/villageviking.com\\\/?s={search_term_string}\"},\"query-input\":{\"@type\":\"PropertyValueSpecification\",\"valueRequired\":true,\"valueName\":\"search_term_string\"}}],\"inLanguage\":\"en-US\"},{\"@type\":\"Organization\",\"@id\":\"https:\\\/\\\/villageviking.com\\\/#organization\",\"name\":\"Village Viking H\u00f3p\",\"alternateName\":\"Village Viking\",\"url\":\"https:\\\/\\\/villageviking.com\\\/\",\"logo\":{\"@type\":\"ImageObject\",\"inLanguage\":\"en-US\",\"@id\":\"https:\\\/\\\/villageviking.com\\\/#\\\/schema\\\/logo\\\/image\\\/\",\"url\":\"https:\\\/\\\/villageviking.com\\\/wp-content\\\/uploads\\\/2023\\\/01\\\/cropped-Logotype_HOP_noir_.png\",\"contentUrl\":\"https:\\\/\\\/villageviking.com\\\/wp-content\\\/uploads\\\/2023\\\/01\\\/cropped-Logotype_HOP_noir_.png\",\"width\":2103,\"height\":1062,\"caption\":\"Village Viking H\u00f3p\"},\"image\":{\"@id\":\"https:\\\/\\\/villageviking.com\\\/#\\\/schema\\\/logo\\\/image\\\/\"},\"sameAs\":[\"https:\\\/\\\/www.facebook.com\\\/profile.php?id=100083109181728\",\"https:\\\/\\\/www.instagram.com\\\/hop_viking_village\\\/\",\"https:\\\/\\\/www.tiktok.com\\\/@villagevikinghop\"]}]}<\/script>\n<!-- \/ Yoast SEO plugin. -->","yoast_head_json":{"title":"Tasse en bois style Kuksa \u2013 Anse simple 1 trou, design traditionnel nordique","description":"Tasse en bois style kuksa, inspir\u00e9e des traditions nordiques. Artisanale, durable et ergonomique, parfaite pour caf\u00e9, th\u00e9 ou boisson en plein air.","robots":{"index":"index","follow":"follow","max-snippet":"max-snippet:-1","max-image-preview":"max-image-preview:large","max-video-preview":"max-video-preview:-1"},"canonical":"https:\/\/villageviking.com\/en\/product\/tasse-en-bois-style-kuksa-anse-simple-1-trou-design-traditionnel-nordique\/","og_locale":"en_US","og_type":"article","og_title":"[:fr]Tasse en bois style Kuksa \u2013 Anse simple 1 trou, design traditionnel nordique[:] - Village Viking H\u00f3p","og_description":"[:fr]Tasse en bois style kuksa, inspir\u00e9e des traditions nordiques. Artisanale, durable et ergonomique, parfaite pour caf\u00e9, th\u00e9 ou boisson en plein air.[:]","og_url":"https:\/\/villageviking.com\/en\/product\/tasse-en-bois-style-kuksa-anse-simple-1-trou-design-traditionnel-nordique\/","og_site_name":"Village Viking H\u00f3p","article_publisher":"https:\/\/www.facebook.com\/profile.php?id=100083109181728","article_modified_time":"2026-04-05T21:52:04+00:00","og_image":[{"url":"http:\/\/villageviking.com\/wp-content\/uploads\/2026\/04\/Gemini_Generated_Image_y5glqny5glqny5gl-300x219.png","type":"","width":"","height":""}],"twitter_card":"summary_large_image","twitter_misc":{"Est. reading time":"1 minute"},"schema":{"@context":"https:\/\/schema.org","@graph":[{"@type":"WebPage","@id":"https:\/\/villageviking.com\/product\/tasse-en-bois-style-kuksa-anse-simple-1-trou-design-traditionnel-nordique\/","url":"https:\/\/villageviking.com\/product\/tasse-en-bois-style-kuksa-anse-simple-1-trou-design-traditionnel-nordique\/","name":"Tasse en bois style Kuksa \u2013 Anse simple 1 trou, design traditionnel nordique","isPartOf":{"@id":"https:\/\/villageviking.com\/#website"},"primaryImageOfPage":{"@id":"https:\/\/villageviking.com\/product\/tasse-en-bois-style-kuksa-anse-simple-1-trou-design-traditionnel-nordique\/#primaryimage"},"image":{"@id":"https:\/\/villageviking.com\/product\/tasse-en-bois-style-kuksa-anse-simple-1-trou-design-traditionnel-nordique\/#primaryimage"},"thumbnailUrl":"https:\/\/villageviking.com\/wp-content\/uploads\/2026\/04\/Gemini_Generated_Image_y5glqny5glqny5gl.png","datePublished":"2026-04-05T21:30:21+00:00","dateModified":"2026-04-05T21:52:04+00:00","description":"Tasse en bois style kuksa, inspir\u00e9e des traditions nordiques. Artisanale, durable et ergonomique, parfaite pour caf\u00e9, th\u00e9 ou boisson en plein air.","breadcrumb":{"@id":"https:\/\/villageviking.com\/product\/tasse-en-bois-style-kuksa-anse-simple-1-trou-design-traditionnel-nordique\/#breadcrumb"},"inLanguage":"en-US","potentialAction":[{"@type":"ReadAction","target":["https:\/\/villageviking.com\/product\/tasse-en-bois-style-kuksa-anse-simple-1-trou-design-traditionnel-nordique\/"]}]},{"@type":"ImageObject","inLanguage":"en-US","@id":"https:\/\/villageviking.com\/product\/tasse-en-bois-style-kuksa-anse-simple-1-trou-design-traditionnel-nordique\/#primaryimage","url":"https:\/\/villageviking.com\/wp-content\/uploads\/2026\/04\/Gemini_Generated_Image_y5glqny5glqny5gl.png","contentUrl":"https:\/\/villageviking.com\/wp-content\/uploads\/2026\/04\/Gemini_Generated_Image_y5glqny5glqny5gl.png","width":1058,"height":774},{"@type":"BreadcrumbList","@id":"https:\/\/villageviking.com\/product\/tasse-en-bois-style-kuksa-anse-simple-1-trou-design-traditionnel-nordique\/#breadcrumb","itemListElement":[{"@type":"ListItem","position":1,"name":"Accueil","item":"https:\/\/villageviking.com\/"},{"@type":"ListItem","position":2,"name":"Boutique","item":"https:\/\/villageviking.com\/boutique\/"},{"@type":"ListItem","position":3,"name":"Tasse en bois style Kuksa \u2013 Anse simple 1 trou, design traditionnel nordique"}]},{"@type":"WebSite","@id":"https:\/\/villageviking.com\/#website","url":"https:\/\/villageviking.com\/","name":"Village Viking H\u00f3p","description":"","publisher":{"@id":"https:\/\/villageviking.com\/#organization"},"potentialAction":[{"@type":"SearchAction","target":{"@type":"EntryPoint","urlTemplate":"https:\/\/villageviking.com\/?s={search_term_string}"},"query-input":{"@type":"PropertyValueSpecification","valueRequired":true,"valueName":"search_term_string"}}],"inLanguage":"en-US"},{"@type":"Organization","@id":"https:\/\/villageviking.com\/#organization","name":"Village Viking H\u00f3p","alternateName":"Village Viking","url":"https:\/\/villageviking.com\/","logo":{"@type":"ImageObject","inLanguage":"en-US","@id":"https:\/\/villageviking.com\/#\/schema\/logo\/image\/","url":"https:\/\/villageviking.com\/wp-content\/uploads\/2023\/01\/cropped-Logotype_HOP_noir_.png","contentUrl":"https:\/\/villageviking.com\/wp-content\/uploads\/2023\/01\/cropped-Logotype_HOP_noir_.png","width":2103,"height":1062,"caption":"Village Viking H\u00f3p"},"image":{"@id":"https:\/\/villageviking.com\/#\/schema\/logo\/image\/"},"sameAs":["https:\/\/www.facebook.com\/profile.php?id=100083109181728","https:\/\/www.instagram.com\/hop_viking_village\/","https:\/\/www.tiktok.com\/@villagevikinghop"]}]}},"jetpack_sharing_enabled":true,"_links":{"self":[{"href":"https:\/\/villageviking.com\/en\/wp-json\/wp\/v2\/product\/3408","targetHints":{"allow":["GET"]}}],"collection":[{"href":"https:\/\/villageviking.com\/en\/wp-json\/wp\/v2\/product"}],"about":[{"href":"https:\/\/villageviking.com\/en\/wp-json\/wp\/v2\/types\/product"}],"replies":[{"embeddable":true,"href":"https:\/\/villageviking.com\/en\/wp-json\/wp\/v2\/comments?post=3408"}],"wp:featuredmedia":[{"embeddable":true,"href":"https:\/\/villageviking.com\/en\/wp-json\/wp\/v2\/media\/3409"}],"wp:attachment":[{"href":"https:\/\/villageviking.com\/en\/wp-json\/wp\/v2\/media?parent=3408"}],"wp:term":[{"taxonomy":"product_brand","embeddable":true,"href":"https:\/\/villageviking.com\/en\/wp-json\/wp\/v2\/product_brand?post=3408"},{"taxonomy":"product_cat","embeddable":true,"href":"https:\/\/villageviking.com\/en\/wp-json\/wp\/v2\/product_cat?post=3408"},{"taxonomy":"product_tag","embeddable":true,"href":"https:\/\/villageviking.com\/en\/wp-json\/wp\/v2\/product_tag?post=3408"}],"curies":[{"name":"wp","href":"https:\/\/api.w.org\/{rel}","templated":true}]}}