{"id":3505,"date":"2026-04-06T16:00:14","date_gmt":"2026-04-06T16:00:14","guid":{"rendered":"https:\/\/villageviking.com\/?post_type=product&#038;p=3505"},"modified":"2026-04-06T16:00:16","modified_gmt":"2026-04-06T16:00:16","slug":"protege-avant-bras-en-cuir-dorignal-fabrication-artisanale-robuste","status":"publish","type":"product","link":"https:\/\/villageviking.com\/en\/product\/protege-avant-bras-en-cuir-dorignal-fabrication-artisanale-robuste\/","title":{"rendered":"Prot\u00e8ge-avant-bras en cuir d\u2019orignal \u2013 Fabrication artisanale robuste"},"content":{"rendered":"<p><img loading=\"lazy\" decoding=\"async\" class=\"alignnone size-medium wp-image-3506\" src=\"http:\/\/villageviking.com\/wp-content\/uploads\/2026\/04\/Gemini_Generated_Image_l1hpe9l1hpe9l1hp-300x296.png\" alt=\"\" width=\"300\" height=\"296\" srcset=\"https:\/\/villageviking.com\/wp-content\/uploads\/2026\/04\/Gemini_Generated_Image_l1hpe9l1hpe9l1hp-300x296.png 300w, https:\/\/villageviking.com\/wp-content\/uploads\/2026\/04\/Gemini_Generated_Image_l1hpe9l1hpe9l1hp-100x99.png 100w, https:\/\/villageviking.com\/wp-content\/uploads\/2026\/04\/Gemini_Generated_Image_l1hpe9l1hpe9l1hp-600x591.png 600w, https:\/\/villageviking.com\/wp-content\/uploads\/2026\/04\/Gemini_Generated_Image_l1hpe9l1hpe9l1hp-768x757.png 768w, https:\/\/villageviking.com\/wp-content\/uploads\/2026\/04\/Gemini_Generated_Image_l1hpe9l1hpe9l1hp.png 896w\" sizes=\"auto, (max-width: 300px) 100vw, 300px\" \/><\/p>\n","protected":false},"excerpt":{"rendered":"<p>Prot\u00e8ge-avant-bras en cuir d\u2019orignal fabriqu\u00e9s \u00e0 la main par un artisan. R\u00e9sistants et confortables, ils offrent une protection fiable tout en conservant un style authentique et naturel. Cette pi\u00e8ce est unique, avec des variations propres au cuir.<\/p>\n","protected":false},"featured_media":3506,"comment_status":"open","ping_status":"closed","template":"","meta":{"_coblocks_attr":"","_coblocks_dimensions":"","_coblocks_responsive_height":"","_coblocks_accordion_ie_support":""},"product_brand":[],"product_cat":[47],"product_tag":[],"class_list":{"0":"post-3505","1":"product","2":"type-product","3":"status-publish","4":"has-post-thumbnail","6":"product_cat-accessoire-viking","8":"first","9":"instock","10":"taxable","11":"shipping-taxable","12":"purchasable","13":"product-type-simple"},"booking_location":null,"booking_location_type":null,"booking_duration":null,"booking_duration_unit":null,"booking_buffer":null,"booking_cost":null,"booking_resources":null,"exclude_global_add_ons":[],"addons":[],"yoast_head":"<!-- This site is optimized with the Yoast SEO plugin v27.5 - https:\/\/yoast.com\/product\/yoast-seo-wordpress\/ -->\n<title>Prot\u00e8ge-avant-bras en cuir d\u2019orignal \u2013 Fabrication artisanale robuste<\/title>\n<meta name=\"description\" content=\"Prot\u00e8ge-avant-bras en cuir d\u2019orignal faits \u00e0 la main par un artisan. Robustes et uniques, elle sont parfaites pour une utilisation pratique ou un style viking authentique.\" \/>\n<meta name=\"robots\" content=\"index, follow, max-snippet:-1, max-image-preview:large, max-video-preview:-1\" \/>\n<link rel=\"canonical\" href=\"https:\/\/villageviking.com\/en\/product\/protege-avant-bras-en-cuir-dorignal-fabrication-artisanale-robuste\/\" \/>\n<meta property=\"og:locale\" content=\"en_US\" \/>\n<meta property=\"og:locale:alternate\" content=\"fr_FR\" \/>\n<meta property=\"og:type\" content=\"article\" \/>\n<meta property=\"og:title\" content=\"Prot\u00e8ge-avant-bras en cuir d\u2019orignal \u2013 Fabrication artisanale robuste\" \/>\n<meta property=\"og:description\" content=\"Prot\u00e8ge-avant-bras en cuir d\u2019orignal faits \u00e0 la main par un artisan. Robustes et uniques, elle sont parfaites pour une utilisation pratique ou un style viking authentique.\" \/>\n<meta property=\"og:url\" content=\"https:\/\/villageviking.com\/en\/product\/protege-avant-bras-en-cuir-dorignal-fabrication-artisanale-robuste\/\" \/>\n<meta property=\"og:site_name\" content=\"Village Viking H\u00f3p\" \/>\n<meta property=\"article:publisher\" content=\"https:\/\/www.facebook.com\/profile.php?id=100083109181728\" \/>\n<meta property=\"article:modified_time\" content=\"2026-04-06T16:00:16+00:00\" \/>\n<meta property=\"og:image\" content=\"http:\/\/villageviking.com\/wp-content\/uploads\/2026\/04\/Gemini_Generated_Image_l1hpe9l1hpe9l1hp-300x296.png\" \/>\n<meta name=\"twitter:card\" content=\"summary_large_image\" \/>\n<meta name=\"twitter:label1\" content=\"Est. reading time\" \/>\n\t<meta name=\"twitter:data1\" content=\"1 minute\" \/>\n<script type=\"application\/ld+json\" class=\"yoast-schema-graph\">{\"@context\":\"https:\\\/\\\/schema.org\",\"@graph\":[{\"@type\":\"WebPage\",\"@id\":\"https:\\\/\\\/villageviking.com\\\/product\\\/protege-avant-bras-en-cuir-dorignal-fabrication-artisanale-robuste\\\/\",\"url\":\"https:\\\/\\\/villageviking.com\\\/product\\\/protege-avant-bras-en-cuir-dorignal-fabrication-artisanale-robuste\\\/\",\"name\":\"Prot\u00e8ge-avant-bras en cuir d\u2019orignal \u2013 Fabrication artisanale robuste\",\"isPartOf\":{\"@id\":\"https:\\\/\\\/villageviking.com\\\/#website\"},\"primaryImageOfPage\":{\"@id\":\"https:\\\/\\\/villageviking.com\\\/product\\\/protege-avant-bras-en-cuir-dorignal-fabrication-artisanale-robuste\\\/#primaryimage\"},\"image\":{\"@id\":\"https:\\\/\\\/villageviking.com\\\/product\\\/protege-avant-bras-en-cuir-dorignal-fabrication-artisanale-robuste\\\/#primaryimage\"},\"thumbnailUrl\":\"https:\\\/\\\/villageviking.com\\\/wp-content\\\/uploads\\\/2026\\\/04\\\/Gemini_Generated_Image_l1hpe9l1hpe9l1hp.png\",\"datePublished\":\"2026-04-06T16:00:14+00:00\",\"dateModified\":\"2026-04-06T16:00:16+00:00\",\"description\":\"Prot\u00e8ge-avant-bras en cuir d\u2019orignal faits \u00e0 la main par un artisan. Robustes et uniques, elle sont parfaites pour une utilisation pratique ou un style viking authentique.\",\"breadcrumb\":{\"@id\":\"https:\\\/\\\/villageviking.com\\\/product\\\/protege-avant-bras-en-cuir-dorignal-fabrication-artisanale-robuste\\\/#breadcrumb\"},\"inLanguage\":\"en-US\",\"potentialAction\":[{\"@type\":\"ReadAction\",\"target\":[\"https:\\\/\\\/villageviking.com\\\/product\\\/protege-avant-bras-en-cuir-dorignal-fabrication-artisanale-robuste\\\/\"]}]},{\"@type\":\"ImageObject\",\"inLanguage\":\"en-US\",\"@id\":\"https:\\\/\\\/villageviking.com\\\/product\\\/protege-avant-bras-en-cuir-dorignal-fabrication-artisanale-robuste\\\/#primaryimage\",\"url\":\"https:\\\/\\\/villageviking.com\\\/wp-content\\\/uploads\\\/2026\\\/04\\\/Gemini_Generated_Image_l1hpe9l1hpe9l1hp.png\",\"contentUrl\":\"https:\\\/\\\/villageviking.com\\\/wp-content\\\/uploads\\\/2026\\\/04\\\/Gemini_Generated_Image_l1hpe9l1hpe9l1hp.png\",\"width\":896,\"height\":883},{\"@type\":\"BreadcrumbList\",\"@id\":\"https:\\\/\\\/villageviking.com\\\/product\\\/protege-avant-bras-en-cuir-dorignal-fabrication-artisanale-robuste\\\/#breadcrumb\",\"itemListElement\":[{\"@type\":\"ListItem\",\"position\":1,\"name\":\"Accueil\",\"item\":\"https:\\\/\\\/villageviking.com\\\/\"},{\"@type\":\"ListItem\",\"position\":2,\"name\":\"Boutique\",\"item\":\"https:\\\/\\\/villageviking.com\\\/boutique\\\/\"},{\"@type\":\"ListItem\",\"position\":3,\"name\":\"Prot\u00e8ge-avant-bras en cuir d\u2019orignal \u2013 Fabrication artisanale robuste\"}]},{\"@type\":\"WebSite\",\"@id\":\"https:\\\/\\\/villageviking.com\\\/#website\",\"url\":\"https:\\\/\\\/villageviking.com\\\/\",\"name\":\"Village Viking H\u00f3p\",\"description\":\"\",\"publisher\":{\"@id\":\"https:\\\/\\\/villageviking.com\\\/#organization\"},\"potentialAction\":[{\"@type\":\"SearchAction\",\"target\":{\"@type\":\"EntryPoint\",\"urlTemplate\":\"https:\\\/\\\/villageviking.com\\\/?s={search_term_string}\"},\"query-input\":{\"@type\":\"PropertyValueSpecification\",\"valueRequired\":true,\"valueName\":\"search_term_string\"}}],\"inLanguage\":\"en-US\"},{\"@type\":\"Organization\",\"@id\":\"https:\\\/\\\/villageviking.com\\\/#organization\",\"name\":\"Village Viking H\u00f3p\",\"alternateName\":\"Village Viking\",\"url\":\"https:\\\/\\\/villageviking.com\\\/\",\"logo\":{\"@type\":\"ImageObject\",\"inLanguage\":\"en-US\",\"@id\":\"https:\\\/\\\/villageviking.com\\\/#\\\/schema\\\/logo\\\/image\\\/\",\"url\":\"https:\\\/\\\/villageviking.com\\\/wp-content\\\/uploads\\\/2023\\\/01\\\/cropped-Logotype_HOP_noir_.png\",\"contentUrl\":\"https:\\\/\\\/villageviking.com\\\/wp-content\\\/uploads\\\/2023\\\/01\\\/cropped-Logotype_HOP_noir_.png\",\"width\":2103,\"height\":1062,\"caption\":\"Village Viking H\u00f3p\"},\"image\":{\"@id\":\"https:\\\/\\\/villageviking.com\\\/#\\\/schema\\\/logo\\\/image\\\/\"},\"sameAs\":[\"https:\\\/\\\/www.facebook.com\\\/profile.php?id=100083109181728\",\"https:\\\/\\\/www.instagram.com\\\/hop_viking_village\\\/\",\"https:\\\/\\\/www.tiktok.com\\\/@villagevikinghop\"]}]}<\/script>\n<!-- \/ Yoast SEO plugin. -->","yoast_head_json":{"title":"Prot\u00e8ge-avant-bras en cuir d\u2019orignal \u2013 Fabrication artisanale robuste","description":"Prot\u00e8ge-avant-bras en cuir d\u2019orignal faits \u00e0 la main par un artisan. Robustes et uniques, elle sont parfaites pour une utilisation pratique ou un style viking authentique.","robots":{"index":"index","follow":"follow","max-snippet":"max-snippet:-1","max-image-preview":"max-image-preview:large","max-video-preview":"max-video-preview:-1"},"canonical":"https:\/\/villageviking.com\/en\/product\/protege-avant-bras-en-cuir-dorignal-fabrication-artisanale-robuste\/","og_locale":"en_US","og_type":"article","og_title":"[:fr]Prot\u00e8ge-avant-bras en cuir d\u2019orignal \u2013 Fabrication artisanale robuste[:] - Village Viking H\u00f3p","og_description":"[:fr]Prot\u00e8ge-avant-bras en cuir d\u2019orignal faits \u00e0 la main par un artisan. Robustes et uniques, elle sont parfaites pour une utilisation pratique ou un style viking authentique.[:]","og_url":"https:\/\/villageviking.com\/en\/product\/protege-avant-bras-en-cuir-dorignal-fabrication-artisanale-robuste\/","og_site_name":"Village Viking H\u00f3p","article_publisher":"https:\/\/www.facebook.com\/profile.php?id=100083109181728","article_modified_time":"2026-04-06T16:00:16+00:00","og_image":[{"url":"http:\/\/villageviking.com\/wp-content\/uploads\/2026\/04\/Gemini_Generated_Image_l1hpe9l1hpe9l1hp-300x296.png","type":"","width":"","height":""}],"twitter_card":"summary_large_image","twitter_misc":{"Est. reading time":"1 minute"},"schema":{"@context":"https:\/\/schema.org","@graph":[{"@type":"WebPage","@id":"https:\/\/villageviking.com\/product\/protege-avant-bras-en-cuir-dorignal-fabrication-artisanale-robuste\/","url":"https:\/\/villageviking.com\/product\/protege-avant-bras-en-cuir-dorignal-fabrication-artisanale-robuste\/","name":"Prot\u00e8ge-avant-bras en cuir d\u2019orignal \u2013 Fabrication artisanale robuste","isPartOf":{"@id":"https:\/\/villageviking.com\/#website"},"primaryImageOfPage":{"@id":"https:\/\/villageviking.com\/product\/protege-avant-bras-en-cuir-dorignal-fabrication-artisanale-robuste\/#primaryimage"},"image":{"@id":"https:\/\/villageviking.com\/product\/protege-avant-bras-en-cuir-dorignal-fabrication-artisanale-robuste\/#primaryimage"},"thumbnailUrl":"https:\/\/villageviking.com\/wp-content\/uploads\/2026\/04\/Gemini_Generated_Image_l1hpe9l1hpe9l1hp.png","datePublished":"2026-04-06T16:00:14+00:00","dateModified":"2026-04-06T16:00:16+00:00","description":"Prot\u00e8ge-avant-bras en cuir d\u2019orignal faits \u00e0 la main par un artisan. Robustes et uniques, elle sont parfaites pour une utilisation pratique ou un style viking authentique.","breadcrumb":{"@id":"https:\/\/villageviking.com\/product\/protege-avant-bras-en-cuir-dorignal-fabrication-artisanale-robuste\/#breadcrumb"},"inLanguage":"en-US","potentialAction":[{"@type":"ReadAction","target":["https:\/\/villageviking.com\/product\/protege-avant-bras-en-cuir-dorignal-fabrication-artisanale-robuste\/"]}]},{"@type":"ImageObject","inLanguage":"en-US","@id":"https:\/\/villageviking.com\/product\/protege-avant-bras-en-cuir-dorignal-fabrication-artisanale-robuste\/#primaryimage","url":"https:\/\/villageviking.com\/wp-content\/uploads\/2026\/04\/Gemini_Generated_Image_l1hpe9l1hpe9l1hp.png","contentUrl":"https:\/\/villageviking.com\/wp-content\/uploads\/2026\/04\/Gemini_Generated_Image_l1hpe9l1hpe9l1hp.png","width":896,"height":883},{"@type":"BreadcrumbList","@id":"https:\/\/villageviking.com\/product\/protege-avant-bras-en-cuir-dorignal-fabrication-artisanale-robuste\/#breadcrumb","itemListElement":[{"@type":"ListItem","position":1,"name":"Accueil","item":"https:\/\/villageviking.com\/"},{"@type":"ListItem","position":2,"name":"Boutique","item":"https:\/\/villageviking.com\/boutique\/"},{"@type":"ListItem","position":3,"name":"Prot\u00e8ge-avant-bras en cuir d\u2019orignal \u2013 Fabrication artisanale robuste"}]},{"@type":"WebSite","@id":"https:\/\/villageviking.com\/#website","url":"https:\/\/villageviking.com\/","name":"Village Viking H\u00f3p","description":"","publisher":{"@id":"https:\/\/villageviking.com\/#organization"},"potentialAction":[{"@type":"SearchAction","target":{"@type":"EntryPoint","urlTemplate":"https:\/\/villageviking.com\/?s={search_term_string}"},"query-input":{"@type":"PropertyValueSpecification","valueRequired":true,"valueName":"search_term_string"}}],"inLanguage":"en-US"},{"@type":"Organization","@id":"https:\/\/villageviking.com\/#organization","name":"Village Viking H\u00f3p","alternateName":"Village Viking","url":"https:\/\/villageviking.com\/","logo":{"@type":"ImageObject","inLanguage":"en-US","@id":"https:\/\/villageviking.com\/#\/schema\/logo\/image\/","url":"https:\/\/villageviking.com\/wp-content\/uploads\/2023\/01\/cropped-Logotype_HOP_noir_.png","contentUrl":"https:\/\/villageviking.com\/wp-content\/uploads\/2023\/01\/cropped-Logotype_HOP_noir_.png","width":2103,"height":1062,"caption":"Village Viking H\u00f3p"},"image":{"@id":"https:\/\/villageviking.com\/#\/schema\/logo\/image\/"},"sameAs":["https:\/\/www.facebook.com\/profile.php?id=100083109181728","https:\/\/www.instagram.com\/hop_viking_village\/","https:\/\/www.tiktok.com\/@villagevikinghop"]}]}},"jetpack_sharing_enabled":true,"_links":{"self":[{"href":"https:\/\/villageviking.com\/en\/wp-json\/wp\/v2\/product\/3505","targetHints":{"allow":["GET"]}}],"collection":[{"href":"https:\/\/villageviking.com\/en\/wp-json\/wp\/v2\/product"}],"about":[{"href":"https:\/\/villageviking.com\/en\/wp-json\/wp\/v2\/types\/product"}],"replies":[{"embeddable":true,"href":"https:\/\/villageviking.com\/en\/wp-json\/wp\/v2\/comments?post=3505"}],"wp:featuredmedia":[{"embeddable":true,"href":"https:\/\/villageviking.com\/en\/wp-json\/wp\/v2\/media\/3506"}],"wp:attachment":[{"href":"https:\/\/villageviking.com\/en\/wp-json\/wp\/v2\/media?parent=3505"}],"wp:term":[{"taxonomy":"product_brand","embeddable":true,"href":"https:\/\/villageviking.com\/en\/wp-json\/wp\/v2\/product_brand?post=3505"},{"taxonomy":"product_cat","embeddable":true,"href":"https:\/\/villageviking.com\/en\/wp-json\/wp\/v2\/product_cat?post=3505"},{"taxonomy":"product_tag","embeddable":true,"href":"https:\/\/villageviking.com\/en\/wp-json\/wp\/v2\/product_tag?post=3505"}],"curies":[{"name":"wp","href":"https:\/\/api.w.org\/{rel}","templated":true}]}}