{"id":610,"date":"2023-04-02T19:08:04","date_gmt":"2023-04-02T19:08:04","guid":{"rendered":"https:\/\/villageviking.com\/?post_type=product&#038;p=610"},"modified":"2026-04-06T02:50:44","modified_gmt":"2026-04-06T02:50:44","slug":"casquette-noire","status":"publish","type":"product","link":"https:\/\/villageviking.com\/en\/product\/casquette-noire\/","title":{"rendered":"Casquette officielle Village Viking H\u00f3p"},"content":{"rendered":"<p><img loading=\"lazy\" decoding=\"async\" class=\"alignnone size-medium wp-image-3485\" src=\"http:\/\/villageviking.com\/wp-content\/uploads\/2023\/04\/Gemini_Generated_Image_15wi6v15wi6v15wi-300x276.png\" alt=\"\" width=\"300\" height=\"276\" srcset=\"https:\/\/villageviking.com\/wp-content\/uploads\/2023\/04\/Gemini_Generated_Image_15wi6v15wi6v15wi-300x276.png 300w, https:\/\/villageviking.com\/wp-content\/uploads\/2023\/04\/Gemini_Generated_Image_15wi6v15wi6v15wi-600x553.png 600w, https:\/\/villageviking.com\/wp-content\/uploads\/2023\/04\/Gemini_Generated_Image_15wi6v15wi6v15wi-768x708.png 768w, https:\/\/villageviking.com\/wp-content\/uploads\/2023\/04\/Gemini_Generated_Image_15wi6v15wi6v15wi-100x92.png 100w, https:\/\/villageviking.com\/wp-content\/uploads\/2023\/04\/Gemini_Generated_Image_15wi6v15wi6v15wi.png 992w\" sizes=\"auto, (max-width: 300px) 100vw, 300px\" \/><\/p>\n","protected":false},"excerpt":{"rendered":"<p>Affiche ton appartenance avec cette casquette H\u00f3p au marquage runique distinctif. Inspir\u00e9e de la culture nordique, elle combine style moderne et symbolique ancienne pour un look affirm\u00e9 au quotidien. Taille unique.<\/p>\n","protected":false},"featured_media":3485,"comment_status":"open","ping_status":"closed","template":"","meta":{"_coblocks_attr":"","_coblocks_dimensions":"","_coblocks_responsive_height":"","_coblocks_accordion_ie_support":""},"product_brand":[],"product_cat":[48],"product_tag":[],"class_list":{"0":"post-610","1":"product","2":"type-product","3":"status-publish","4":"has-post-thumbnail","6":"product_cat-vetement-promotionnel","7":"product_shipping_class-std","9":"first","10":"instock","11":"taxable","12":"shipping-taxable","13":"purchasable","14":"product-type-simple"},"booking_location":null,"booking_location_type":null,"booking_duration":null,"booking_duration_unit":null,"booking_buffer":null,"booking_cost":null,"booking_resources":null,"exclude_global_add_ons":[],"addons":[],"yoast_head":"<!-- This site is optimized with the Yoast SEO plugin v27.5 - https:\/\/yoast.com\/product\/yoast-seo-wordpress\/ -->\n<title>Casquette officielle Village Viking H\u00f3p<\/title>\n<meta name=\"description\" content=\"Casquette Viking H\u00f3p avec inscription runique grav\u00e9e. Confortable, durable et parfaite pour un style nordique moderne et authentique.\" \/>\n<meta name=\"robots\" content=\"index, follow, max-snippet:-1, max-image-preview:large, max-video-preview:-1\" \/>\n<link rel=\"canonical\" href=\"https:\/\/villageviking.com\/en\/product\/casquette-noire\/\" \/>\n<meta property=\"og:locale\" content=\"en_US\" \/>\n<meta property=\"og:locale:alternate\" content=\"fr_FR\" \/>\n<meta property=\"og:type\" content=\"article\" \/>\n<meta property=\"og:title\" content=\"Casquette officielle Village Viking H\u00f3p\" \/>\n<meta property=\"og:description\" content=\"Casquette Viking H\u00f3p avec inscription runique grav\u00e9e. Confortable, durable et parfaite pour un style nordique moderne et authentique.\" \/>\n<meta property=\"og:url\" content=\"https:\/\/villageviking.com\/en\/product\/casquette-noire\/\" \/>\n<meta property=\"og:site_name\" content=\"Village Viking H\u00f3p\" \/>\n<meta property=\"article:publisher\" content=\"https:\/\/www.facebook.com\/profile.php?id=100083109181728\" \/>\n<meta property=\"article:modified_time\" content=\"2026-04-06T02:50:44+00:00\" \/>\n<meta property=\"og:image\" content=\"http:\/\/villageviking.com\/wp-content\/uploads\/2023\/04\/Gemini_Generated_Image_15wi6v15wi6v15wi-300x276.png\" \/>\n<meta name=\"twitter:card\" content=\"summary_large_image\" \/>\n<meta name=\"twitter:label1\" content=\"Est. reading time\" \/>\n\t<meta name=\"twitter:data1\" content=\"1 minute\" \/>\n<script type=\"application\/ld+json\" class=\"yoast-schema-graph\">{\"@context\":\"https:\\\/\\\/schema.org\",\"@graph\":[{\"@type\":\"WebPage\",\"@id\":\"https:\\\/\\\/villageviking.com\\\/product\\\/casquette-noire\\\/\",\"url\":\"https:\\\/\\\/villageviking.com\\\/product\\\/casquette-noire\\\/\",\"name\":\"Casquette officielle Village Viking H\u00f3p\",\"isPartOf\":{\"@id\":\"https:\\\/\\\/villageviking.com\\\/#website\"},\"primaryImageOfPage\":{\"@id\":\"https:\\\/\\\/villageviking.com\\\/product\\\/casquette-noire\\\/#primaryimage\"},\"image\":{\"@id\":\"https:\\\/\\\/villageviking.com\\\/product\\\/casquette-noire\\\/#primaryimage\"},\"thumbnailUrl\":\"https:\\\/\\\/villageviking.com\\\/wp-content\\\/uploads\\\/2023\\\/04\\\/Gemini_Generated_Image_15wi6v15wi6v15wi.png\",\"datePublished\":\"2023-04-02T19:08:04+00:00\",\"dateModified\":\"2026-04-06T02:50:44+00:00\",\"description\":\"Casquette Viking H\u00f3p avec inscription runique grav\u00e9e. Confortable, durable et parfaite pour un style nordique moderne et authentique.\",\"breadcrumb\":{\"@id\":\"https:\\\/\\\/villageviking.com\\\/product\\\/casquette-noire\\\/#breadcrumb\"},\"inLanguage\":\"en-US\",\"potentialAction\":[{\"@type\":\"ReadAction\",\"target\":[\"https:\\\/\\\/villageviking.com\\\/product\\\/casquette-noire\\\/\"]}]},{\"@type\":\"ImageObject\",\"inLanguage\":\"en-US\",\"@id\":\"https:\\\/\\\/villageviking.com\\\/product\\\/casquette-noire\\\/#primaryimage\",\"url\":\"https:\\\/\\\/villageviking.com\\\/wp-content\\\/uploads\\\/2023\\\/04\\\/Gemini_Generated_Image_15wi6v15wi6v15wi.png\",\"contentUrl\":\"https:\\\/\\\/villageviking.com\\\/wp-content\\\/uploads\\\/2023\\\/04\\\/Gemini_Generated_Image_15wi6v15wi6v15wi.png\",\"width\":992,\"height\":914},{\"@type\":\"BreadcrumbList\",\"@id\":\"https:\\\/\\\/villageviking.com\\\/product\\\/casquette-noire\\\/#breadcrumb\",\"itemListElement\":[{\"@type\":\"ListItem\",\"position\":1,\"name\":\"Accueil\",\"item\":\"https:\\\/\\\/villageviking.com\\\/\"},{\"@type\":\"ListItem\",\"position\":2,\"name\":\"Boutique\",\"item\":\"https:\\\/\\\/villageviking.com\\\/boutique\\\/\"},{\"@type\":\"ListItem\",\"position\":3,\"name\":\"Casquette officielle Village Viking H\u00f3p\"}]},{\"@type\":\"WebSite\",\"@id\":\"https:\\\/\\\/villageviking.com\\\/#website\",\"url\":\"https:\\\/\\\/villageviking.com\\\/\",\"name\":\"Village Viking H\u00f3p\",\"description\":\"\",\"publisher\":{\"@id\":\"https:\\\/\\\/villageviking.com\\\/#organization\"},\"potentialAction\":[{\"@type\":\"SearchAction\",\"target\":{\"@type\":\"EntryPoint\",\"urlTemplate\":\"https:\\\/\\\/villageviking.com\\\/?s={search_term_string}\"},\"query-input\":{\"@type\":\"PropertyValueSpecification\",\"valueRequired\":true,\"valueName\":\"search_term_string\"}}],\"inLanguage\":\"en-US\"},{\"@type\":\"Organization\",\"@id\":\"https:\\\/\\\/villageviking.com\\\/#organization\",\"name\":\"Village Viking H\u00f3p\",\"alternateName\":\"Village Viking\",\"url\":\"https:\\\/\\\/villageviking.com\\\/\",\"logo\":{\"@type\":\"ImageObject\",\"inLanguage\":\"en-US\",\"@id\":\"https:\\\/\\\/villageviking.com\\\/#\\\/schema\\\/logo\\\/image\\\/\",\"url\":\"https:\\\/\\\/villageviking.com\\\/wp-content\\\/uploads\\\/2023\\\/01\\\/cropped-Logotype_HOP_noir_.png\",\"contentUrl\":\"https:\\\/\\\/villageviking.com\\\/wp-content\\\/uploads\\\/2023\\\/01\\\/cropped-Logotype_HOP_noir_.png\",\"width\":2103,\"height\":1062,\"caption\":\"Village Viking H\u00f3p\"},\"image\":{\"@id\":\"https:\\\/\\\/villageviking.com\\\/#\\\/schema\\\/logo\\\/image\\\/\"},\"sameAs\":[\"https:\\\/\\\/www.facebook.com\\\/profile.php?id=100083109181728\",\"https:\\\/\\\/www.instagram.com\\\/hop_viking_village\\\/\",\"https:\\\/\\\/www.tiktok.com\\\/@villagevikinghop\"]}]}<\/script>\n<!-- \/ Yoast SEO plugin. -->","yoast_head_json":{"title":"Casquette officielle Village Viking H\u00f3p","description":"Casquette Viking H\u00f3p avec inscription runique grav\u00e9e. Confortable, durable et parfaite pour un style nordique moderne et authentique.","robots":{"index":"index","follow":"follow","max-snippet":"max-snippet:-1","max-image-preview":"max-image-preview:large","max-video-preview":"max-video-preview:-1"},"canonical":"https:\/\/villageviking.com\/en\/product\/casquette-noire\/","og_locale":"en_US","og_type":"article","og_title":"[:fr]Casquette officielle Village Viking H\u00f3p[:] - Village Viking H\u00f3p","og_description":"[:fr]Casquette Viking H\u00f3p avec inscription runique grav\u00e9e. Confortable, durable et parfaite pour un style nordique moderne et authentique.[:]","og_url":"https:\/\/villageviking.com\/en\/product\/casquette-noire\/","og_site_name":"Village Viking H\u00f3p","article_publisher":"https:\/\/www.facebook.com\/profile.php?id=100083109181728","article_modified_time":"2026-04-06T02:50:44+00:00","og_image":[{"url":"http:\/\/villageviking.com\/wp-content\/uploads\/2023\/04\/Gemini_Generated_Image_15wi6v15wi6v15wi-300x276.png","type":"","width":"","height":""}],"twitter_card":"summary_large_image","twitter_misc":{"Est. reading time":"1 minute"},"schema":{"@context":"https:\/\/schema.org","@graph":[{"@type":"WebPage","@id":"https:\/\/villageviking.com\/product\/casquette-noire\/","url":"https:\/\/villageviking.com\/product\/casquette-noire\/","name":"Casquette officielle Village Viking H\u00f3p","isPartOf":{"@id":"https:\/\/villageviking.com\/#website"},"primaryImageOfPage":{"@id":"https:\/\/villageviking.com\/product\/casquette-noire\/#primaryimage"},"image":{"@id":"https:\/\/villageviking.com\/product\/casquette-noire\/#primaryimage"},"thumbnailUrl":"https:\/\/villageviking.com\/wp-content\/uploads\/2023\/04\/Gemini_Generated_Image_15wi6v15wi6v15wi.png","datePublished":"2023-04-02T19:08:04+00:00","dateModified":"2026-04-06T02:50:44+00:00","description":"Casquette Viking H\u00f3p avec inscription runique grav\u00e9e. Confortable, durable et parfaite pour un style nordique moderne et authentique.","breadcrumb":{"@id":"https:\/\/villageviking.com\/product\/casquette-noire\/#breadcrumb"},"inLanguage":"en-US","potentialAction":[{"@type":"ReadAction","target":["https:\/\/villageviking.com\/product\/casquette-noire\/"]}]},{"@type":"ImageObject","inLanguage":"en-US","@id":"https:\/\/villageviking.com\/product\/casquette-noire\/#primaryimage","url":"https:\/\/villageviking.com\/wp-content\/uploads\/2023\/04\/Gemini_Generated_Image_15wi6v15wi6v15wi.png","contentUrl":"https:\/\/villageviking.com\/wp-content\/uploads\/2023\/04\/Gemini_Generated_Image_15wi6v15wi6v15wi.png","width":992,"height":914},{"@type":"BreadcrumbList","@id":"https:\/\/villageviking.com\/product\/casquette-noire\/#breadcrumb","itemListElement":[{"@type":"ListItem","position":1,"name":"Accueil","item":"https:\/\/villageviking.com\/"},{"@type":"ListItem","position":2,"name":"Boutique","item":"https:\/\/villageviking.com\/boutique\/"},{"@type":"ListItem","position":3,"name":"Casquette officielle Village Viking H\u00f3p"}]},{"@type":"WebSite","@id":"https:\/\/villageviking.com\/#website","url":"https:\/\/villageviking.com\/","name":"Village Viking H\u00f3p","description":"","publisher":{"@id":"https:\/\/villageviking.com\/#organization"},"potentialAction":[{"@type":"SearchAction","target":{"@type":"EntryPoint","urlTemplate":"https:\/\/villageviking.com\/?s={search_term_string}"},"query-input":{"@type":"PropertyValueSpecification","valueRequired":true,"valueName":"search_term_string"}}],"inLanguage":"en-US"},{"@type":"Organization","@id":"https:\/\/villageviking.com\/#organization","name":"Village Viking H\u00f3p","alternateName":"Village Viking","url":"https:\/\/villageviking.com\/","logo":{"@type":"ImageObject","inLanguage":"en-US","@id":"https:\/\/villageviking.com\/#\/schema\/logo\/image\/","url":"https:\/\/villageviking.com\/wp-content\/uploads\/2023\/01\/cropped-Logotype_HOP_noir_.png","contentUrl":"https:\/\/villageviking.com\/wp-content\/uploads\/2023\/01\/cropped-Logotype_HOP_noir_.png","width":2103,"height":1062,"caption":"Village Viking H\u00f3p"},"image":{"@id":"https:\/\/villageviking.com\/#\/schema\/logo\/image\/"},"sameAs":["https:\/\/www.facebook.com\/profile.php?id=100083109181728","https:\/\/www.instagram.com\/hop_viking_village\/","https:\/\/www.tiktok.com\/@villagevikinghop"]}]}},"jetpack_sharing_enabled":true,"_links":{"self":[{"href":"https:\/\/villageviking.com\/en\/wp-json\/wp\/v2\/product\/610","targetHints":{"allow":["GET"]}}],"collection":[{"href":"https:\/\/villageviking.com\/en\/wp-json\/wp\/v2\/product"}],"about":[{"href":"https:\/\/villageviking.com\/en\/wp-json\/wp\/v2\/types\/product"}],"replies":[{"embeddable":true,"href":"https:\/\/villageviking.com\/en\/wp-json\/wp\/v2\/comments?post=610"}],"wp:featuredmedia":[{"embeddable":true,"href":"https:\/\/villageviking.com\/en\/wp-json\/wp\/v2\/media\/3485"}],"wp:attachment":[{"href":"https:\/\/villageviking.com\/en\/wp-json\/wp\/v2\/media?parent=610"}],"wp:term":[{"taxonomy":"product_brand","embeddable":true,"href":"https:\/\/villageviking.com\/en\/wp-json\/wp\/v2\/product_brand?post=610"},{"taxonomy":"product_cat","embeddable":true,"href":"https:\/\/villageviking.com\/en\/wp-json\/wp\/v2\/product_cat?post=610"},{"taxonomy":"product_tag","embeddable":true,"href":"https:\/\/villageviking.com\/en\/wp-json\/wp\/v2\/product_tag?post=610"}],"curies":[{"name":"wp","href":"https:\/\/api.w.org\/{rel}","templated":true}]}}