{"id":77,"date":"2023-01-06T00:29:23","date_gmt":"2023-01-06T00:29:23","guid":{"rendered":"http:\/\/villageviking.com\/?post_type=product&#038;p=77"},"modified":"2026-02-27T19:35:31","modified_gmt":"2026-02-27T19:35:31","slug":"tente-double","status":"publish","type":"product","link":"https:\/\/villageviking.com\/en\/product\/tente-double\/","title":{"rendered":"Tente Viking double"},"content":{"rendered":"<p>Vous logerez dans l&#8217;une de nos tentes double incluant deux lits queen, une table, des bancs, les accessoires de cuisson et les ustensiles, un auvent priv\u00e9, un emplacement de feu individuel, un tr\u00e9pied est inclus.. Vous aurez acc\u00e8s \u00e0 l&#8217;eau potable, \u00e0 une cuisine commune, au auvent commun ainsi qu&#8217;\u00e0 l&#8217;emplacement de feu commun. Des toilettes seront disponibles \u00e0 moins de 2 minutes de marche. Cette tente peut accueillir de 4 \u00e0 6 personnes. C&#8217;est l&#8217;id\u00e9al pour deux familles qui souhaitent vivre l&#8217;exp\u00e9rience ensemble, votre cercle d&#8217;amis, votre groupe de loisir ou une grande famille.<\/p>\n<p>Ce que vous pouvez apporter:<\/p>\n<ul>\n<li>Literie (draps, sac de couchage, oreillers\u2026);<\/li>\n<li>Vos vivres pour votre s\u00e9jour;<\/li>\n<li>Accessoire pour nettoyer votre vaisselle (savon biod\u00e9gradable, linge \u00e0 vaisselle&#8230;) Une station de lavage sera disponible pour faciliter la t\u00e2che;<\/li>\n<li>Lampe de poche ou lanterne;<\/li>\n<li>Lit de camp ou matelas de sol pour les personnes ne dormant pas dans le lit;<\/li>\n<\/ul>\n<p>Aussi:<\/p>\n<ul>\n<li>Habituellement, votre LTE\/5G est accessible sur le site;<\/li>\n<li>Des chariots seront disponibles afin de transporter vos effets de votre voiture \u00e0 votre emplacement.<\/li>\n<\/ul>\n<p>*Images \u00e0 titre d&#8217;exemple, peut varier.<\/p>\n","protected":false},"excerpt":{"rendered":"<p>S\u00e9lectionnez votre date d&#8217;arriv\u00e9e ainsi que la date de votre derni\u00e8re nuit\u00e9e.<\/p>\n<p><em>Exemple: Vous voulez dormir les nuits des 3, 4, 5 et 6 juin. Votre d\u00e9part sera donc le 7 juin. Vous s\u00e9lectionnez donc du 3 au 6 juin sur le calendrier.<\/em><\/p>\n<p>Heure d&#8217;arriv\u00e9: de 16h30 \u00e0 22h00<br \/>\nHeure de d\u00e9part: 11h00<\/p>\n","protected":false},"featured_media":79,"comment_status":"open","ping_status":"closed","template":"","meta":{"_coblocks_attr":"","_coblocks_dimensions":"","_coblocks_responsive_height":"","_coblocks_accordion_ie_support":""},"product_brand":[],"product_cat":[23],"product_tag":[],"class_list":{"0":"post-77","1":"product","2":"type-product","3":"status-publish","4":"has-post-thumbnail","6":"product_cat-hebergement","8":"first","9":"instock","10":"virtual","11":"sold-individually","12":"taxable","13":"purchasable","14":"product-type-booking"},"booking_location":"","booking_location_type":"","booking_duration":1,"booking_duration_unit":"day","booking_buffer":0,"booking_cost":0,"booking_resources":[],"exclude_global_add_ons":[],"addons":[],"yoast_head":"<!-- This site is optimized with the Yoast SEO plugin v27.5 - https:\/\/yoast.com\/product\/yoast-seo-wordpress\/ -->\n<title>Tente Viking double - Village Viking H\u00f3p<\/title>\n<meta name=\"robots\" content=\"index, follow, max-snippet:-1, max-image-preview:large, max-video-preview:-1\" \/>\n<link rel=\"canonical\" href=\"https:\/\/villageviking.com\/en\/product\/tente-double\/\" \/>\n<meta property=\"og:locale\" content=\"en_US\" \/>\n<meta property=\"og:locale:alternate\" content=\"fr_FR\" \/>\n<meta property=\"og:type\" content=\"article\" \/>\n<meta property=\"og:title\" content=\"Tente Viking double - Village Viking H\u00f3p\" \/>\n<meta property=\"og:description\" content=\"S\u00e9lectionnez votre date d&#039;arriv\u00e9e ainsi que la date de votre derni\u00e8re nuit\u00e9e.  Exemple: Vous voulez dormir les nuits des 3, 4, 5 et 6 juin. Votre d\u00e9part sera donc le 7 juin. Vous s\u00e9lectionnez donc du 3 au 6 juin sur le calendrier.  Heure d&#039;arriv\u00e9: de 16h30 \u00e0 22h00 Heure de d\u00e9part: 11h00\" \/>\n<meta property=\"og:url\" content=\"https:\/\/villageviking.com\/en\/product\/tente-double\/\" \/>\n<meta property=\"og:site_name\" content=\"Village Viking H\u00f3p\" \/>\n<meta property=\"article:publisher\" content=\"https:\/\/www.facebook.com\/profile.php?id=100083109181728\" \/>\n<meta property=\"article:modified_time\" content=\"2026-02-27T19:35:31+00:00\" \/>\n<meta property=\"og:image\" content=\"http:\/\/villageviking.com\/wp-content\/uploads\/2023\/01\/Diaporama4-scaled.jpg\" \/>\n\t<meta property=\"og:image:width\" content=\"2560\" \/>\n\t<meta property=\"og:image:height\" content=\"1928\" \/>\n\t<meta property=\"og:image:type\" content=\"image\/jpeg\" \/>\n<meta name=\"twitter:card\" content=\"summary_large_image\" \/>\n<meta name=\"twitter:label1\" content=\"Est. reading time\" \/>\n\t<meta name=\"twitter:data1\" content=\"2 minutes\" \/>\n<script type=\"application\/ld+json\" class=\"yoast-schema-graph\">{\"@context\":\"https:\\\/\\\/schema.org\",\"@graph\":[{\"@type\":\"WebPage\",\"@id\":\"https:\\\/\\\/villageviking.com\\\/product\\\/tente-double\\\/\",\"url\":\"https:\\\/\\\/villageviking.com\\\/product\\\/tente-double\\\/\",\"name\":\"Tente Viking double - Village Viking H\u00f3p\",\"isPartOf\":{\"@id\":\"https:\\\/\\\/villageviking.com\\\/#website\"},\"primaryImageOfPage\":{\"@id\":\"https:\\\/\\\/villageviking.com\\\/product\\\/tente-double\\\/#primaryimage\"},\"image\":{\"@id\":\"https:\\\/\\\/villageviking.com\\\/product\\\/tente-double\\\/#primaryimage\"},\"thumbnailUrl\":\"https:\\\/\\\/villageviking.com\\\/wp-content\\\/uploads\\\/2023\\\/01\\\/Diaporama4-scaled.jpg\",\"datePublished\":\"2023-01-06T00:29:23+00:00\",\"dateModified\":\"2026-02-27T19:35:31+00:00\",\"breadcrumb\":{\"@id\":\"https:\\\/\\\/villageviking.com\\\/product\\\/tente-double\\\/#breadcrumb\"},\"inLanguage\":\"en-US\",\"potentialAction\":[{\"@type\":\"ReadAction\",\"target\":[\"https:\\\/\\\/villageviking.com\\\/product\\\/tente-double\\\/\"]}]},{\"@type\":\"ImageObject\",\"inLanguage\":\"en-US\",\"@id\":\"https:\\\/\\\/villageviking.com\\\/product\\\/tente-double\\\/#primaryimage\",\"url\":\"https:\\\/\\\/villageviking.com\\\/wp-content\\\/uploads\\\/2023\\\/01\\\/Diaporama4-scaled.jpg\",\"contentUrl\":\"https:\\\/\\\/villageviking.com\\\/wp-content\\\/uploads\\\/2023\\\/01\\\/Diaporama4-scaled.jpg\",\"width\":2560,\"height\":1928},{\"@type\":\"BreadcrumbList\",\"@id\":\"https:\\\/\\\/villageviking.com\\\/product\\\/tente-double\\\/#breadcrumb\",\"itemListElement\":[{\"@type\":\"ListItem\",\"position\":1,\"name\":\"Accueil\",\"item\":\"https:\\\/\\\/villageviking.com\\\/\"},{\"@type\":\"ListItem\",\"position\":2,\"name\":\"Boutique\",\"item\":\"https:\\\/\\\/villageviking.com\\\/boutique\\\/\"},{\"@type\":\"ListItem\",\"position\":3,\"name\":\"Tente Viking double\"}]},{\"@type\":\"WebSite\",\"@id\":\"https:\\\/\\\/villageviking.com\\\/#website\",\"url\":\"https:\\\/\\\/villageviking.com\\\/\",\"name\":\"Village Viking H\u00f3p\",\"description\":\"\",\"publisher\":{\"@id\":\"https:\\\/\\\/villageviking.com\\\/#organization\"},\"potentialAction\":[{\"@type\":\"SearchAction\",\"target\":{\"@type\":\"EntryPoint\",\"urlTemplate\":\"https:\\\/\\\/villageviking.com\\\/?s={search_term_string}\"},\"query-input\":{\"@type\":\"PropertyValueSpecification\",\"valueRequired\":true,\"valueName\":\"search_term_string\"}}],\"inLanguage\":\"en-US\"},{\"@type\":\"Organization\",\"@id\":\"https:\\\/\\\/villageviking.com\\\/#organization\",\"name\":\"Village Viking H\u00f3p\",\"alternateName\":\"Village Viking\",\"url\":\"https:\\\/\\\/villageviking.com\\\/\",\"logo\":{\"@type\":\"ImageObject\",\"inLanguage\":\"en-US\",\"@id\":\"https:\\\/\\\/villageviking.com\\\/#\\\/schema\\\/logo\\\/image\\\/\",\"url\":\"https:\\\/\\\/villageviking.com\\\/wp-content\\\/uploads\\\/2023\\\/01\\\/cropped-Logotype_HOP_noir_.png\",\"contentUrl\":\"https:\\\/\\\/villageviking.com\\\/wp-content\\\/uploads\\\/2023\\\/01\\\/cropped-Logotype_HOP_noir_.png\",\"width\":2103,\"height\":1062,\"caption\":\"Village Viking H\u00f3p\"},\"image\":{\"@id\":\"https:\\\/\\\/villageviking.com\\\/#\\\/schema\\\/logo\\\/image\\\/\"},\"sameAs\":[\"https:\\\/\\\/www.facebook.com\\\/profile.php?id=100083109181728\",\"https:\\\/\\\/www.instagram.com\\\/hop_viking_village\\\/\",\"https:\\\/\\\/www.tiktok.com\\\/@villagevikinghop\"]}]}<\/script>\n<!-- \/ Yoast SEO plugin. -->","yoast_head_json":{"title":"Tente Viking double - Village Viking H\u00f3p","robots":{"index":"index","follow":"follow","max-snippet":"max-snippet:-1","max-image-preview":"max-image-preview:large","max-video-preview":"max-video-preview:-1"},"canonical":"https:\/\/villageviking.com\/en\/product\/tente-double\/","og_locale":"en_US","og_type":"article","og_title":"Tente Viking double - Village Viking H\u00f3p","og_description":"S\u00e9lectionnez votre date d'arriv\u00e9e ainsi que la date de votre derni\u00e8re nuit\u00e9e.  Exemple: Vous voulez dormir les nuits des 3, 4, 5 et 6 juin. Votre d\u00e9part sera donc le 7 juin. Vous s\u00e9lectionnez donc du 3 au 6 juin sur le calendrier.  Heure d'arriv\u00e9: de 16h30 \u00e0 22h00 Heure de d\u00e9part: 11h00","og_url":"https:\/\/villageviking.com\/en\/product\/tente-double\/","og_site_name":"Village Viking H\u00f3p","article_publisher":"https:\/\/www.facebook.com\/profile.php?id=100083109181728","article_modified_time":"2026-02-27T19:35:31+00:00","og_image":[{"width":2560,"height":1928,"url":"http:\/\/villageviking.com\/wp-content\/uploads\/2023\/01\/Diaporama4-scaled.jpg","type":"image\/jpeg"}],"twitter_card":"summary_large_image","twitter_misc":{"Est. reading time":"2 minutes"},"schema":{"@context":"https:\/\/schema.org","@graph":[{"@type":"WebPage","@id":"https:\/\/villageviking.com\/product\/tente-double\/","url":"https:\/\/villageviking.com\/product\/tente-double\/","name":"Tente Viking double - Village Viking H\u00f3p","isPartOf":{"@id":"https:\/\/villageviking.com\/#website"},"primaryImageOfPage":{"@id":"https:\/\/villageviking.com\/product\/tente-double\/#primaryimage"},"image":{"@id":"https:\/\/villageviking.com\/product\/tente-double\/#primaryimage"},"thumbnailUrl":"https:\/\/villageviking.com\/wp-content\/uploads\/2023\/01\/Diaporama4-scaled.jpg","datePublished":"2023-01-06T00:29:23+00:00","dateModified":"2026-02-27T19:35:31+00:00","breadcrumb":{"@id":"https:\/\/villageviking.com\/product\/tente-double\/#breadcrumb"},"inLanguage":"en-US","potentialAction":[{"@type":"ReadAction","target":["https:\/\/villageviking.com\/product\/tente-double\/"]}]},{"@type":"ImageObject","inLanguage":"en-US","@id":"https:\/\/villageviking.com\/product\/tente-double\/#primaryimage","url":"https:\/\/villageviking.com\/wp-content\/uploads\/2023\/01\/Diaporama4-scaled.jpg","contentUrl":"https:\/\/villageviking.com\/wp-content\/uploads\/2023\/01\/Diaporama4-scaled.jpg","width":2560,"height":1928},{"@type":"BreadcrumbList","@id":"https:\/\/villageviking.com\/product\/tente-double\/#breadcrumb","itemListElement":[{"@type":"ListItem","position":1,"name":"Accueil","item":"https:\/\/villageviking.com\/"},{"@type":"ListItem","position":2,"name":"Boutique","item":"https:\/\/villageviking.com\/boutique\/"},{"@type":"ListItem","position":3,"name":"Tente Viking double"}]},{"@type":"WebSite","@id":"https:\/\/villageviking.com\/#website","url":"https:\/\/villageviking.com\/","name":"Village Viking H\u00f3p","description":"","publisher":{"@id":"https:\/\/villageviking.com\/#organization"},"potentialAction":[{"@type":"SearchAction","target":{"@type":"EntryPoint","urlTemplate":"https:\/\/villageviking.com\/?s={search_term_string}"},"query-input":{"@type":"PropertyValueSpecification","valueRequired":true,"valueName":"search_term_string"}}],"inLanguage":"en-US"},{"@type":"Organization","@id":"https:\/\/villageviking.com\/#organization","name":"Village Viking H\u00f3p","alternateName":"Village Viking","url":"https:\/\/villageviking.com\/","logo":{"@type":"ImageObject","inLanguage":"en-US","@id":"https:\/\/villageviking.com\/#\/schema\/logo\/image\/","url":"https:\/\/villageviking.com\/wp-content\/uploads\/2023\/01\/cropped-Logotype_HOP_noir_.png","contentUrl":"https:\/\/villageviking.com\/wp-content\/uploads\/2023\/01\/cropped-Logotype_HOP_noir_.png","width":2103,"height":1062,"caption":"Village Viking H\u00f3p"},"image":{"@id":"https:\/\/villageviking.com\/#\/schema\/logo\/image\/"},"sameAs":["https:\/\/www.facebook.com\/profile.php?id=100083109181728","https:\/\/www.instagram.com\/hop_viking_village\/","https:\/\/www.tiktok.com\/@villagevikinghop"]}]}},"jetpack_sharing_enabled":true,"_links":{"self":[{"href":"https:\/\/villageviking.com\/en\/wp-json\/wp\/v2\/product\/77","targetHints":{"allow":["GET"]}}],"collection":[{"href":"https:\/\/villageviking.com\/en\/wp-json\/wp\/v2\/product"}],"about":[{"href":"https:\/\/villageviking.com\/en\/wp-json\/wp\/v2\/types\/product"}],"replies":[{"embeddable":true,"href":"https:\/\/villageviking.com\/en\/wp-json\/wp\/v2\/comments?post=77"}],"wp:featuredmedia":[{"embeddable":true,"href":"https:\/\/villageviking.com\/en\/wp-json\/wp\/v2\/media\/79"}],"wp:attachment":[{"href":"https:\/\/villageviking.com\/en\/wp-json\/wp\/v2\/media?parent=77"}],"wp:term":[{"taxonomy":"product_brand","embeddable":true,"href":"https:\/\/villageviking.com\/en\/wp-json\/wp\/v2\/product_brand?post=77"},{"taxonomy":"product_cat","embeddable":true,"href":"https:\/\/villageviking.com\/en\/wp-json\/wp\/v2\/product_cat?post=77"},{"taxonomy":"product_tag","embeddable":true,"href":"https:\/\/villageviking.com\/en\/wp-json\/wp\/v2\/product_tag?post=77"}],"curies":[{"name":"wp","href":"https:\/\/api.w.org\/{rel}","templated":true}]}}